
{"id":1000,"date":"2018-08-23T14:02:44","date_gmt":"2018-08-23T14:02:44","guid":{"rendered":"http:\/\/globalnavy.net\/yacht\/"},"modified":"2018-10-25T10:39:25","modified_gmt":"2018-10-25T10:39:25","slug":"yacht","status":"publish","type":"page","link":"https:\/\/globalnavy.net\/fr\/yacht\/","title":{"rendered":"Yacht"},"content":{"rendered":"<div class=\"justifiedtext\">\n<p><img loading=\"lazy\" src=\"https:\/\/globalnavy.net\/wp-content\/uploads\/2018\/09\/yacht_scaled_v2.jpg\" alt=\"\" width=\"725\" height=\"150\" class=\"alignnone size-full wp-image-2006\" srcset=\"https:\/\/globalnavy.net\/wp-content\/uploads\/2018\/09\/yacht_scaled_v2.jpg 725w, https:\/\/globalnavy.net\/wp-content\/uploads\/2018\/09\/yacht_scaled_v2-300x62.jpg 300w\" sizes=\"(max-width: 725px) 100vw, 725px\" \/><\/p>\n<p>Notre objectif est de garder votre yacht dans d&rsquo;excellentes conditions, tant \u00e0 l&rsquo;ext\u00e9rieur qu&rsquo;\u00e0 l&rsquo;int\u00e9rieur, tout au long de la vie du yacht, depuis sa construction et pendant de nombreuses ann\u00e9es de plaisir.<\/p>\n<p>Globalnavy offre un large \u00e9ventail de produits pour les bateaux de plaisance et les yachts. Notre objectif est de vous offrir la meilleure solution pour un entretien facile et efficace de votre bateau qui durera comme neuf tout au long de la saison. Nos peintures ont les normes les plus \u00e9lev\u00e9es et utilisent une solution \u00e0 faible teneur en solvant pour r\u00e9duire l&rsquo;impact sur l&rsquo;environnement.<\/p>\n<h2>En savoir plus<\/h2>\n<div class=\"subsegment_list\">\n<ul>\n<li><a href=\"http:\/\/globalnavy.net\/fr\/sous-la-ligne-de-flottaison\/\">Sous la Ligne de Flottaison<\/a><\/li>\n<li><a href=\"http:\/\/globalnavy.net\/fr\/au-dessus-de-la-ligne-de-flottaison\/\">Au-dessus de la Ligne de Flottaison<\/a><\/li>\n<\/ul>\n<\/div>\n<h2>T\u00e9l\u00e9charger<\/h2>\n<p><a class=\"brochure_link\" href=\"https:\/\/globalnavy.net\/wp-content\/uploads\/2018\/10\/Yacht1_PROTECTIVE-COATINGS_PT_UK_FR_VN.pdf\" target=\"_blank\">Protective Coatings<\/a><a class=\"brochure_link\" href=\"https:\/\/globalnavy.net\/wp-content\/uploads\/2018\/10\/Yatch2_Produtos-Embarca\u00e7\u00f5es_PT_UK_FR_VN.pdf\" target=\"_blank\">Produtos Embarca\u00e7\u00f5es<\/a><\/p>\n<\/div>\n","protected":false},"excerpt":{"rendered":"<p>Notre objectif est de garder votre yacht dans d&rsquo;excellentes conditions, tant \u00e0 l&rsquo;ext\u00e9rieur qu&rsquo;\u00e0 l&rsquo;int\u00e9rieur, tout au long de la vie du yacht, depuis sa construction et pendant de nombreuses ann\u00e9es de plaisir. Globalnavy offre un large \u00e9ventail de produits pour les bateaux de plaisance et les yachts. Notre objectif est de vous offrir la &#8230; <a title=\"Yacht\" class=\"read-more\" href=\"https:\/\/globalnavy.net\/fr\/yacht\/\" aria-label=\"En savoir plus sur Yacht\">Lire la suite<\/a><\/p>\n","protected":false},"author":1,"featured_media":0,"parent":0,"menu_order":0,"comment_status":"closed","ping_status":"closed","template":"","meta":{"_mi_skip_tracking":false,"_exactmetrics_sitenote_active":false,"_exactmetrics_sitenote_note":"","_exactmetrics_sitenote_category":0},"_links":{"self":[{"href":"https:\/\/globalnavy.net\/fr\/wp-json\/wp\/v2\/pages\/1000"}],"collection":[{"href":"https:\/\/globalnavy.net\/fr\/wp-json\/wp\/v2\/pages"}],"about":[{"href":"https:\/\/globalnavy.net\/fr\/wp-json\/wp\/v2\/types\/page"}],"author":[{"embeddable":true,"href":"https:\/\/globalnavy.net\/fr\/wp-json\/wp\/v2\/users\/1"}],"replies":[{"embeddable":true,"href":"https:\/\/globalnavy.net\/fr\/wp-json\/wp\/v2\/comments?post=1000"}],"version-history":[{"count":4,"href":"https:\/\/globalnavy.net\/fr\/wp-json\/wp\/v2\/pages\/1000\/revisions"}],"predecessor-version":[{"id":2562,"href":"https:\/\/globalnavy.net\/fr\/wp-json\/wp\/v2\/pages\/1000\/revisions\/2562"}],"wp:attachment":[{"href":"https:\/\/globalnavy.net\/fr\/wp-json\/wp\/v2\/media?parent=1000"}],"curies":[{"name":"wp","href":"https:\/\/api.w.org\/{rel}","templated":true}]}}