
{"id":1006,"date":"2018-08-23T14:13:00","date_gmt":"2018-08-23T14:13:00","guid":{"rendered":"http:\/\/globalnavy.net\/revetement-de-protection\/"},"modified":"2021-11-09T15:25:03","modified_gmt":"2021-11-09T15:25:03","slug":"revetement-de-protection","status":"publish","type":"page","link":"https:\/\/globalnavy.net\/fr\/revetement-de-protection\/","title":{"rendered":"Rev\u00eatement de Protection"},"content":{"rendered":"\t\t<div data-elementor-type=\"wp-page\" data-elementor-id=\"1006\" class=\"elementor elementor-1006 elementor-365\">\n\t\t\t\t\t\t<div class=\"elementor-inner\">\n\t\t\t\t<div class=\"elementor-section-wrap\">\n\t\t\t\t\t\t\t\t\t<section class=\"elementor-section elementor-top-section elementor-element elementor-element-3bcfb2e4 elementor-section-boxed elementor-section-height-default elementor-section-height-default\" data-id=\"3bcfb2e4\" data-element_type=\"section\">\n\t\t\t\t\t\t<div class=\"elementor-container elementor-column-gap-default\">\n\t\t\t\t\t\t\t<div class=\"elementor-row\">\n\t\t\t\t\t<div class=\"elementor-column elementor-col-100 elementor-top-column elementor-element elementor-element-4e428368\" data-id=\"4e428368\" data-element_type=\"column\">\n\t\t\t<div class=\"elementor-column-wrap elementor-element-populated\">\n\t\t\t\t\t\t\t<div class=\"elementor-widget-wrap\">\n\t\t\t\t\t\t<div class=\"elementor-element elementor-element-1b25e32a elementor-widget elementor-widget-text-editor\" data-id=\"1b25e32a\" data-element_type=\"widget\" data-widget_type=\"text-editor.default\">\n\t\t\t\t<div class=\"elementor-widget-container\">\n\t\t\t\t\t\t\t\t<div class=\"elementor-text-editor elementor-clearfix\">\n\t\t\t\t<div class=\"justifiedtext\">\n\n<img loading=\"lazy\" src=\"http:\/\/globalnavy.net\/wp-content\/uploads\/2018\/08\/protective_scaled.jpg\" alt=\"\" width=\"725\" height=\"150\" class=\"alignnone size-full wp-image-542\" srcset=\"https:\/\/globalnavy.net\/wp-content\/uploads\/2018\/08\/protective_scaled.jpg 725w, https:\/\/globalnavy.net\/wp-content\/uploads\/2018\/08\/protective_scaled-300x62.jpg 300w\" sizes=\"(max-width: 725px) 100vw, 725px\" \/>\n\n<p>Les rev\u00eatements de protection offrent une r\u00e9sistance aux risques fr\u00e9quents et aux dommages m\u00e9caniques qui r\u00e9sultent de l&rsquo;utilisation et exposent aux environnements les plus difficiles.<\/p>\n\n<p>Globalnavy d\u00e9veloppe et fabrique une large gamme de produits de rev\u00eatement protecteur. Dans tous les cas, la fonction principale est de permettre \u00e0 vos marchandises de rester dans un excellent \u00e9tat au fil du temps, offrant une protection \u00e9lev\u00e9e contre les agents chimiques, l&rsquo;abrasion et les rayons UV.<\/p>\n\n<p>Notre service technique de rev\u00eatements de protection industrielle cibl\u00e9 et engag\u00e9, est pr\u00eat \u00e0 g\u00e9rer les exigences de rev\u00eatement de tout projet industriel.<\/p>\n\n<h2>En savoir plus<\/h2>\n\n<div class=\"subsegment_list\">\n<ul>\n<li><a href=\"http:\/\/globalnavy.net\/fr\/industrie-chimique-des-pates-et-papiers\/\">Industrie Chimique, des P\u00e2tes et Papiers<\/a><\/li>\n<li><a href=\"http:\/\/globalnavy.net\/fr\/conteneurs\/\">Conteneurs<\/a><\/li>\n<li><a href=\"http:\/\/globalnavy.net\/fr\/infrastructures\/\">Infrastructures<\/a><\/li>\n<li><a href=\"http:\/\/globalnavy.net\/fr\/mines-et-mineraux\/\">Mines et Min\u00e9raux<\/a><\/li>\n<li><a href=\"http:\/\/globalnavy.net\/fr\/petrole-et-gaz\/\">P\u00e9trole et Gaz<\/a><\/li>\n<li><a href=\"http:\/\/globalnavy.net\/fr\/production-denergie\/\">Production d\u2019\u00e9nergie<\/a><\/li>\n<li><a href=\"http:\/\/globalnavy.net\/fr\/application-sous-marine\/\">Application Sous-marine<\/a><\/li>\n<\/ul>\n<\/div>\n\n<h2>T\u00e9l\u00e9charger<\/h2>\n\n<a class=\"brochure_link\" href=\"http:\/\/globalnavy.net\/wp-content\/uploads\/2018\/10\/Protective1_Brochura_PROTECTIVE_COATINGS_UK_FR_VN.pdf\" target=\"_blank\">Protective Coatings<\/a><a class=\"brochure_link\" href=\"http:\/\/globalnavy.net\/wp-content\/uploads\/2018\/10\/Protective2_PROTECTIVE_COATINGS_PT_UK_FR_VN.pdf\" target=\"_blank\">Protective Coatings 2<\/a><a class=\"brochure_link\" href=\"http:\/\/globalnavy.net\/wp-content\/uploads\/2018\/10\/Protective3_Painting_Scheme_UK_FR_VN.pdf\" target=\"_blank\">Painting Scheme<\/a><a class=\"brochure_link\" href=\"http:\/\/globalnavy.net\/wp-content\/uploads\/2018\/10\/Protective4_CUI_1_2016_GLOBALNAVY_PT_UK_FR_VN.pdf\" target=\"_blank\">C.U.I.<\/a><a class=\"brochure_link\" href=\"http:\/\/globalnavy.net\/wp-\ncontent\/uploads\/2021\/11\/Monofolha-101EP_12-v15.pdf\" target=\"_blank\">Fiche GN101EP<\/a>\n<\/div>\t\t\t\t\t<\/div>\n\t\t\t\t\t\t<\/div>\n\t\t\t\t<\/div>\n\t\t\t\t\t\t<\/div>\n\t\t\t\t\t<\/div>\n\t\t<\/div>\n\t\t\t\t\t\t\t\t<\/div>\n\t\t\t\t\t<\/div>\n\t\t<\/section>\n\t\t\t\t\t\t\t\t\t<\/div>\n\t\t\t<\/div>\n\t\t\t\t\t<\/div>\n\t\t","protected":false},"excerpt":{"rendered":"<p>Les rev\u00eatements de protection offrent une r\u00e9sistance aux risques fr\u00e9quents et aux dommages m\u00e9caniques qui r\u00e9sultent de l&rsquo;utilisation et exposent aux environnements les plus difficiles. Globalnavy d\u00e9veloppe et fabrique une large gamme de produits de rev\u00eatement protecteur. Dans tous les cas, la fonction principale est de permettre \u00e0 vos marchandises de rester dans un excellent &#8230; <a title=\"Rev\u00eatement de Protection\" class=\"read-more\" href=\"https:\/\/globalnavy.net\/fr\/revetement-de-protection\/\" aria-label=\"En savoir plus sur Rev\u00eatement de Protection\">Lire la suite<\/a><\/p>\n","protected":false},"author":1,"featured_media":0,"parent":0,"menu_order":0,"comment_status":"closed","ping_status":"closed","template":"","meta":{"_mi_skip_tracking":false,"_exactmetrics_sitenote_active":false,"_exactmetrics_sitenote_note":"","_exactmetrics_sitenote_category":0},"_links":{"self":[{"href":"https:\/\/globalnavy.net\/fr\/wp-json\/wp\/v2\/pages\/1006"}],"collection":[{"href":"https:\/\/globalnavy.net\/fr\/wp-json\/wp\/v2\/pages"}],"about":[{"href":"https:\/\/globalnavy.net\/fr\/wp-json\/wp\/v2\/types\/page"}],"author":[{"embeddable":true,"href":"https:\/\/globalnavy.net\/fr\/wp-json\/wp\/v2\/users\/1"}],"replies":[{"embeddable":true,"href":"https:\/\/globalnavy.net\/fr\/wp-json\/wp\/v2\/comments?post=1006"}],"version-history":[{"count":8,"href":"https:\/\/globalnavy.net\/fr\/wp-json\/wp\/v2\/pages\/1006\/revisions"}],"predecessor-version":[{"id":4325,"href":"https:\/\/globalnavy.net\/fr\/wp-json\/wp\/v2\/pages\/1006\/revisions\/4325"}],"wp:attachment":[{"href":"https:\/\/globalnavy.net\/fr\/wp-json\/wp\/v2\/media?parent=1006"}],"curies":[{"name":"wp","href":"https:\/\/api.w.org\/{rel}","templated":true}]}}