
{"id":1012,"date":"2018-08-23T14:36:02","date_gmt":"2018-08-23T14:36:02","guid":{"rendered":"http:\/\/globalnavy.net\/infrastructures\/"},"modified":"2018-10-31T19:34:27","modified_gmt":"2018-10-31T19:34:27","slug":"infrastructures","status":"publish","type":"page","link":"https:\/\/globalnavy.net\/fr\/infrastructures\/","title":{"rendered":"Infrastructures"},"content":{"rendered":"\t\t<div data-elementor-type=\"wp-post\" data-elementor-id=\"1012\" class=\"elementor elementor-1012 elementor-377 elementor-bc-flex-widget\">\n\t\t\t\t\t\t<div class=\"elementor-inner\">\n\t\t\t\t<div class=\"elementor-section-wrap\">\n\t\t\t\t\t\t\t\t\t<section class=\"elementor-section elementor-top-section elementor-element elementor-element-69f90fa elementor-section-boxed elementor-section-height-default elementor-section-height-default\" data-id=\"69f90fa\" data-element_type=\"section\">\n\t\t\t\t\t\t<div class=\"elementor-container elementor-column-gap-default\">\n\t\t\t\t\t\t\t<div class=\"elementor-row\">\n\t\t\t\t\t<div class=\"elementor-column elementor-col-100 elementor-top-column elementor-element elementor-element-d845991\" data-id=\"d845991\" data-element_type=\"column\">\n\t\t\t<div class=\"elementor-column-wrap elementor-element-populated\">\n\t\t\t\t\t\t\t<div class=\"elementor-widget-wrap\">\n\t\t\t\t\t\t<div class=\"elementor-element elementor-element-b8fb818 elementor-widget elementor-widget-image\" data-id=\"b8fb818\" data-element_type=\"widget\" data-widget_type=\"image.default\">\n\t\t\t\t<div class=\"elementor-widget-container\">\n\t\t\t\t\t\t\t\t<div class=\"elementor-image\">\n\t\t\t\t\t\t\t\t\t\t\t\t<img width=\"725\" height=\"150\" src=\"https:\/\/globalnavy.net\/wp-content\/uploads\/2018\/08\/infrastructures_scaled.jpg\" class=\"attachment-full size-full wp-image-553\" alt=\"\" loading=\"lazy\" srcset=\"https:\/\/globalnavy.net\/wp-content\/uploads\/2018\/08\/infrastructures_scaled.jpg 725w, https:\/\/globalnavy.net\/wp-content\/uploads\/2018\/08\/infrastructures_scaled-300x62.jpg 300w\" sizes=\"(max-width: 725px) 100vw, 725px\" \/>\t\t\t\t\t\t\t\t\t\t\t\t\t\t<\/div>\n\t\t\t\t\t\t<\/div>\n\t\t\t\t<\/div>\n\t\t\t\t\t\t<\/div>\n\t\t\t\t\t<\/div>\n\t\t<\/div>\n\t\t\t\t\t\t\t\t<\/div>\n\t\t\t\t\t<\/div>\n\t\t<\/section>\n\t\t\t\t<section class=\"elementor-section elementor-top-section elementor-element elementor-element-773a155 elementor-section-boxed elementor-section-height-default elementor-section-height-default\" data-id=\"773a155\" data-element_type=\"section\">\n\t\t\t\t\t\t<div class=\"elementor-container elementor-column-gap-default\">\n\t\t\t\t\t\t\t<div class=\"elementor-row\">\n\t\t\t\t\t<div class=\"elementor-column elementor-col-100 elementor-top-column elementor-element elementor-element-28f3292\" data-id=\"28f3292\" data-element_type=\"column\">\n\t\t\t<div class=\"elementor-column-wrap elementor-element-populated\">\n\t\t\t\t\t\t\t<div class=\"elementor-widget-wrap\">\n\t\t\t\t\t\t<div class=\"elementor-element elementor-element-9d2669b elementor-widget elementor-widget-text-editor\" data-id=\"9d2669b\" data-element_type=\"widget\" data-widget_type=\"text-editor.default\">\n\t\t\t\t<div class=\"elementor-widget-container\">\n\t\t\t\t\t\t\t\t<div class=\"elementor-text-editor elementor-clearfix\">\n\t\t\t\t<div class=\"justifiedtext\">\n<p>Les infrastructures en b\u00e9ton et en acier sont soumises \u00e0 diff\u00e9rents environnements de corrosion et n\u00e9cessitent par cons\u00e9quent des syst\u00e8mes de protection anticorrosifs de haute performance, tout en s&rsquo;effor\u00e7ant d&rsquo;offrir le meilleur rapport qualit\u00e9 \/ prix.<\/p>\n<p>Globalnavy d\u00e9veloppe et fabrique un large spectre de protection gr\u00e2ce \u00e0 des rev\u00eatements de haute performance pour le march\u00e9 des infrastructures en acier et en b\u00e9ton.<\/p>\n<\/div>\n\t\t\t\t\t<\/div>\n\t\t\t\t\t\t<\/div>\n\t\t\t\t<\/div>\n\t\t\t\t\t\t<\/div>\n\t\t\t\t\t<\/div>\n\t\t<\/div>\n\t\t\t\t\t\t\t\t<\/div>\n\t\t\t\t\t<\/div>\n\t\t<\/section>\n\t\t\t\t<section class=\"elementor-section elementor-top-section elementor-element elementor-element-867893d elementor-section-boxed elementor-section-height-default elementor-section-height-default\" data-id=\"867893d\" data-element_type=\"section\">\n\t\t\t\t\t\t<div class=\"elementor-container elementor-column-gap-default\">\n\t\t\t\t\t\t\t<div class=\"elementor-row\">\n\t\t\t\t\t<div class=\"elementor-column elementor-col-100 elementor-top-column elementor-element elementor-element-f209082\" data-id=\"f209082\" data-element_type=\"column\">\n\t\t\t<div class=\"elementor-column-wrap elementor-element-populated\">\n\t\t\t\t\t\t\t<div class=\"elementor-widget-wrap\">\n\t\t\t\t\t\t<section class=\"elementor-section elementor-inner-section elementor-element elementor-element-e56846d elementor-section-boxed elementor-section-height-default elementor-section-height-default\" data-id=\"e56846d\" data-element_type=\"section\">\n\t\t\t\t\t\t<div class=\"elementor-container elementor-column-gap-default\">\n\t\t\t\t\t\t\t<div class=\"elementor-row\">\n\t\t\t\t\t<div class=\"elementor-column elementor-col-50 elementor-inner-column elementor-element elementor-element-4e89b60\" data-id=\"4e89b60\" data-element_type=\"column\">\n\t\t\t<div class=\"elementor-column-wrap elementor-element-populated\">\n\t\t\t\t\t\t\t<div class=\"elementor-widget-wrap\">\n\t\t\t\t\t\t<div class=\"elementor-element elementor-element-429eb6b elementor-widget elementor-widget-html\" data-id=\"429eb6b\" data-element_type=\"widget\" data-widget_type=\"html.default\">\n\t\t\t\t<div class=\"elementor-widget-container\">\n\t\t\t<h3><strong>Acier<\/strong><\/h3>\n<ul style=\"margin-left:20px; list-style-type:square;\">\n<li>Decks<\/li>\n<li>Sol<\/li>\n<li>Chemin\u00e9es industrielles<\/li>\n<li>Pipes<\/li>\n<li>Acier de construction<\/li>\n<li>R\u00e9servoirs de stockage<\/li>\n<li>Doublure de r\u00e9servoir<\/li>\n<li>Entre autres<\/li>\n<\/ul>\n\t\t<\/div>\n\t\t\t\t<\/div>\n\t\t\t\t\t\t<\/div>\n\t\t\t\t\t<\/div>\n\t\t<\/div>\n\t\t\t\t<div class=\"elementor-column elementor-col-50 elementor-inner-column elementor-element elementor-element-ed90b7a\" data-id=\"ed90b7a\" data-element_type=\"column\">\n\t\t\t<div class=\"elementor-column-wrap elementor-element-populated\">\n\t\t\t\t\t\t\t<div class=\"elementor-widget-wrap\">\n\t\t\t\t\t\t<div class=\"elementor-element elementor-element-0a41722 elementor-widget elementor-widget-html\" data-id=\"0a41722\" data-element_type=\"widget\" data-widget_type=\"html.default\">\n\t\t\t\t<div class=\"elementor-widget-container\">\n\t\t\t<h3><strong>B\u00e9ton<\/strong><\/h3>\n<ul style=\"margin-left:20px; list-style-type:square;\">\n<li>Decks<\/li>\n<li>Planchers<\/li>\n<li>Chemin\u00e9es industrielles<\/li>\n<li>Pipes<\/li>\n<li>B\u00e9ton structurel<\/li>\n<li>R\u00e9servoirs de stockage<\/li>\n<li>Doublure de r\u00e9servoir<\/li>\n<li>Traitement des eaux us\u00e9es\n<li>\n<li>Entre autres<\/li>\n<\/ul>\n\t\t<\/div>\n\t\t\t\t<\/div>\n\t\t\t\t\t\t<\/div>\n\t\t\t\t\t<\/div>\n\t\t<\/div>\n\t\t\t\t\t\t\t\t<\/div>\n\t\t\t\t\t<\/div>\n\t\t<\/section>\n\t\t\t\t\t\t<\/div>\n\t\t\t\t\t<\/div>\n\t\t<\/div>\n\t\t\t\t\t\t\t\t<\/div>\n\t\t\t\t\t<\/div>\n\t\t<\/section>\n\t\t\t\t<section class=\"elementor-section elementor-top-section elementor-element elementor-element-0af756e elementor-section-boxed elementor-section-height-default elementor-section-height-default\" data-id=\"0af756e\" data-element_type=\"section\">\n\t\t\t\t\t\t<div class=\"elementor-container elementor-column-gap-default\">\n\t\t\t\t\t\t\t<div class=\"elementor-row\">\n\t\t\t\t\t<div class=\"elementor-column elementor-col-100 elementor-top-column elementor-element elementor-element-ab7401b\" data-id=\"ab7401b\" data-element_type=\"column\">\n\t\t\t<div class=\"elementor-column-wrap elementor-element-populated\">\n\t\t\t\t\t\t\t<div class=\"elementor-widget-wrap\">\n\t\t\t\t\t\t<div class=\"elementor-element elementor-element-84645ba elementor-position-left elementor-view-default elementor-mobile-position-top elementor-vertical-align-top elementor-widget elementor-widget-icon-box\" data-id=\"84645ba\" data-element_type=\"widget\" data-widget_type=\"icon-box.default\">\n\t\t\t\t<div class=\"elementor-widget-container\">\n\t\t\t\t\t<div class=\"elementor-icon-box-wrapper\">\n\t\t\t\t\t\t<div class=\"elementor-icon-box-icon\">\n\t\t\t\t<span class=\"elementor-icon elementor-animation-\" >\n\t\t\t\t<i class=\"fa fa-check-circle\" aria-hidden=\"true\"><\/i>\t\t\t\t<\/span>\n\t\t\t<\/div>\n\t\t\t\t\t\t<div class=\"elementor-icon-box-content\">\n\t\t\t\t<h2 class=\"elementor-icon-box-title\">\n\t\t\t\t\t<span  >\n\t\t\t\t\t\tPourquoi choisir un rev\u00eatement Globalnavy?\t\t\t\t\t<\/span>\n\t\t\t\t<\/h2>\n\t\t\t\t\t\t\t\t\t<p class=\"elementor-icon-box-description\">\n\t\t\t\t\t\t<p>GlobalNavy offre une large gamme de rev\u00eatements haute performance, GlobalDur GN101, qui offrent une excellente protection contre la corrosion: nos rev\u00eatements sont con\u00e7us pour \u00eatre tol\u00e9rants, convertisseurs, inhibiteurs et sans solvant, minimisant ainsi les co\u00fbts de maintenance; et des finitions haute performance, GlobalThane GN206, qui conserve le bon aspect esth\u00e9tique de l'infrastructure au fil du temps.<\/p>\n\t\t\t\t\t<\/p>\n\t\t\t\t\t\t\t<\/div>\n\t\t<\/div>\n\t\t\t\t<\/div>\n\t\t\t\t<\/div>\n\t\t\t\t\t\t<\/div>\n\t\t\t\t\t<\/div>\n\t\t<\/div>\n\t\t\t\t\t\t\t\t<\/div>\n\t\t\t\t\t<\/div>\n\t\t<\/section>\n\t\t\t\t<section class=\"elementor-section elementor-top-section elementor-element elementor-element-d2f2cfc elementor-section-boxed elementor-section-height-default elementor-section-height-default\" data-id=\"d2f2cfc\" data-element_type=\"section\">\n\t\t\t\t\t\t<div class=\"elementor-container elementor-column-gap-default\">\n\t\t\t\t\t\t\t<div class=\"elementor-row\">\n\t\t\t\t\t<div class=\"elementor-column elementor-col-100 elementor-top-column elementor-element elementor-element-5d5506a\" data-id=\"5d5506a\" data-element_type=\"column\">\n\t\t\t<div class=\"elementor-column-wrap elementor-element-populated\">\n\t\t\t\t\t\t\t<div class=\"elementor-widget-wrap\">\n\t\t\t\t\t\t<div class=\"elementor-element elementor-element-2ade47a elementor-position-left elementor-view-default elementor-mobile-position-top elementor-vertical-align-top elementor-widget elementor-widget-icon-box\" data-id=\"2ade47a\" data-element_type=\"widget\" data-widget_type=\"icon-box.default\">\n\t\t\t\t<div class=\"elementor-widget-container\">\n\t\t\t\t\t<div class=\"elementor-icon-box-wrapper\">\n\t\t\t\t\t\t<div class=\"elementor-icon-box-icon\">\n\t\t\t\t<span class=\"elementor-icon elementor-animation-\" >\n\t\t\t\t<i class=\"fa fa-thumbs-up\" aria-hidden=\"true\"><\/i>\t\t\t\t<\/span>\n\t\t\t<\/div>\n\t\t\t\t\t\t<div class=\"elementor-icon-box-content\">\n\t\t\t\t<h2 class=\"elementor-icon-box-title\">\n\t\t\t\t\t<span  >\n\t\t\t\t\t\tSyst\u00e8mes Recommand\u00e9s\t\t\t\t\t<\/span>\n\t\t\t\t<\/h2>\n\t\t\t\t\t\t\t\t\t<p class=\"elementor-icon-box-description\">\n\t\t\t\t\t\t<p>GlobalDur HASTIE_EXT (<a href=\"http:\/\/globalnavy.net\/fr\/gn101lcep\/\">GN101LC<\/a> + <a href=\"http:\/\/globalnavy.net\/fr\/gn206pf\/\">GN206PF<\/a>)<\/p>\n<p>GlobalDur HASTIE_INT (<a href=\"http:\/\/globalnavy.net\/fr\/gn101lcep\/\">GN101LCEP<\/a>)<\/p>\n\t\t\t\t\t<\/p>\n\t\t\t\t\t\t\t<\/div>\n\t\t<\/div>\n\t\t\t\t<\/div>\n\t\t\t\t<\/div>\n\t\t\t\t\t\t<\/div>\n\t\t\t\t\t<\/div>\n\t\t<\/div>\n\t\t\t\t\t\t\t\t<\/div>\n\t\t\t\t\t<\/div>\n\t\t<\/section>\n\t\t\t\t<section class=\"elementor-section elementor-top-section elementor-element elementor-element-4fd08e8 elementor-section-boxed elementor-section-height-default elementor-section-height-default\" data-id=\"4fd08e8\" data-element_type=\"section\">\n\t\t\t\t\t\t<div class=\"elementor-container elementor-column-gap-default\">\n\t\t\t\t\t\t\t<div class=\"elementor-row\">\n\t\t\t\t\t<div class=\"elementor-column elementor-col-100 elementor-top-column elementor-element elementor-element-e278ff8\" data-id=\"e278ff8\" data-element_type=\"column\">\n\t\t\t<div class=\"elementor-column-wrap elementor-element-populated\">\n\t\t\t\t\t\t\t<div class=\"elementor-widget-wrap\">\n\t\t\t\t\t\t<div class=\"elementor-element elementor-element-666798e elementor-position-left elementor-view-default elementor-mobile-position-top elementor-vertical-align-top elementor-widget elementor-widget-icon-box\" data-id=\"666798e\" data-element_type=\"widget\" data-widget_type=\"icon-box.default\">\n\t\t\t\t<div class=\"elementor-widget-container\">\n\t\t\t\t\t<div class=\"elementor-icon-box-wrapper\">\n\t\t\t\t\t\t<div class=\"elementor-icon-box-icon\">\n\t\t\t\t<a class=\"elementor-icon elementor-animation-\" href=\"\/?page_id=83\">\n\t\t\t\t<i class=\"fa fa-phone\" aria-hidden=\"true\"><\/i>\t\t\t\t<\/a>\n\t\t\t<\/div>\n\t\t\t\t\t\t<div class=\"elementor-icon-box-content\">\n\t\t\t\t<h2 class=\"elementor-icon-box-title\">\n\t\t\t\t\t<a href=\"\/?page_id=83\" >\n\t\t\t\t\t\tContactez-nous\t\t\t\t\t<\/a>\n\t\t\t\t<\/h2>\n\t\t\t\t\t\t\t\t\t<p class=\"elementor-icon-box-description\">\n\t\t\t\t\t\t<p>Comment choisir le bon syst\u00e8me de rev\u00eatement anti-corrosif pour votre cas.<\/p>\n\t\t\t\t\t<\/p>\n\t\t\t\t\t\t\t<\/div>\n\t\t<\/div>\n\t\t\t\t<\/div>\n\t\t\t\t<\/div>\n\t\t\t\t\t\t<\/div>\n\t\t\t\t\t<\/div>\n\t\t<\/div>\n\t\t\t\t\t\t\t\t<\/div>\n\t\t\t\t\t<\/div>\n\t\t<\/section>\n\t\t\t\t\t\t\t\t\t<\/div>\n\t\t\t<\/div>\n\t\t\t\t\t<\/div>\n\t\t","protected":false},"excerpt":{"rendered":"<p>Les infrastructures en b\u00e9ton et en acier sont soumises \u00e0 diff\u00e9rents environnements de corrosion et n\u00e9cessitent par cons\u00e9quent des syst\u00e8mes de protection anticorrosifs de haute performance, tout en s&rsquo;effor\u00e7ant d&rsquo;offrir le meilleur rapport qualit\u00e9 \/ prix. Globalnavy d\u00e9veloppe et fabrique un large spectre de protection gr\u00e2ce \u00e0 des rev\u00eatements de haute performance pour le march\u00e9 &#8230; <a title=\"Infrastructures\" class=\"read-more\" href=\"https:\/\/globalnavy.net\/fr\/infrastructures\/\" aria-label=\"En savoir plus sur Infrastructures\">Lire la suite<\/a><\/p>\n","protected":false},"author":1,"featured_media":0,"parent":0,"menu_order":0,"comment_status":"closed","ping_status":"closed","template":"","meta":{"_mi_skip_tracking":false,"_exactmetrics_sitenote_active":false,"_exactmetrics_sitenote_note":"","_exactmetrics_sitenote_category":0},"_links":{"self":[{"href":"https:\/\/globalnavy.net\/fr\/wp-json\/wp\/v2\/pages\/1012"}],"collection":[{"href":"https:\/\/globalnavy.net\/fr\/wp-json\/wp\/v2\/pages"}],"about":[{"href":"https:\/\/globalnavy.net\/fr\/wp-json\/wp\/v2\/types\/page"}],"author":[{"embeddable":true,"href":"https:\/\/globalnavy.net\/fr\/wp-json\/wp\/v2\/users\/1"}],"replies":[{"embeddable":true,"href":"https:\/\/globalnavy.net\/fr\/wp-json\/wp\/v2\/comments?post=1012"}],"version-history":[{"count":5,"href":"https:\/\/globalnavy.net\/fr\/wp-json\/wp\/v2\/pages\/1012\/revisions"}],"predecessor-version":[{"id":2885,"href":"https:\/\/globalnavy.net\/fr\/wp-json\/wp\/v2\/pages\/1012\/revisions\/2885"}],"wp:attachment":[{"href":"https:\/\/globalnavy.net\/fr\/wp-json\/wp\/v2\/media?parent=1012"}],"curies":[{"name":"wp","href":"https:\/\/api.w.org\/{rel}","templated":true}]}}