
{"id":1015,"date":"2018-08-23T15:14:28","date_gmt":"2018-08-23T15:14:28","guid":{"rendered":"http:\/\/globalnavy.net\/mines-et-mineraux\/"},"modified":"2018-11-01T00:19:59","modified_gmt":"2018-11-01T00:19:59","slug":"mines-et-mineraux","status":"publish","type":"page","link":"https:\/\/globalnavy.net\/fr\/mines-et-mineraux\/","title":{"rendered":"Mines et Min\u00e9raux"},"content":{"rendered":"\t\t<div data-elementor-type=\"wp-post\" data-elementor-id=\"1015\" class=\"elementor elementor-1015 elementor-381 elementor-bc-flex-widget\">\n\t\t\t\t\t\t<div class=\"elementor-inner\">\n\t\t\t\t<div class=\"elementor-section-wrap\">\n\t\t\t\t\t\t\t\t\t<section class=\"elementor-section elementor-top-section elementor-element elementor-element-3f34530 elementor-section-boxed elementor-section-height-default elementor-section-height-default\" data-id=\"3f34530\" data-element_type=\"section\">\n\t\t\t\t\t\t<div class=\"elementor-container elementor-column-gap-default\">\n\t\t\t\t\t\t\t<div class=\"elementor-row\">\n\t\t\t\t\t<div class=\"elementor-column elementor-col-100 elementor-top-column elementor-element elementor-element-ba5c998\" data-id=\"ba5c998\" data-element_type=\"column\">\n\t\t\t<div class=\"elementor-column-wrap elementor-element-populated\">\n\t\t\t\t\t\t\t<div class=\"elementor-widget-wrap\">\n\t\t\t\t\t\t<div class=\"elementor-element elementor-element-06455ad elementor-widget elementor-widget-image\" data-id=\"06455ad\" data-element_type=\"widget\" data-widget_type=\"image.default\">\n\t\t\t\t<div class=\"elementor-widget-container\">\n\t\t\t\t\t\t\t\t<div class=\"elementor-image\">\n\t\t\t\t\t\t\t\t\t\t\t\t<img width=\"725\" height=\"150\" src=\"https:\/\/globalnavy.net\/wp-content\/uploads\/2018\/09\/mining_and_minerals_scaled_v2.jpg\" class=\"attachment-full size-full wp-image-2015\" alt=\"\" loading=\"lazy\" srcset=\"https:\/\/globalnavy.net\/wp-content\/uploads\/2018\/09\/mining_and_minerals_scaled_v2.jpg 725w, https:\/\/globalnavy.net\/wp-content\/uploads\/2018\/09\/mining_and_minerals_scaled_v2-300x62.jpg 300w\" sizes=\"(max-width: 725px) 100vw, 725px\" \/>\t\t\t\t\t\t\t\t\t\t\t\t\t\t<\/div>\n\t\t\t\t\t\t<\/div>\n\t\t\t\t<\/div>\n\t\t\t\t\t\t<\/div>\n\t\t\t\t\t<\/div>\n\t\t<\/div>\n\t\t\t\t\t\t\t\t<\/div>\n\t\t\t\t\t<\/div>\n\t\t<\/section>\n\t\t\t\t<section class=\"elementor-section elementor-top-section elementor-element elementor-element-773a155 elementor-section-boxed elementor-section-height-default elementor-section-height-default\" data-id=\"773a155\" data-element_type=\"section\">\n\t\t\t\t\t\t<div class=\"elementor-container elementor-column-gap-default\">\n\t\t\t\t\t\t\t<div class=\"elementor-row\">\n\t\t\t\t\t<div class=\"elementor-column elementor-col-100 elementor-top-column elementor-element elementor-element-28f3292\" data-id=\"28f3292\" data-element_type=\"column\">\n\t\t\t<div class=\"elementor-column-wrap elementor-element-populated\">\n\t\t\t\t\t\t\t<div class=\"elementor-widget-wrap\">\n\t\t\t\t\t\t<div class=\"elementor-element elementor-element-9d2669b elementor-widget elementor-widget-text-editor\" data-id=\"9d2669b\" data-element_type=\"widget\" data-widget_type=\"text-editor.default\">\n\t\t\t\t<div class=\"elementor-widget-container\">\n\t\t\t\t\t\t\t\t<div class=\"elementor-text-editor elementor-clearfix\">\n\t\t\t\t<div class=\"justifiedtext\">\n\nGlobalnavy d\u00e9veloppe et fabrique un large \u00e9ventail de rev\u00eatements pour l&rsquo;industrie mini\u00e8re, offrant une protection efficace contre des facteurs tels que la r\u00e9sistance chimique, l&rsquo;abrasion et l&rsquo;impact, ce qui entra\u00eene une r\u00e9duction significative des co\u00fbts d&rsquo;exploitation.\n\nL&rsquo;activit\u00e9 mini\u00e8re couvre l&rsquo;extraction, le traitement du pr\u00e9-traitement, le transport et le raffinage du minerai, avec des \u00e9quipements dans des activit\u00e9s telles que:\n<ul>\n \t<li>Primary Processing<\/li>\n \t<li>Foundry<\/li>\n \t<li>Transport and ship loading<\/li>\n \t<li>Machinery<\/li>\n<\/ul>\n\n<h2>T\u00e9l\u00e9charger<\/h2>\n\n<a class=\"brochure_link\" href=\"http:\/\/globalnavy.net\/wp-content\/uploads\/2018\/10\/Mining1_Extracao_Mineira_PT_UK_FR_VN.pdf\" target=\"_blank\">Mining<\/a>\n\n<\/div>\t\t\t\t\t<\/div>\n\t\t\t\t\t\t<\/div>\n\t\t\t\t<\/div>\n\t\t\t\t\t\t<\/div>\n\t\t\t\t\t<\/div>\n\t\t<\/div>\n\t\t\t\t\t\t\t\t<\/div>\n\t\t\t\t\t<\/div>\n\t\t<\/section>\n\t\t\t\t<section class=\"elementor-section elementor-top-section elementor-element elementor-element-0af756e elementor-section-boxed elementor-section-height-default elementor-section-height-default\" data-id=\"0af756e\" data-element_type=\"section\">\n\t\t\t\t\t\t<div class=\"elementor-container elementor-column-gap-default\">\n\t\t\t\t\t\t\t<div class=\"elementor-row\">\n\t\t\t\t\t<div class=\"elementor-column elementor-col-100 elementor-top-column elementor-element elementor-element-ab7401b\" data-id=\"ab7401b\" data-element_type=\"column\">\n\t\t\t<div class=\"elementor-column-wrap elementor-element-populated\">\n\t\t\t\t\t\t\t<div class=\"elementor-widget-wrap\">\n\t\t\t\t\t\t<div class=\"elementor-element elementor-element-84645ba elementor-position-left elementor-view-default elementor-mobile-position-top elementor-vertical-align-top elementor-widget elementor-widget-icon-box\" data-id=\"84645ba\" data-element_type=\"widget\" data-widget_type=\"icon-box.default\">\n\t\t\t\t<div class=\"elementor-widget-container\">\n\t\t\t\t\t<div class=\"elementor-icon-box-wrapper\">\n\t\t\t\t\t\t<div class=\"elementor-icon-box-icon\">\n\t\t\t\t<span class=\"elementor-icon elementor-animation-\" >\n\t\t\t\t<i class=\"fa fa-check-circle\" aria-hidden=\"true\"><\/i>\t\t\t\t<\/span>\n\t\t\t<\/div>\n\t\t\t\t\t\t<div class=\"elementor-icon-box-content\">\n\t\t\t\t<h2 class=\"elementor-icon-box-title\">\n\t\t\t\t\t<span  >\n\t\t\t\t\t\tPourquoi choisir un rev\u00eatement Globalnavy?\t\t\t\t\t<\/span>\n\t\t\t\t<\/h2>\n\t\t\t\t\t\t\t\t\t<p class=\"elementor-icon-box-description\">\n\t\t\t\t\t\t<p>Les rev\u00eatements doivent conserver une protection \u00e9lev\u00e9e au fil du temps. Pour ce faire, Globalnavy d\u00e9veloppe et fabrique une large gamme de rev\u00eatements qui permet la conception de syst\u00e8mes appropri\u00e9s pour une large gamme de situations, ainsi que des solutions personnalis\u00e9es.<\/p>\n<p>Globalnavy offre une vaste gamme de rev\u00eatements haute performance, GlobalDur GN101, pour la protection chimique et anticorrosion qui comprennent:<\/p>\n<p>&rArr; Excellente r\u00e9sistance \u00e0 la corrosion: nos rev\u00eatements ont \u00e9t\u00e9 d\u00e9velopp\u00e9s pour \u00eatre tol\u00e9rants, convertisseurs, inhibiteurs et sans solvant afin de maximiser la protection contre la corrosion, en minimisant les co\u00fbts de maintenance;<\/p>\n<p>&rArr; Facile \u00e0 appliquer: notre gamme d'primaires permet un durcissement rapide et une application dans les conditions environnementales les plus diverses (basses et hautes temp\u00e9ratures, humidit\u00e9 extr\u00eame \/ sous le point de ros\u00e9e) et dans les traitements de surface les plus vari\u00e9s (traitement m\u00e9canique, d\u00e9capage \/ jet d'eau ou jet humide);<\/p>\n<p>&rArr; R\u00e9duction de l'impact environnemental: Nous fabriquons une gamme d'appr\u00eats, GlobalDur GN101, avec une technologie \u00e9cologique (sans solvants, traitement de surface par jet d'eau ou jet humide) en r\u00e9duisant drastiquement l'impact environnemental.<\/p>\n<p>Rev\u00eatements \u00e0 haute r\u00e9sistance chimique, tels que <a href=\"http:\/\/globalnavy.net\/fr\/gn133en\/\">GlobalDur GN133EN<\/a> ou notre gamme Epoxy Vinyl ester <a href=\"http:\/\/globalnavy.net\/fr\/gn600ev\/\">GN600EV<\/a>.<\/p>\n\t\t\t\t\t<\/p>\n\t\t\t\t\t\t\t<\/div>\n\t\t<\/div>\n\t\t\t\t<\/div>\n\t\t\t\t<\/div>\n\t\t\t\t\t\t<\/div>\n\t\t\t\t\t<\/div>\n\t\t<\/div>\n\t\t\t\t\t\t\t\t<\/div>\n\t\t\t\t\t<\/div>\n\t\t<\/section>\n\t\t\t\t<section class=\"elementor-section elementor-top-section elementor-element elementor-element-d2f2cfc elementor-section-boxed elementor-section-height-default elementor-section-height-default\" data-id=\"d2f2cfc\" data-element_type=\"section\">\n\t\t\t\t\t\t<div class=\"elementor-container elementor-column-gap-default\">\n\t\t\t\t\t\t\t<div class=\"elementor-row\">\n\t\t\t\t\t<div class=\"elementor-column elementor-col-100 elementor-top-column elementor-element elementor-element-5d5506a\" data-id=\"5d5506a\" data-element_type=\"column\">\n\t\t\t<div class=\"elementor-column-wrap elementor-element-populated\">\n\t\t\t\t\t\t\t<div class=\"elementor-widget-wrap\">\n\t\t\t\t\t\t<div class=\"elementor-element elementor-element-2ade47a elementor-position-left elementor-view-default elementor-mobile-position-top elementor-vertical-align-top elementor-widget elementor-widget-icon-box\" data-id=\"2ade47a\" data-element_type=\"widget\" data-widget_type=\"icon-box.default\">\n\t\t\t\t<div class=\"elementor-widget-container\">\n\t\t\t\t\t<div class=\"elementor-icon-box-wrapper\">\n\t\t\t\t\t\t<div class=\"elementor-icon-box-icon\">\n\t\t\t\t<span class=\"elementor-icon elementor-animation-\" >\n\t\t\t\t<i class=\"fa fa-thumbs-up\" aria-hidden=\"true\"><\/i>\t\t\t\t<\/span>\n\t\t\t<\/div>\n\t\t\t\t\t\t<div class=\"elementor-icon-box-content\">\n\t\t\t\t<h2 class=\"elementor-icon-box-title\">\n\t\t\t\t\t<span  >\n\t\t\t\t\t\tSyst\u00e8mes Recommand\u00e9s\t\t\t\t\t<\/span>\n\t\t\t\t<\/h2>\n\t\t\t\t\t\t\t\t\t<p class=\"elementor-icon-box-description\">\n\t\t\t\t\t\t<p>GlobalDur HASTIE_EXT (<a href=\"http:\/\/globalnavy.net\/fr\/gn101lcep\/\">GN101LC<\/a> + <a href=\"http:\/\/globalnavy.net\/fr\/gn206pf\/\">GN206PF<\/a>)\n<\/p>\n<p>GlobalDur HASTIE_INT (<a href=\"http:\/\/globalnavy.net\/fr\/gn101lcep\/\">GN101LCEP<\/a>)<\/p>\n\t\t\t\t\t<\/p>\n\t\t\t\t\t\t\t<\/div>\n\t\t<\/div>\n\t\t\t\t<\/div>\n\t\t\t\t<\/div>\n\t\t\t\t\t\t<\/div>\n\t\t\t\t\t<\/div>\n\t\t<\/div>\n\t\t\t\t\t\t\t\t<\/div>\n\t\t\t\t\t<\/div>\n\t\t<\/section>\n\t\t\t\t<section class=\"elementor-section elementor-top-section elementor-element elementor-element-4fd08e8 elementor-section-boxed elementor-section-height-default elementor-section-height-default\" data-id=\"4fd08e8\" data-element_type=\"section\">\n\t\t\t\t\t\t<div class=\"elementor-container elementor-column-gap-default\">\n\t\t\t\t\t\t\t<div class=\"elementor-row\">\n\t\t\t\t\t<div class=\"elementor-column elementor-col-100 elementor-top-column elementor-element elementor-element-e278ff8\" data-id=\"e278ff8\" data-element_type=\"column\">\n\t\t\t<div class=\"elementor-column-wrap elementor-element-populated\">\n\t\t\t\t\t\t\t<div class=\"elementor-widget-wrap\">\n\t\t\t\t\t\t<div class=\"elementor-element elementor-element-666798e elementor-position-left elementor-view-default elementor-mobile-position-top elementor-vertical-align-top elementor-widget elementor-widget-icon-box\" data-id=\"666798e\" data-element_type=\"widget\" data-widget_type=\"icon-box.default\">\n\t\t\t\t<div class=\"elementor-widget-container\">\n\t\t\t\t\t<div class=\"elementor-icon-box-wrapper\">\n\t\t\t\t\t\t<div class=\"elementor-icon-box-icon\">\n\t\t\t\t<a class=\"elementor-icon elementor-animation-\" href=\"\/?page_id=83\">\n\t\t\t\t<i class=\"fa fa-phone\" aria-hidden=\"true\"><\/i>\t\t\t\t<\/a>\n\t\t\t<\/div>\n\t\t\t\t\t\t<div class=\"elementor-icon-box-content\">\n\t\t\t\t<h2 class=\"elementor-icon-box-title\">\n\t\t\t\t\t<a href=\"\/?page_id=83\" >\n\t\t\t\t\t\tContactez-nous\t\t\t\t\t<\/a>\n\t\t\t\t<\/h2>\n\t\t\t\t\t\t\t\t\t<p class=\"elementor-icon-box-description\">\n\t\t\t\t\t\t<p>Comment choisir le bon syst\u00e8me de rev\u00eatement anti-corrosif pour votre cas.<\/p>\n\t\t\t\t\t<\/p>\n\t\t\t\t\t\t\t<\/div>\n\t\t<\/div>\n\t\t\t\t<\/div>\n\t\t\t\t<\/div>\n\t\t\t\t\t\t<\/div>\n\t\t\t\t\t<\/div>\n\t\t<\/div>\n\t\t\t\t\t\t\t\t<\/div>\n\t\t\t\t\t<\/div>\n\t\t<\/section>\n\t\t\t\t\t\t\t\t\t<\/div>\n\t\t\t<\/div>\n\t\t\t\t\t<\/div>\n\t\t","protected":false},"excerpt":{"rendered":"<p>Globalnavy d\u00e9veloppe et fabrique un large \u00e9ventail de rev\u00eatements pour l&rsquo;industrie mini\u00e8re, offrant une protection efficace contre des facteurs tels que la r\u00e9sistance chimique, l&rsquo;abrasion et l&rsquo;impact, ce qui entra\u00eene une r\u00e9duction significative des co\u00fbts d&rsquo;exploitation. L&rsquo;activit\u00e9 mini\u00e8re couvre l&rsquo;extraction, le traitement du pr\u00e9-traitement, le transport et le raffinage du minerai, avec des \u00e9quipements dans &#8230; <a title=\"Mines et Min\u00e9raux\" class=\"read-more\" href=\"https:\/\/globalnavy.net\/fr\/mines-et-mineraux\/\" aria-label=\"En savoir plus sur Mines et Min\u00e9raux\">Lire la suite<\/a><\/p>\n","protected":false},"author":1,"featured_media":0,"parent":0,"menu_order":0,"comment_status":"closed","ping_status":"closed","template":"","meta":{"_mi_skip_tracking":false,"_exactmetrics_sitenote_active":false,"_exactmetrics_sitenote_note":"","_exactmetrics_sitenote_category":0},"_links":{"self":[{"href":"https:\/\/globalnavy.net\/fr\/wp-json\/wp\/v2\/pages\/1015"}],"collection":[{"href":"https:\/\/globalnavy.net\/fr\/wp-json\/wp\/v2\/pages"}],"about":[{"href":"https:\/\/globalnavy.net\/fr\/wp-json\/wp\/v2\/types\/page"}],"author":[{"embeddable":true,"href":"https:\/\/globalnavy.net\/fr\/wp-json\/wp\/v2\/users\/1"}],"replies":[{"embeddable":true,"href":"https:\/\/globalnavy.net\/fr\/wp-json\/wp\/v2\/comments?post=1015"}],"version-history":[{"count":5,"href":"https:\/\/globalnavy.net\/fr\/wp-json\/wp\/v2\/pages\/1015\/revisions"}],"predecessor-version":[{"id":2890,"href":"https:\/\/globalnavy.net\/fr\/wp-json\/wp\/v2\/pages\/1015\/revisions\/2890"}],"wp:attachment":[{"href":"https:\/\/globalnavy.net\/fr\/wp-json\/wp\/v2\/media?parent=1015"}],"curies":[{"name":"wp","href":"https:\/\/api.w.org\/{rel}","templated":true}]}}