
{"id":1023,"date":"2018-08-23T16:32:47","date_gmt":"2018-08-23T16:32:47","guid":{"rendered":"http:\/\/globalnavy.net\/peintures-et-revetements-du-batiment\/"},"modified":"2018-10-25T14:51:48","modified_gmt":"2018-10-25T14:51:48","slug":"peintures-et-revetements-du-batiment","status":"publish","type":"page","link":"https:\/\/globalnavy.net\/fr\/peintures-et-revetements-du-batiment\/","title":{"rendered":"Peintures et Rev\u00eatements du B\u00e2timent"},"content":{"rendered":"\t\t<div data-elementor-type=\"wp-post\" data-elementor-id=\"1023\" class=\"elementor elementor-1023 elementor-404\">\n\t\t\t\t\t\t<div class=\"elementor-inner\">\n\t\t\t\t<div class=\"elementor-section-wrap\">\n\t\t\t\t\t\t\t\t\t<section class=\"elementor-section elementor-top-section elementor-element elementor-element-6c64051 elementor-section-boxed elementor-section-height-default elementor-section-height-default\" data-id=\"6c64051\" data-element_type=\"section\">\n\t\t\t\t\t\t<div class=\"elementor-container elementor-column-gap-default\">\n\t\t\t\t\t\t\t<div class=\"elementor-row\">\n\t\t\t\t\t<div class=\"elementor-column elementor-col-100 elementor-top-column elementor-element elementor-element-5937fac\" data-id=\"5937fac\" data-element_type=\"column\">\n\t\t\t<div class=\"elementor-column-wrap elementor-element-populated\">\n\t\t\t\t\t\t\t<div class=\"elementor-widget-wrap\">\n\t\t\t\t\t\t<div class=\"elementor-element elementor-element-d3221da elementor-widget elementor-widget-image\" data-id=\"d3221da\" data-element_type=\"widget\" data-widget_type=\"image.default\">\n\t\t\t\t<div class=\"elementor-widget-container\">\n\t\t\t\t\t\t\t\t<div class=\"elementor-image\">\n\t\t\t\t\t\t\t\t\t\t\t\t<img width=\"725\" height=\"150\" src=\"https:\/\/globalnavy.net\/wp-content\/uploads\/2018\/09\/decorative_scaled_v2.jpg\" class=\"attachment-full size-full wp-image-2041\" alt=\"\" loading=\"lazy\" srcset=\"https:\/\/globalnavy.net\/wp-content\/uploads\/2018\/09\/decorative_scaled_v2.jpg 725w, https:\/\/globalnavy.net\/wp-content\/uploads\/2018\/09\/decorative_scaled_v2-300x62.jpg 300w\" sizes=\"(max-width: 725px) 100vw, 725px\" \/>\t\t\t\t\t\t\t\t\t\t\t\t\t\t<\/div>\n\t\t\t\t\t\t<\/div>\n\t\t\t\t<\/div>\n\t\t\t\t\t\t<\/div>\n\t\t\t\t\t<\/div>\n\t\t<\/div>\n\t\t\t\t\t\t\t\t<\/div>\n\t\t\t\t\t<\/div>\n\t\t<\/section>\n\t\t\t\t<section class=\"elementor-section elementor-top-section elementor-element elementor-element-773a155 elementor-section-boxed elementor-section-height-default elementor-section-height-default\" data-id=\"773a155\" data-element_type=\"section\">\n\t\t\t\t\t\t<div class=\"elementor-container elementor-column-gap-default\">\n\t\t\t\t\t\t\t<div class=\"elementor-row\">\n\t\t\t\t\t<div class=\"elementor-column elementor-col-100 elementor-top-column elementor-element elementor-element-28f3292\" data-id=\"28f3292\" data-element_type=\"column\">\n\t\t\t<div class=\"elementor-column-wrap elementor-element-populated\">\n\t\t\t\t\t\t\t<div class=\"elementor-widget-wrap\">\n\t\t\t\t\t\t<div class=\"elementor-element elementor-element-9d2669b elementor-widget elementor-widget-text-editor\" data-id=\"9d2669b\" data-element_type=\"widget\" data-widget_type=\"text-editor.default\">\n\t\t\t\t<div class=\"elementor-widget-container\">\n\t\t\t\t\t\t\t\t<div class=\"elementor-text-editor elementor-clearfix\">\n\t\t\t\t<div class=\"justifiedtext\">\n<p>Les march\u00e9s de d\u00e9coration \/ architecture et de b\u00e2timent exigent des sp\u00e9cifications des rev\u00eatements de haute performance qui permettront de maintenir un aspect esth\u00e9tique au fil du temps.<\/p>\n<p>Globalnavy d\u00e9veloppe et fabrique un large \u00e9ventail de peintures et de rev\u00eatements de haute performance pour les sols, l&rsquo;imperm\u00e9abilisation, l&rsquo;ext\u00e9rieur et l&rsquo;int\u00e9rieur des b\u00e2timents, des \u0153uvres d&rsquo;art et autres en b\u00e9ton ou en acier.<\/p>\n<p>Nous fournissons \u00e0 nos clients des syst\u00e8mes de rev\u00eatement appropri\u00e9s, en particulier lorsque des propri\u00e9t\u00e9s anticorrosives, antimicrobiennes, esth\u00e9tiques, d&rsquo;abrasion et de r\u00e9sistance aux rayonnements UV sont requises.<\/p>\n<p>L&rsquo;objectif de Globalnavy est de travailler avec nos clients pour s&rsquo;assurer que nos solutions sont durables et r\u00e9pondent aux exigences du projet.<\/p>\n<\/div>\n\t\t\t\t\t<\/div>\n\t\t\t\t\t\t<\/div>\n\t\t\t\t<\/div>\n\t\t\t\t\t\t<\/div>\n\t\t\t\t\t<\/div>\n\t\t<\/div>\n\t\t\t\t\t\t\t\t<\/div>\n\t\t\t\t\t<\/div>\n\t\t<\/section>\n\t\t\t\t<section class=\"elementor-section elementor-top-section elementor-element elementor-element-f9e5120 elementor-section-boxed elementor-section-height-default elementor-section-height-default\" data-id=\"f9e5120\" data-element_type=\"section\">\n\t\t\t\t\t\t<div class=\"elementor-container elementor-column-gap-default\">\n\t\t\t\t\t\t\t<div class=\"elementor-row\">\n\t\t\t\t\t<div class=\"elementor-column elementor-col-100 elementor-top-column elementor-element elementor-element-01b1471\" data-id=\"01b1471\" data-element_type=\"column\">\n\t\t\t<div class=\"elementor-column-wrap elementor-element-populated\">\n\t\t\t\t\t\t\t<div class=\"elementor-widget-wrap\">\n\t\t\t\t\t\t<section class=\"elementor-section elementor-inner-section elementor-element elementor-element-edb2b1a elementor-section-boxed elementor-section-height-default elementor-section-height-default\" data-id=\"edb2b1a\" data-element_type=\"section\">\n\t\t\t\t\t\t<div class=\"elementor-container elementor-column-gap-default\">\n\t\t\t\t\t\t\t<div class=\"elementor-row\">\n\t\t\t\t\t<div class=\"elementor-column elementor-col-50 elementor-inner-column elementor-element elementor-element-8824213\" data-id=\"8824213\" data-element_type=\"column\">\n\t\t\t<div class=\"elementor-column-wrap elementor-element-populated\">\n\t\t\t\t\t\t\t<div class=\"elementor-widget-wrap\">\n\t\t\t\t\t\t<div class=\"elementor-element elementor-element-0e99b4e elementor-widget elementor-widget-html\" data-id=\"0e99b4e\" data-element_type=\"widget\" data-widget_type=\"html.default\">\n\t\t\t\t<div class=\"elementor-widget-container\">\n\t\t\t<h3><strong>Acier<\/strong><\/h3>\n<ul style=\"margin-left:20px; list-style-type:square;\">\n<li>Planchers<\/li>\n<li>Pipes<\/li>\n<li>Structures<\/li>\n<li>Des installations de stockage<\/li>\n<li>Entre autres<\/li>\n<\/ul>\n\t\t<\/div>\n\t\t\t\t<\/div>\n\t\t\t\t\t\t<\/div>\n\t\t\t\t\t<\/div>\n\t\t<\/div>\n\t\t\t\t<div class=\"elementor-column elementor-col-50 elementor-inner-column elementor-element elementor-element-c91fac8\" data-id=\"c91fac8\" data-element_type=\"column\">\n\t\t\t<div class=\"elementor-column-wrap elementor-element-populated\">\n\t\t\t\t\t\t\t<div class=\"elementor-widget-wrap\">\n\t\t\t\t\t\t<div class=\"elementor-element elementor-element-3769770 elementor-widget elementor-widget-html\" data-id=\"3769770\" data-element_type=\"widget\" data-widget_type=\"html.default\">\n\t\t\t\t<div class=\"elementor-widget-container\">\n\t\t\t<h3><strong>B\u00e9ton<\/strong><\/h3>\n<ul style=\"margin-left:20px; list-style-type:square;\">\n<li>Planchers<\/li>\n<li>Pipes<\/li>\n<li>Fa\u00e7ades<\/li>\n<li>Structures<\/li>\n<li>Des installations de stockage<\/li>\n<li>Entre autres<\/li>\n<\/ul>\n\t\t<\/div>\n\t\t\t\t<\/div>\n\t\t\t\t\t\t<\/div>\n\t\t\t\t\t<\/div>\n\t\t<\/div>\n\t\t\t\t\t\t\t\t<\/div>\n\t\t\t\t\t<\/div>\n\t\t<\/section>\n\t\t\t\t\t\t<\/div>\n\t\t\t\t\t<\/div>\n\t\t<\/div>\n\t\t\t\t\t\t\t\t<\/div>\n\t\t\t\t\t<\/div>\n\t\t<\/section>\n\t\t\t\t<section class=\"elementor-section elementor-top-section elementor-element elementor-element-5f5af81 elementor-section-boxed elementor-section-height-default elementor-section-height-default\" data-id=\"5f5af81\" data-element_type=\"section\">\n\t\t\t\t\t\t<div class=\"elementor-container elementor-column-gap-default\">\n\t\t\t\t\t\t\t<div class=\"elementor-row\">\n\t\t\t\t\t<div class=\"elementor-column elementor-col-100 elementor-top-column elementor-element elementor-element-a1a1c8e\" data-id=\"a1a1c8e\" data-element_type=\"column\">\n\t\t\t<div class=\"elementor-column-wrap elementor-element-populated\">\n\t\t\t\t\t\t\t<div class=\"elementor-widget-wrap\">\n\t\t\t\t\t\t<div class=\"elementor-element elementor-element-df26273 elementor-widget elementor-widget-html\" data-id=\"df26273\" data-element_type=\"widget\" data-widget_type=\"html.default\">\n\t\t\t\t<div class=\"elementor-widget-container\">\n\t\t\t<h2>En savoir plus<\/h2>\r\n\r\n<div class=\"subsegment_list\">\r\n<ul>\r\n<li><a href=\"http:\/\/globalnavy.net\/fr\/sol\/\">Sol<\/a><\/li>\r\n<li><a href=\"http:\/\/globalnavy.net\/fr\/architectural\/\">Architectural<\/a><\/li>\r\n<\/ul>\r\n<\/div>\r\n\r\n<h2>T\u00e9l\u00e9charger<\/h2>\r\n\r\n<a class=\"brochure_link\" href=\"http:\/\/globalnavy.net\/wp-content\/uploads\/2018\/10\/Decorative1_Brochura_constru\u00e7\u00e3o_2018_Ingles_UK_FR_VN.pdf\" target=\"_blank\">Decorative Coatings<\/a>\r\n\r\n<a class=\"brochure_link\" href=\"http:\/\/globalnavy.net\/wp-content\/uploads\/2018\/10\/Decorative2_Floorings2018v3_PT_UK_FR_VN.pdf\" target=\"_blank\">Flooring<\/a>\r\n\r\n<a class=\"brochure_link\" href=\"http:\/\/globalnavy.net\/wp-content\/uploads\/2018\/10\/Decorative3_Antiderrapante_e_Juntas_PT_UK_FR_VN.pdf\" target=\"_blank\">Anti-Slip<\/a>\t\t<\/div>\n\t\t\t\t<\/div>\n\t\t\t\t\t\t<\/div>\n\t\t\t\t\t<\/div>\n\t\t<\/div>\n\t\t\t\t\t\t\t\t<\/div>\n\t\t\t\t\t<\/div>\n\t\t<\/section>\n\t\t\t\t\t\t\t\t\t<\/div>\n\t\t\t<\/div>\n\t\t\t\t\t<\/div>\n\t\t","protected":false},"excerpt":{"rendered":"<p>Les march\u00e9s de d\u00e9coration \/ architecture et de b\u00e2timent exigent des sp\u00e9cifications des rev\u00eatements de haute performance qui permettront de maintenir un aspect esth\u00e9tique au fil du temps. Globalnavy d\u00e9veloppe et fabrique un large \u00e9ventail de peintures et de rev\u00eatements de haute performance pour les sols, l&rsquo;imperm\u00e9abilisation, l&rsquo;ext\u00e9rieur et l&rsquo;int\u00e9rieur des b\u00e2timents, des \u0153uvres d&rsquo;art &#8230; <a title=\"Peintures et Rev\u00eatements du B\u00e2timent\" class=\"read-more\" href=\"https:\/\/globalnavy.net\/fr\/peintures-et-revetements-du-batiment\/\" aria-label=\"En savoir plus sur Peintures et Rev\u00eatements du B\u00e2timent\">Lire la suite<\/a><\/p>\n","protected":false},"author":1,"featured_media":0,"parent":0,"menu_order":0,"comment_status":"closed","ping_status":"closed","template":"","meta":{"_mi_skip_tracking":false,"_exactmetrics_sitenote_active":false,"_exactmetrics_sitenote_note":"","_exactmetrics_sitenote_category":0},"_links":{"self":[{"href":"https:\/\/globalnavy.net\/fr\/wp-json\/wp\/v2\/pages\/1023"}],"collection":[{"href":"https:\/\/globalnavy.net\/fr\/wp-json\/wp\/v2\/pages"}],"about":[{"href":"https:\/\/globalnavy.net\/fr\/wp-json\/wp\/v2\/types\/page"}],"author":[{"embeddable":true,"href":"https:\/\/globalnavy.net\/fr\/wp-json\/wp\/v2\/users\/1"}],"replies":[{"embeddable":true,"href":"https:\/\/globalnavy.net\/fr\/wp-json\/wp\/v2\/comments?post=1023"}],"version-history":[{"count":4,"href":"https:\/\/globalnavy.net\/fr\/wp-json\/wp\/v2\/pages\/1023\/revisions"}],"predecessor-version":[{"id":2647,"href":"https:\/\/globalnavy.net\/fr\/wp-json\/wp\/v2\/pages\/1023\/revisions\/2647"}],"wp:attachment":[{"href":"https:\/\/globalnavy.net\/fr\/wp-json\/wp\/v2\/media?parent=1023"}],"curies":[{"name":"wp","href":"https:\/\/api.w.org\/{rel}","templated":true}]}}