
{"id":1030,"date":"2018-08-23T17:03:06","date_gmt":"2018-08-23T17:03:06","guid":{"rendered":"http:\/\/globalnavy.net\/impermeabilisation\/"},"modified":"2018-11-01T13:19:03","modified_gmt":"2018-11-01T13:19:03","slug":"impermeabilisation","status":"publish","type":"page","link":"https:\/\/globalnavy.net\/fr\/impermeabilisation\/","title":{"rendered":"Imperm\u00e9abilisation"},"content":{"rendered":"\t\t<div data-elementor-type=\"wp-post\" data-elementor-id=\"1030\" class=\"elementor elementor-1030 elementor-414\">\n\t\t\t\t\t\t<div class=\"elementor-inner\">\n\t\t\t\t<div class=\"elementor-section-wrap\">\n\t\t\t\t\t\t\t\t\t<section class=\"elementor-section elementor-top-section elementor-element elementor-element-b582c01 elementor-section-boxed elementor-section-height-default elementor-section-height-default\" data-id=\"b582c01\" data-element_type=\"section\">\n\t\t\t\t\t\t<div class=\"elementor-container elementor-column-gap-default\">\n\t\t\t\t\t\t\t<div class=\"elementor-row\">\n\t\t\t\t\t<div class=\"elementor-column elementor-col-100 elementor-top-column elementor-element elementor-element-e3d5bfb\" data-id=\"e3d5bfb\" data-element_type=\"column\">\n\t\t\t<div class=\"elementor-column-wrap elementor-element-populated\">\n\t\t\t\t\t\t\t<div class=\"elementor-widget-wrap\">\n\t\t\t\t\t\t<div class=\"elementor-element elementor-element-796eb9e elementor-widget elementor-widget-image\" data-id=\"796eb9e\" data-element_type=\"widget\" data-widget_type=\"image.default\">\n\t\t\t\t<div class=\"elementor-widget-container\">\n\t\t\t\t\t\t\t\t<div class=\"elementor-image\">\n\t\t\t\t\t\t\t\t\t\t\t\t<img width=\"725\" height=\"150\" src=\"https:\/\/globalnavy.net\/wp-content\/uploads\/2018\/10\/waterproofing_scaled_v2.jpg\" class=\"attachment-full size-full wp-image-2430\" alt=\"Waterproofing\" loading=\"lazy\" srcset=\"https:\/\/globalnavy.net\/wp-content\/uploads\/2018\/10\/waterproofing_scaled_v2.jpg 725w, https:\/\/globalnavy.net\/wp-content\/uploads\/2018\/10\/waterproofing_scaled_v2-300x62.jpg 300w\" sizes=\"(max-width: 725px) 100vw, 725px\" \/>\t\t\t\t\t\t\t\t\t\t\t\t\t\t<\/div>\n\t\t\t\t\t\t<\/div>\n\t\t\t\t<\/div>\n\t\t\t\t\t\t<\/div>\n\t\t\t\t\t<\/div>\n\t\t<\/div>\n\t\t\t\t\t\t\t\t<\/div>\n\t\t\t\t\t<\/div>\n\t\t<\/section>\n\t\t\t\t<section class=\"elementor-section elementor-top-section elementor-element elementor-element-773a155 elementor-section-boxed elementor-section-height-default elementor-section-height-default\" data-id=\"773a155\" data-element_type=\"section\">\n\t\t\t\t\t\t<div class=\"elementor-container elementor-column-gap-default\">\n\t\t\t\t\t\t\t<div class=\"elementor-row\">\n\t\t\t\t\t<div class=\"elementor-column elementor-col-100 elementor-top-column elementor-element elementor-element-28f3292\" data-id=\"28f3292\" data-element_type=\"column\">\n\t\t\t<div class=\"elementor-column-wrap elementor-element-populated\">\n\t\t\t\t\t\t\t<div class=\"elementor-widget-wrap\">\n\t\t\t\t\t\t<div class=\"elementor-element elementor-element-9d2669b elementor-widget elementor-widget-text-editor\" data-id=\"9d2669b\" data-element_type=\"widget\" data-widget_type=\"text-editor.default\">\n\t\t\t\t<div class=\"elementor-widget-container\">\n\t\t\t\t\t\t\t\t<div class=\"elementor-text-editor elementor-clearfix\">\n\t\t\t\t<div class=\"justifiedtext\">\n<p>L&rsquo;imperm\u00e9abilisation est un facteur cl\u00e9 dans la construction \/ l&rsquo;entretien des b\u00e2timents, car c&rsquo;est cette fonction qui permet de pr\u00e9server un bon environnement et de prot\u00e9ger les biens \u00e0 l&rsquo;int\u00e9rieur.<\/p>\n<p>Ce processus n\u00e9cessite des produits qui sont appliqu\u00e9s par des m\u00e9thodes efficaces et \u00e9conomiques et qui garantissent de longues p\u00e9riodes entre les maintenances.<\/p>\n<\/div>\n\t\t\t\t\t<\/div>\n\t\t\t\t\t\t<\/div>\n\t\t\t\t<\/div>\n\t\t\t\t\t\t<\/div>\n\t\t\t\t\t<\/div>\n\t\t<\/div>\n\t\t\t\t\t\t\t\t<\/div>\n\t\t\t\t\t<\/div>\n\t\t<\/section>\n\t\t\t\t<section class=\"elementor-section elementor-top-section elementor-element elementor-element-867893d elementor-section-boxed elementor-section-height-default elementor-section-height-default\" data-id=\"867893d\" data-element_type=\"section\">\n\t\t\t\t\t\t<div class=\"elementor-container elementor-column-gap-default\">\n\t\t\t\t\t\t\t<div class=\"elementor-row\">\n\t\t\t\t\t<div class=\"elementor-column elementor-col-100 elementor-top-column elementor-element elementor-element-f209082\" data-id=\"f209082\" data-element_type=\"column\">\n\t\t\t<div class=\"elementor-column-wrap elementor-element-populated\">\n\t\t\t\t\t\t\t<div class=\"elementor-widget-wrap\">\n\t\t\t\t\t\t<section class=\"elementor-section elementor-inner-section elementor-element elementor-element-e56846d elementor-section-boxed elementor-section-height-default elementor-section-height-default\" data-id=\"e56846d\" data-element_type=\"section\">\n\t\t\t\t\t\t<div class=\"elementor-container elementor-column-gap-default\">\n\t\t\t\t\t\t\t<div class=\"elementor-row\">\n\t\t\t\t\t<div class=\"elementor-column elementor-col-50 elementor-inner-column elementor-element elementor-element-4e89b60\" data-id=\"4e89b60\" data-element_type=\"column\">\n\t\t\t<div class=\"elementor-column-wrap elementor-element-populated\">\n\t\t\t\t\t\t\t<div class=\"elementor-widget-wrap\">\n\t\t\t\t\t\t<div class=\"elementor-element elementor-element-429eb6b elementor-widget elementor-widget-html\" data-id=\"429eb6b\" data-element_type=\"widget\" data-widget_type=\"html.default\">\n\t\t\t\t<div class=\"elementor-widget-container\">\n\t\t\t<h3><strong>Acier<\/strong><\/h3>\n<ul style=\"margin-left:20px; list-style-type:square;\">\n<li>R\u00e9servoirs de stratification<\/li>\n<li>Submersion peinture d'application<\/li>\n<\/ul>\n\t\t<\/div>\n\t\t\t\t<\/div>\n\t\t\t\t\t\t<\/div>\n\t\t\t\t\t<\/div>\n\t\t<\/div>\n\t\t\t\t<div class=\"elementor-column elementor-col-50 elementor-inner-column elementor-element elementor-element-ed90b7a\" data-id=\"ed90b7a\" data-element_type=\"column\">\n\t\t\t<div class=\"elementor-column-wrap elementor-element-populated\">\n\t\t\t\t\t\t\t<div class=\"elementor-widget-wrap\">\n\t\t\t\t\t\t<div class=\"elementor-element elementor-element-0a41722 elementor-widget elementor-widget-html\" data-id=\"0a41722\" data-element_type=\"widget\" data-widget_type=\"html.default\">\n\t\t\t\t<div class=\"elementor-widget-container\">\n\t\t\t<h3><strong>B\u00e9ton<\/strong><\/h3>\n<ul style=\"margin-left:20px; list-style-type:square;\">\n<li>Imperm\u00e9abilisation<\/li>\n<li>R\u00e9servoir de stratification<\/li>\n<li>Carrelage<\/li>\n<li>Barrages d'injection<\/li>\n<li>Submersion peinture d'application<\/li>\n<li>Projets sp\u00e9ciaux<\/li>\n<li>Entre autres<\/li>\n<\/ul>\n\t\t<\/div>\n\t\t\t\t<\/div>\n\t\t\t\t\t\t<\/div>\n\t\t\t\t\t<\/div>\n\t\t<\/div>\n\t\t\t\t\t\t\t\t<\/div>\n\t\t\t\t\t<\/div>\n\t\t<\/section>\n\t\t\t\t\t\t<\/div>\n\t\t\t\t\t<\/div>\n\t\t<\/div>\n\t\t\t\t\t\t\t\t<\/div>\n\t\t\t\t\t<\/div>\n\t\t<\/section>\n\t\t\t\t<section class=\"elementor-section elementor-top-section elementor-element elementor-element-268968b elementor-section-boxed elementor-section-height-default elementor-section-height-default\" data-id=\"268968b\" data-element_type=\"section\">\n\t\t\t\t\t\t<div class=\"elementor-container elementor-column-gap-default\">\n\t\t\t\t\t\t\t<div class=\"elementor-row\">\n\t\t\t\t\t<div class=\"elementor-column elementor-col-100 elementor-top-column elementor-element elementor-element-cbf2d69\" data-id=\"cbf2d69\" data-element_type=\"column\">\n\t\t\t<div class=\"elementor-column-wrap elementor-element-populated\">\n\t\t\t\t\t\t\t<div class=\"elementor-widget-wrap\">\n\t\t\t\t\t\t<div class=\"elementor-element elementor-element-80dcdb4 elementor-widget elementor-widget-html\" data-id=\"80dcdb4\" data-element_type=\"widget\" data-widget_type=\"html.default\">\n\t\t\t\t<div class=\"elementor-widget-container\">\n\t\t\t<h2>T\u00e9l\u00e9charger<\/h2>\n\n<a class=\"brochure_link\" href=\"http:\/\/globalnavy.net\/wp-content\/uploads\/2018\/10\/WP1_Brochura_constru\u00e7\u00e3o_2018_Ingles_UK_FR_VN.pdf\" target=\"_blank\">Decorative Coatings<\/a><a class=\"brochure_link\" href=\"http:\/\/globalnavy.net\/wp-content\/uploads\/2018\/10\/WP2_GN220US_GN221UC_AplicationBulletin_UK_FR_VN.pdf\" target=\"_blank\">GN220US\/GN221UC<\/a><a class=\"brochure_link\" href=\"http:\/\/globalnavy.net\/wp-content\/uploads\/2018\/10\/WP3_GN460WP2P_AplicationBulletin_UK.pdf\" target=\"_blank\">GN460WP2P Manual<\/a><a class=\"brochure_link\" href=\"http:\/\/globalnavy.net\/wp-content\/uploads\/2018\/10\/WP4_Waterproofing_Products_UK_FR_VN.pdf\" target=\"_blank\">Waterproofing Prod.<\/a>\t\t<\/div>\n\t\t\t\t<\/div>\n\t\t\t\t\t\t<\/div>\n\t\t\t\t\t<\/div>\n\t\t<\/div>\n\t\t\t\t\t\t\t\t<\/div>\n\t\t\t\t\t<\/div>\n\t\t<\/section>\n\t\t\t\t<section class=\"elementor-section elementor-top-section elementor-element elementor-element-0af756e elementor-section-boxed elementor-section-height-default elementor-section-height-default\" data-id=\"0af756e\" data-element_type=\"section\">\n\t\t\t\t\t\t<div class=\"elementor-container elementor-column-gap-default\">\n\t\t\t\t\t\t\t<div class=\"elementor-row\">\n\t\t\t\t\t<div class=\"elementor-column elementor-col-100 elementor-top-column elementor-element elementor-element-ab7401b\" data-id=\"ab7401b\" data-element_type=\"column\">\n\t\t\t<div class=\"elementor-column-wrap elementor-element-populated\">\n\t\t\t\t\t\t\t<div class=\"elementor-widget-wrap\">\n\t\t\t\t\t\t<div class=\"elementor-element elementor-element-84645ba elementor-position-left elementor-view-default elementor-mobile-position-top elementor-vertical-align-top elementor-widget elementor-widget-icon-box\" data-id=\"84645ba\" data-element_type=\"widget\" data-widget_type=\"icon-box.default\">\n\t\t\t\t<div class=\"elementor-widget-container\">\n\t\t\t\t\t<div class=\"elementor-icon-box-wrapper\">\n\t\t\t\t\t\t<div class=\"elementor-icon-box-icon\">\n\t\t\t\t<span class=\"elementor-icon elementor-animation-\" >\n\t\t\t\t<i class=\"fa fa-check-circle\" aria-hidden=\"true\"><\/i>\t\t\t\t<\/span>\n\t\t\t<\/div>\n\t\t\t\t\t\t<div class=\"elementor-icon-box-content\">\n\t\t\t\t<h2 class=\"elementor-icon-box-title\">\n\t\t\t\t\t<span  >\n\t\t\t\t\t\tPourquoi choisir un rev\u00eatement Globalnavy?\t\t\t\t\t<\/span>\n\t\t\t\t<\/h2>\n\t\t\t\t\t\t\t\t\t<p class=\"elementor-icon-box-description\">\n\t\t\t\t\t\t<p>Globalnavy d\u00e9veloppe et fabrique une vari\u00e9t\u00e9 de solutions d'\u00e9tanch\u00e9it\u00e9 de qualit\u00e9 pour plusieurs domaines tels que terrasses, balcons, fa\u00e7ades, salons, r\u00e9servoirs, entre autres.<\/p>\n<p>Notre \u00e9quipe technique est en mesure de vous conseiller sur le meilleur syst\u00e8me pour votre projet.<\/p>\n\t\t\t\t\t<\/p>\n\t\t\t\t\t\t\t<\/div>\n\t\t<\/div>\n\t\t\t\t<\/div>\n\t\t\t\t<\/div>\n\t\t\t\t\t\t<\/div>\n\t\t\t\t\t<\/div>\n\t\t<\/div>\n\t\t\t\t\t\t\t\t<\/div>\n\t\t\t\t\t<\/div>\n\t\t<\/section>\n\t\t\t\t<section class=\"elementor-section elementor-top-section elementor-element elementor-element-d2f2cfc elementor-section-boxed elementor-section-height-default elementor-section-height-default\" data-id=\"d2f2cfc\" data-element_type=\"section\">\n\t\t\t\t\t\t<div class=\"elementor-container elementor-column-gap-default\">\n\t\t\t\t\t\t\t<div class=\"elementor-row\">\n\t\t\t\t\t<div class=\"elementor-column elementor-col-100 elementor-top-column elementor-element elementor-element-5d5506a\" data-id=\"5d5506a\" data-element_type=\"column\">\n\t\t\t<div class=\"elementor-column-wrap elementor-element-populated\">\n\t\t\t\t\t\t\t<div class=\"elementor-widget-wrap\">\n\t\t\t\t\t\t<div class=\"elementor-element elementor-element-2ade47a elementor-position-left elementor-view-default elementor-mobile-position-top elementor-vertical-align-top elementor-widget elementor-widget-icon-box\" data-id=\"2ade47a\" data-element_type=\"widget\" data-widget_type=\"icon-box.default\">\n\t\t\t\t<div class=\"elementor-widget-container\">\n\t\t\t\t\t<div class=\"elementor-icon-box-wrapper\">\n\t\t\t\t\t\t<div class=\"elementor-icon-box-icon\">\n\t\t\t\t<span class=\"elementor-icon elementor-animation-\" >\n\t\t\t\t<i class=\"fa fa-thumbs-up\" aria-hidden=\"true\"><\/i>\t\t\t\t<\/span>\n\t\t\t<\/div>\n\t\t\t\t\t\t<div class=\"elementor-icon-box-content\">\n\t\t\t\t<h2 class=\"elementor-icon-box-title\">\n\t\t\t\t\t<span  >\n\t\t\t\t\t\tSyst\u00e8mes Recommand\u00e9s\t\t\t\t\t<\/span>\n\t\t\t\t<\/h2>\n\t\t\t\t\t\t\t\t\t<p class=\"elementor-icon-box-description\">\n\t\t\t\t\t\t<p><strong>Globalfloor Syst\u00e8me Imperm\u00e9abilisation<\/strong><br \/> <br \/>\n1. <a href=\"http:\/\/globalnavy.net\/fr\/gn120er\/\">GN120ER<\/a> + <a href=\"http:\/\/globalnavy.net\/fr\/gn221uc\/\">GN221UC<\/a> + GN200PFSeries \u2013 Syst\u00e8me UC<br \/>\n2.<a href=\"http:\/\/globalnavy.net\/fr\/gn450aw\/\">GN450AW<\/a> + <a href=\"http:\/\/globalnavy.net\/fr\/gn460wp\/\">GN460WP<\/a> + <a href=\"http:\/\/globalnavy.net\/fr\/gn459aw\/\">GN459AW<\/a> \u2013 Syst\u00e8me \u00e0 base d'eau<\/p>\n\t\t\t\t\t<\/p>\n\t\t\t\t\t\t\t<\/div>\n\t\t<\/div>\n\t\t\t\t<\/div>\n\t\t\t\t<\/div>\n\t\t\t\t\t\t<\/div>\n\t\t\t\t\t<\/div>\n\t\t<\/div>\n\t\t\t\t\t\t\t\t<\/div>\n\t\t\t\t\t<\/div>\n\t\t<\/section>\n\t\t\t\t<section class=\"elementor-section elementor-top-section elementor-element elementor-element-4fd08e8 elementor-section-boxed elementor-section-height-default elementor-section-height-default\" data-id=\"4fd08e8\" data-element_type=\"section\">\n\t\t\t\t\t\t<div class=\"elementor-container elementor-column-gap-default\">\n\t\t\t\t\t\t\t<div class=\"elementor-row\">\n\t\t\t\t\t<div class=\"elementor-column elementor-col-100 elementor-top-column elementor-element elementor-element-e278ff8\" data-id=\"e278ff8\" data-element_type=\"column\">\n\t\t\t<div class=\"elementor-column-wrap elementor-element-populated\">\n\t\t\t\t\t\t\t<div class=\"elementor-widget-wrap\">\n\t\t\t\t\t\t<div class=\"elementor-element elementor-element-666798e elementor-position-left elementor-view-default elementor-mobile-position-top elementor-vertical-align-top elementor-widget elementor-widget-icon-box\" data-id=\"666798e\" data-element_type=\"widget\" data-widget_type=\"icon-box.default\">\n\t\t\t\t<div class=\"elementor-widget-container\">\n\t\t\t\t\t<div class=\"elementor-icon-box-wrapper\">\n\t\t\t\t\t\t<div class=\"elementor-icon-box-icon\">\n\t\t\t\t<a class=\"elementor-icon elementor-animation-\" href=\"\/?page_id=83\">\n\t\t\t\t<i class=\"fa fa-phone\" aria-hidden=\"true\"><\/i>\t\t\t\t<\/a>\n\t\t\t<\/div>\n\t\t\t\t\t\t<div class=\"elementor-icon-box-content\">\n\t\t\t\t<h2 class=\"elementor-icon-box-title\">\n\t\t\t\t\t<a href=\"\/?page_id=83\" >\n\t\t\t\t\t\tContactez-nous\t\t\t\t\t<\/a>\n\t\t\t\t<\/h2>\n\t\t\t\t\t\t\t\t\t<p class=\"elementor-icon-box-description\">\n\t\t\t\t\t\t<p>Comment choisir le bon syst\u00e8me de rev\u00eatement anti-corrosif pour votre cas.<\/p>\n\t\t\t\t\t<\/p>\n\t\t\t\t\t\t\t<\/div>\n\t\t<\/div>\n\t\t\t\t<\/div>\n\t\t\t\t<\/div>\n\t\t\t\t\t\t<\/div>\n\t\t\t\t\t<\/div>\n\t\t<\/div>\n\t\t\t\t\t\t\t\t<\/div>\n\t\t\t\t\t<\/div>\n\t\t<\/section>\n\t\t\t\t\t\t\t\t\t<\/div>\n\t\t\t<\/div>\n\t\t\t\t\t<\/div>\n\t\t","protected":false},"excerpt":{"rendered":"<p>L&rsquo;imperm\u00e9abilisation est un facteur cl\u00e9 dans la construction \/ l&rsquo;entretien des b\u00e2timents, car c&rsquo;est cette fonction qui permet de pr\u00e9server un bon environnement et de prot\u00e9ger les biens \u00e0 l&rsquo;int\u00e9rieur. Ce processus n\u00e9cessite des produits qui sont appliqu\u00e9s par des m\u00e9thodes efficaces et \u00e9conomiques et qui garantissent de longues p\u00e9riodes entre les maintenances. Acier R\u00e9servoirs &#8230; <a title=\"Imperm\u00e9abilisation\" class=\"read-more\" href=\"https:\/\/globalnavy.net\/fr\/impermeabilisation\/\" aria-label=\"En savoir plus sur Imperm\u00e9abilisation\">Lire la suite<\/a><\/p>\n","protected":false},"author":1,"featured_media":0,"parent":0,"menu_order":0,"comment_status":"closed","ping_status":"closed","template":"","meta":{"_mi_skip_tracking":false,"_exactmetrics_sitenote_active":false,"_exactmetrics_sitenote_note":"","_exactmetrics_sitenote_category":0},"_links":{"self":[{"href":"https:\/\/globalnavy.net\/fr\/wp-json\/wp\/v2\/pages\/1030"}],"collection":[{"href":"https:\/\/globalnavy.net\/fr\/wp-json\/wp\/v2\/pages"}],"about":[{"href":"https:\/\/globalnavy.net\/fr\/wp-json\/wp\/v2\/types\/page"}],"author":[{"embeddable":true,"href":"https:\/\/globalnavy.net\/fr\/wp-json\/wp\/v2\/users\/1"}],"replies":[{"embeddable":true,"href":"https:\/\/globalnavy.net\/fr\/wp-json\/wp\/v2\/comments?post=1030"}],"version-history":[{"count":8,"href":"https:\/\/globalnavy.net\/fr\/wp-json\/wp\/v2\/pages\/1030\/revisions"}],"predecessor-version":[{"id":2915,"href":"https:\/\/globalnavy.net\/fr\/wp-json\/wp\/v2\/pages\/1030\/revisions\/2915"}],"wp:attachment":[{"href":"https:\/\/globalnavy.net\/fr\/wp-json\/wp\/v2\/media?parent=1030"}],"curies":[{"name":"wp","href":"https:\/\/api.w.org\/{rel}","templated":true}]}}