
{"id":2062,"date":"2018-09-27T22:35:58","date_gmt":"2018-09-27T22:35:58","guid":{"rendered":"http:\/\/globalnavy.net\/gn028in\/"},"modified":"2018-09-27T22:35:58","modified_gmt":"2018-09-27T22:35:58","slug":"gn028in","status":"publish","type":"page","link":"https:\/\/globalnavy.net\/fr\/gn028in\/","title":{"rendered":"Global GN028 Silica tipo I"},"content":{"rendered":"<div class=\"justifiedtext\">\n<div class=\"coating_page_variables\">Description<\/div>\n<p>Silice Poudre Type  I<\/p>\n<div class=\"coating_page_variables\">Secteur<\/div>\n<p>D\u00e9coratif; Marine; Protective; Yachting<\/p>\n<div class=\"coating_page_variables\">Type<\/div>\n<p>\u00c9poxy; Ph\u00e9nolique \u00e9poxy; Polyur\u00e9thane; Ur\u00e9thane; Outro<\/p>\n<div class=\"coating_page_variables\">Substrat<\/div>\n<p>Aluminium; B\u00e9ton; Acier Galvanis\u00e9; Acier; Acier Inoxydable; <\/p>\n<div class=\"coating_page_variables\">Fonction<\/div>\n<p>R\u00e9sistante \u00e0 L&rsquo;abrasion; Anti-d\u00e9rapante; Mastique de Remplissage; Mastique de Remplissage; Couche interm\u00e9diaire; Primaire and Finition; Sans Solvant; Texture; Couche de finition; <\/p>\n<div class=\"coating_page_tech_sheets\">\n<a href=\"\" target=\"_blank\" class=\"coating_page_links\" style=\"color:#efefef;\">Fiche Technique<\/a>\n<\/div>\n<\/div>\n","protected":false},"excerpt":{"rendered":"<p>Silice Poudre Type  I<\/p>\n","protected":false},"author":1,"featured_media":0,"parent":0,"menu_order":0,"comment_status":"closed","ping_status":"closed","template":"","meta":{"_mi_skip_tracking":false,"_exactmetrics_sitenote_active":false,"_exactmetrics_sitenote_note":"","_exactmetrics_sitenote_category":0},"_links":{"self":[{"href":"https:\/\/globalnavy.net\/fr\/wp-json\/wp\/v2\/pages\/2062"}],"collection":[{"href":"https:\/\/globalnavy.net\/fr\/wp-json\/wp\/v2\/pages"}],"about":[{"href":"https:\/\/globalnavy.net\/fr\/wp-json\/wp\/v2\/types\/page"}],"author":[{"embeddable":true,"href":"https:\/\/globalnavy.net\/fr\/wp-json\/wp\/v2\/users\/1"}],"replies":[{"embeddable":true,"href":"https:\/\/globalnavy.net\/fr\/wp-json\/wp\/v2\/comments?post=2062"}],"version-history":[{"count":0,"href":"https:\/\/globalnavy.net\/fr\/wp-json\/wp\/v2\/pages\/2062\/revisions"}],"wp:attachment":[{"href":"https:\/\/globalnavy.net\/fr\/wp-json\/wp\/v2\/media?parent=2062"}],"curies":[{"name":"wp","href":"https:\/\/api.w.org\/{rel}","templated":true}]}}