
{"id":2067,"date":"2018-09-27T22:38:51","date_gmt":"2018-09-27T22:38:51","guid":{"rendered":"http:\/\/globalnavy.net\/gn401ap\/"},"modified":"2018-09-27T22:38:51","modified_gmt":"2018-09-27T22:38:51","slug":"gn401ap","status":"publish","type":"page","link":"https:\/\/globalnavy.net\/fr\/gn401ap\/","title":{"rendered":"GlobalCryl GN401 Acrylic Traffic"},"content":{"rendered":"<div class=\"justifiedtext\">\n<div class=\"coating_page_variables\">Description<\/div>\n<p>Peinture acrylique pour les marquages, le b\u00e9ton et l&rsquo;asphalte<\/p>\n<div class=\"coating_page_variables\">Secteur<\/div>\n<p>D\u00e9coratif; Protective; <\/p>\n<div class=\"coating_page_variables\">Type<\/div>\n<p>Acrylique; <\/p>\n<div class=\"coating_page_variables\">Substrat<\/div>\n<p>Amiante; B\u00e9ton; Acier Galvanis\u00e9; Ma\u00e7onnerie; Acier; Madeira<\/p>\n<div class=\"coating_page_variables\">Fonction<\/div>\n<p>Primaire; Primaire and Finition; Marquage des routes\/Signal; Couche de finition; <\/p>\n<div class=\"coating_page_tech_sheets\">\n<a href=\"\" target=\"_blank\" class=\"coating_page_links\" style=\"color:#efefef;\">Fiche Technique<\/a>\n<\/div>\n<\/div>\n","protected":false},"excerpt":{"rendered":"<p>Peinture acrylique pour les marquages, le b\u00e9ton et l&rsquo;asphalte<\/p>\n","protected":false},"author":1,"featured_media":0,"parent":0,"menu_order":0,"comment_status":"closed","ping_status":"closed","template":"","meta":{"_mi_skip_tracking":false,"_exactmetrics_sitenote_active":false,"_exactmetrics_sitenote_note":"","_exactmetrics_sitenote_category":0},"_links":{"self":[{"href":"https:\/\/globalnavy.net\/fr\/wp-json\/wp\/v2\/pages\/2067"}],"collection":[{"href":"https:\/\/globalnavy.net\/fr\/wp-json\/wp\/v2\/pages"}],"about":[{"href":"https:\/\/globalnavy.net\/fr\/wp-json\/wp\/v2\/types\/page"}],"author":[{"embeddable":true,"href":"https:\/\/globalnavy.net\/fr\/wp-json\/wp\/v2\/users\/1"}],"replies":[{"embeddable":true,"href":"https:\/\/globalnavy.net\/fr\/wp-json\/wp\/v2\/comments?post=2067"}],"version-history":[{"count":0,"href":"https:\/\/globalnavy.net\/fr\/wp-json\/wp\/v2\/pages\/2067\/revisions"}],"wp:attachment":[{"href":"https:\/\/globalnavy.net\/fr\/wp-json\/wp\/v2\/media?parent=2067"}],"curies":[{"name":"wp","href":"https:\/\/api.w.org\/{rel}","templated":true}]}}