
{"id":2068,"date":"2018-09-27T22:42:20","date_gmt":"2018-09-27T22:42:20","guid":{"rendered":"http:\/\/globalnavy.net\/gn410ap\/"},"modified":"2018-09-27T22:42:20","modified_gmt":"2018-09-27T22:42:20","slug":"gn410ap","status":"publish","type":"page","link":"https:\/\/globalnavy.net\/fr\/gn410ap\/","title":{"rendered":"GlobalCryl GN410 Acrylic Paint"},"content":{"rendered":"<div class=\"justifiedtext\">\n<div class=\"coating_page_variables\">Description<\/div>\n<p>Acryliques polyvalentes.<\/p>\n<div class=\"coating_page_variables\">Secteur<\/div>\n<p>D\u00e9coratif; Protective; Yachting<\/p>\n<div class=\"coating_page_variables\">Type<\/div>\n<p>Acrylique; <\/p>\n<div class=\"coating_page_variables\">Substrat<\/div>\n<p>Aluminium; Amiante; Enduit de Ciment; Carreaux; B\u00e9ton; Panneaux de Fibres; Acier Galvanis\u00e9; \u00c9poxy Renforc\u00e9 de Fibres de Verre; Polyester Renforc\u00e9 de Fibres de Verre; Ma\u00e7onnerie; Pl\u00e2tre; Surface Recouvert d&rsquo;un Anti-encrassement; Acier; Acier Inoxydable; Madeira<\/p>\n<div class=\"coating_page_variables\">Fonction<\/div>\n<p>Primaire; Primaire and Finition; Marquage des routes\/Signal; Couche d&rsquo;impression; Couche de finition; <\/p>\n<div class=\"coating_page_tech_sheets\">\n<a href=\"https:\/\/globalnavy.net\/wp-content\/uploads\/2018\/08\/GN410AP_TDS.pdf\" target=\"_blank\" class=\"coating_page_links\" style=\"color:#efefef;\">Fiche Technique<\/a>\n<\/div>\n<\/div>\n","protected":false},"excerpt":{"rendered":"<p>Acryliques polyvalentes.<\/p>\n","protected":false},"author":1,"featured_media":0,"parent":0,"menu_order":0,"comment_status":"closed","ping_status":"closed","template":"","meta":{"_mi_skip_tracking":false,"_exactmetrics_sitenote_active":false,"_exactmetrics_sitenote_note":"","_exactmetrics_sitenote_category":0},"_links":{"self":[{"href":"https:\/\/globalnavy.net\/fr\/wp-json\/wp\/v2\/pages\/2068"}],"collection":[{"href":"https:\/\/globalnavy.net\/fr\/wp-json\/wp\/v2\/pages"}],"about":[{"href":"https:\/\/globalnavy.net\/fr\/wp-json\/wp\/v2\/types\/page"}],"author":[{"embeddable":true,"href":"https:\/\/globalnavy.net\/fr\/wp-json\/wp\/v2\/users\/1"}],"replies":[{"embeddable":true,"href":"https:\/\/globalnavy.net\/fr\/wp-json\/wp\/v2\/comments?post=2068"}],"version-history":[{"count":0,"href":"https:\/\/globalnavy.net\/fr\/wp-json\/wp\/v2\/pages\/2068\/revisions"}],"wp:attachment":[{"href":"https:\/\/globalnavy.net\/fr\/wp-json\/wp\/v2\/media?parent=2068"}],"curies":[{"name":"wp","href":"https:\/\/api.w.org\/{rel}","templated":true}]}}