
{"id":2073,"date":"2018-09-27T22:43:54","date_gmt":"2018-09-27T22:43:54","guid":{"rendered":"http:\/\/globalnavy.net\/gn454aw\/"},"modified":"2018-09-27T22:43:54","modified_gmt":"2018-09-27T22:43:54","slug":"gn454aw","status":"publish","type":"page","link":"https:\/\/globalnavy.net\/fr\/gn454aw\/","title":{"rendered":"GlobalCryl GN454 WB Acrylic High Opacity  Paint"},"content":{"rendered":"<div class=\"justifiedtext\">\n<div class=\"coating_page_variables\">Description<\/div>\n<p>Acrilic HO Peinture plastique mate pour int\u00e9rieur et ext\u00e9rieur.<\/p>\n<div class=\"coating_page_variables\">Secteur<\/div>\n<p>D\u00e9coratif; <\/p>\n<div class=\"coating_page_variables\">Type<\/div>\n<p>Acrylique; <\/p>\n<div class=\"coating_page_variables\">Substrat<\/div>\n<p>Enduit de Ciment; B\u00e9ton; Panneaux de Fibres; Ma\u00e7onnerie; Pl\u00e2tre; <\/p>\n<div class=\"coating_page_variables\">Fonction<\/div>\n<p>Couche de finition; \u00e0 base d&rsquo;eau; <\/p>\n<div class=\"coating_page_tech_sheets\">\n<a href=\"\" target=\"_blank\" class=\"coating_page_links\" style=\"color:#efefef;\">Fiche Technique<\/a>\n<\/div>\n<\/div>\n","protected":false},"excerpt":{"rendered":"<p>Acrilic HO Peinture plastique mate pour int\u00e9rieur et ext\u00e9rieur.<\/p>\n","protected":false},"author":1,"featured_media":0,"parent":0,"menu_order":0,"comment_status":"closed","ping_status":"closed","template":"","meta":{"_mi_skip_tracking":false,"_exactmetrics_sitenote_active":false,"_exactmetrics_sitenote_note":"","_exactmetrics_sitenote_category":0},"_links":{"self":[{"href":"https:\/\/globalnavy.net\/fr\/wp-json\/wp\/v2\/pages\/2073"}],"collection":[{"href":"https:\/\/globalnavy.net\/fr\/wp-json\/wp\/v2\/pages"}],"about":[{"href":"https:\/\/globalnavy.net\/fr\/wp-json\/wp\/v2\/types\/page"}],"author":[{"embeddable":true,"href":"https:\/\/globalnavy.net\/fr\/wp-json\/wp\/v2\/users\/1"}],"replies":[{"embeddable":true,"href":"https:\/\/globalnavy.net\/fr\/wp-json\/wp\/v2\/comments?post=2073"}],"version-history":[{"count":0,"href":"https:\/\/globalnavy.net\/fr\/wp-json\/wp\/v2\/pages\/2073\/revisions"}],"wp:attachment":[{"href":"https:\/\/globalnavy.net\/fr\/wp-json\/wp\/v2\/media?parent=2073"}],"curies":[{"name":"wp","href":"https:\/\/api.w.org\/{rel}","templated":true}]}}