
{"id":2078,"date":"2018-09-27T22:45:31","date_gmt":"2018-09-27T22:45:31","guid":{"rendered":"http:\/\/globalnavy.net\/gn460wp2p\/"},"modified":"2018-09-27T22:45:31","modified_gmt":"2018-09-27T22:45:31","slug":"gn460wp2p","status":"publish","type":"page","link":"https:\/\/globalnavy.net\/fr\/gn460wp2p\/","title":{"rendered":"GlobalCryl GN460 WP 2P Elastic Membrane"},"content":{"rendered":"<div class=\"justifiedtext\">\n<div class=\"coating_page_variables\">Description<\/div>\n<p>Pack membrane elastic d&rsquo;imp\u00e9rmeabilisation aqueuse pour l&rsquo;ext\u00e9rieur.<\/p>\n<div class=\"coating_page_variables\">Secteur<\/div>\n<p>D\u00e9coratif; <\/p>\n<div class=\"coating_page_variables\">Type<\/div>\n<p>Acrylique; <\/p>\n<div class=\"coating_page_variables\">Substrat<\/div>\n<p>Enduit de Ciment; B\u00e9ton; Ma\u00e7onnerie; <\/p>\n<div class=\"coating_page_variables\">Fonction<\/div>\n<p>Tol\u00e9rant \u00e0 l&rsquo;humidit\u00e9; Autonivelante; Texture; \u00e0 base d&rsquo;eau; Rev\u00eatement des reservoirs d&rsquo;eau; <\/p>\n<div class=\"coating_page_tech_sheets\">\n<a href=\"https:\/\/globalnavy.net\/wp-content\/uploads\/2018\/08\/GN460AW2P_TDS.pdf\" target=\"_blank\" class=\"coating_page_links\" style=\"color:#efefef;\">Fiche Technique<\/a>\n<\/div>\n<\/div>\n","protected":false},"excerpt":{"rendered":"<p>Pack membrane elastic d&rsquo;imp\u00e9rmeabilisation aqueuse pour l&rsquo;ext\u00e9rieur.<\/p>\n","protected":false},"author":1,"featured_media":0,"parent":0,"menu_order":0,"comment_status":"closed","ping_status":"closed","template":"","meta":{"_mi_skip_tracking":false,"_exactmetrics_sitenote_active":false,"_exactmetrics_sitenote_note":"","_exactmetrics_sitenote_category":0},"_links":{"self":[{"href":"https:\/\/globalnavy.net\/fr\/wp-json\/wp\/v2\/pages\/2078"}],"collection":[{"href":"https:\/\/globalnavy.net\/fr\/wp-json\/wp\/v2\/pages"}],"about":[{"href":"https:\/\/globalnavy.net\/fr\/wp-json\/wp\/v2\/types\/page"}],"author":[{"embeddable":true,"href":"https:\/\/globalnavy.net\/fr\/wp-json\/wp\/v2\/users\/1"}],"replies":[{"embeddable":true,"href":"https:\/\/globalnavy.net\/fr\/wp-json\/wp\/v2\/comments?post=2078"}],"version-history":[{"count":0,"href":"https:\/\/globalnavy.net\/fr\/wp-json\/wp\/v2\/pages\/2078\/revisions"}],"wp:attachment":[{"href":"https:\/\/globalnavy.net\/fr\/wp-json\/wp\/v2\/media?parent=2078"}],"curies":[{"name":"wp","href":"https:\/\/api.w.org\/{rel}","templated":true}]}}