
{"id":2081,"date":"2018-09-27T22:46:40","date_gmt":"2018-09-27T22:46:40","guid":{"rendered":"http:\/\/globalnavy.net\/gn100ca\/"},"modified":"2018-09-27T22:46:40","modified_gmt":"2018-09-27T22:46:40","slug":"gn100ca","status":"publish","type":"page","link":"https:\/\/globalnavy.net\/fr\/gn100ca\/","title":{"rendered":"GlobalDur GN100 Epoxy Accelerator"},"content":{"rendered":"<div class=\"justifiedtext\">\n<div class=\"coating_page_variables\">Description<\/div>\n<p>Acc\u00e9l\u00e9rateur de durcissement pour \u00e9poxy.<\/p>\n<div class=\"coating_page_variables\">Secteur<\/div>\n<p>Container; D\u00e9coratif; Marine; Protective; <\/p>\n<div class=\"coating_page_variables\">Type<\/div>\n<p>\u00c9poxy; Ph\u00e9nolique \u00e9poxy; \u00c9poxy Zinc; Flocons de Verre; \u00c9poxy Modifi\u00e9; <\/p>\n<div class=\"coating_page_variables\">Substrat<\/div>\n<p>Enduit de Ciment; Carreaux; B\u00e9ton; \u00c9poxy Renforc\u00e9 de Fibres de Verre; Ma\u00e7onnerie; Acier; <\/p>\n<div class=\"coating_page_variables\">Fonction<\/div>\n<p>Acc\u00e9l\u00e9rateur; Rev\u00eatement de tuyau; Outros<\/p>\n<div class=\"coating_page_tech_sheets\">\n<a href=\"\" target=\"_blank\" class=\"coating_page_links\" style=\"color:#efefef;\">Fiche Technique<\/a>\n<\/div>\n<\/div>\n","protected":false},"excerpt":{"rendered":"<p>Acc\u00e9l\u00e9rateur de durcissement pour \u00e9poxy.<\/p>\n","protected":false},"author":1,"featured_media":0,"parent":0,"menu_order":0,"comment_status":"closed","ping_status":"closed","template":"","meta":{"_mi_skip_tracking":false,"_exactmetrics_sitenote_active":false,"_exactmetrics_sitenote_note":"","_exactmetrics_sitenote_category":0},"_links":{"self":[{"href":"https:\/\/globalnavy.net\/fr\/wp-json\/wp\/v2\/pages\/2081"}],"collection":[{"href":"https:\/\/globalnavy.net\/fr\/wp-json\/wp\/v2\/pages"}],"about":[{"href":"https:\/\/globalnavy.net\/fr\/wp-json\/wp\/v2\/types\/page"}],"author":[{"embeddable":true,"href":"https:\/\/globalnavy.net\/fr\/wp-json\/wp\/v2\/users\/1"}],"replies":[{"embeddable":true,"href":"https:\/\/globalnavy.net\/fr\/wp-json\/wp\/v2\/comments?post=2081"}],"version-history":[{"count":0,"href":"https:\/\/globalnavy.net\/fr\/wp-json\/wp\/v2\/pages\/2081\/revisions"}],"wp:attachment":[{"href":"https:\/\/globalnavy.net\/fr\/wp-json\/wp\/v2\/media?parent=2081"}],"curies":[{"name":"wp","href":"https:\/\/api.w.org\/{rel}","templated":true}]}}