
{"id":2082,"date":"2018-09-27T22:46:59","date_gmt":"2018-09-27T22:46:59","guid":{"rendered":"http:\/\/globalnavy.net\/gn101ek\/"},"modified":"2018-09-27T22:46:59","modified_gmt":"2018-09-27T22:46:59","slug":"gn101ek","status":"publish","type":"page","link":"https:\/\/globalnavy.net\/fr\/gn101ek\/","title":{"rendered":"GlobalDur GN101 Epoxy Krimer"},"content":{"rendered":"<div class=\"justifiedtext\">\n<div class=\"coating_page_variables\">Description<\/div>\n<p>Primaire, interm\u00e9diaire et finition \u00e9poxy sans solvant. Pour zones humides (jet d&rsquo;eau) ou les zones s\u00e8ches. Sans restrictions du Point de ros\u00e9e.<\/p>\n<div class=\"coating_page_variables\">Secteur<\/div>\n<p>Container; Marine; Protective; Yachting<\/p>\n<div class=\"coating_page_variables\">Type<\/div>\n<p>\u00c9poxy; \u00c9poxy Modifi\u00e9; <\/p>\n<div class=\"coating_page_variables\">Substrat<\/div>\n<p>Acier; <\/p>\n<div class=\"coating_page_variables\">Fonction<\/div>\n<p>R\u00e9sistante \u00e0 L&rsquo;abrasion; Rev\u00eatement des r\u00e9servoirs de produit chimiques; Peinture tr\u00e9s r\u00e9sistante; Tol\u00e9rant \u00e0 l&rsquo;humidit\u00e9; Couche interm\u00e9diaire; Rev\u00eatement de tuyau; Primaire; Primaire and Finition; Sans Solvant; Tol\u00e9rance de Surface; Rev\u00eatement des reservoirs d&rsquo;eau; <\/p>\n<div class=\"coating_page_tech_sheets\">\n<a href=\"https:\/\/globalnavy.net\/wp-content\/uploads\/2018\/08\/GN101EK_TDS.pdf\" target=\"_blank\" class=\"coating_page_links\" style=\"color:#efefef;\">Fiche Technique<\/a>\n<\/div>\n<\/div>\n","protected":false},"excerpt":{"rendered":"<p>Primaire, interm\u00e9diaire et finition \u00e9poxy sans solvant. Pour zones humides (jet d&rsquo;eau) ou les zones s\u00e8ches. Sans restrictions du Point de ros\u00e9e.<\/p>\n","protected":false},"author":1,"featured_media":0,"parent":0,"menu_order":0,"comment_status":"closed","ping_status":"closed","template":"","meta":{"_mi_skip_tracking":false,"_exactmetrics_sitenote_active":false,"_exactmetrics_sitenote_note":"","_exactmetrics_sitenote_category":0},"_links":{"self":[{"href":"https:\/\/globalnavy.net\/fr\/wp-json\/wp\/v2\/pages\/2082"}],"collection":[{"href":"https:\/\/globalnavy.net\/fr\/wp-json\/wp\/v2\/pages"}],"about":[{"href":"https:\/\/globalnavy.net\/fr\/wp-json\/wp\/v2\/types\/page"}],"author":[{"embeddable":true,"href":"https:\/\/globalnavy.net\/fr\/wp-json\/wp\/v2\/users\/1"}],"replies":[{"embeddable":true,"href":"https:\/\/globalnavy.net\/fr\/wp-json\/wp\/v2\/comments?post=2082"}],"version-history":[{"count":0,"href":"https:\/\/globalnavy.net\/fr\/wp-json\/wp\/v2\/pages\/2082\/revisions"}],"wp:attachment":[{"href":"https:\/\/globalnavy.net\/fr\/wp-json\/wp\/v2\/media?parent=2082"}],"curies":[{"name":"wp","href":"https:\/\/api.w.org\/{rel}","templated":true}]}}