
{"id":2084,"date":"2018-09-27T22:47:38","date_gmt":"2018-09-27T22:47:38","guid":{"rendered":"http:\/\/globalnavy.net\/gn101ht\/"},"modified":"2018-09-27T22:47:38","modified_gmt":"2018-09-27T22:47:38","slug":"gn101ht","status":"publish","type":"page","link":"https:\/\/globalnavy.net\/fr\/gn101ht\/","title":{"rendered":"GlobalDur GN101 High Temperature Epoxy"},"content":{"rendered":"<div class=\"justifiedtext\">\n<div class=\"coating_page_variables\">Description<\/div>\n<p>Primaire anticorrosive, interm\u00e9diaire et finition \u00e9poxy sans solvant pour haute temp\u00e9rature. Application dans les zones humides (jet d&rsquo;eau) ou s\u00e8ches. sechage \u00e0 des temp\u00e9ratures \u2265 180 \u00b0 C.<\/p>\n<div class=\"coating_page_variables\">Secteur<\/div>\n<p>Marine; Protective; <\/p>\n<div class=\"coating_page_variables\">Type<\/div>\n<p>\u00c9poxy; \u00c9poxy Modifi\u00e9; <\/p>\n<div class=\"coating_page_variables\">Substrat<\/div>\n<p>B\u00e9ton; Acier; <\/p>\n<div class=\"coating_page_variables\">Fonction<\/div>\n<p>R\u00e9sistant \u00e0 la chaleur; Peinture tr\u00e9s r\u00e9sistante; Couche interm\u00e9diaire; Primaire; Primaire and Finition; Sans Solvant; Tol\u00e9rance de Surface; <\/p>\n<div class=\"coating_page_tech_sheets\">\n<a href=\"https:\/\/globalnavy.net\/wp-content\/uploads\/2018\/08\/GN101HT_TDS.pdf\" target=\"_blank\" class=\"coating_page_links\" style=\"color:#efefef;\">Fiche Technique<\/a>\n<\/div>\n<\/div>\n","protected":false},"excerpt":{"rendered":"<p>Primaire anticorrosive, interm\u00e9diaire et finition \u00e9poxy sans solvant pour haute temp\u00e9rature. Application dans les zones humides (jet d&rsquo;eau) ou s\u00e8ches. sechage \u00e0 des temp\u00e9ratures \u2265 180 \u00b0 C.<\/p>\n","protected":false},"author":1,"featured_media":0,"parent":0,"menu_order":0,"comment_status":"closed","ping_status":"closed","template":"","meta":{"_mi_skip_tracking":false,"_exactmetrics_sitenote_active":false,"_exactmetrics_sitenote_note":"","_exactmetrics_sitenote_category":0},"_links":{"self":[{"href":"https:\/\/globalnavy.net\/fr\/wp-json\/wp\/v2\/pages\/2084"}],"collection":[{"href":"https:\/\/globalnavy.net\/fr\/wp-json\/wp\/v2\/pages"}],"about":[{"href":"https:\/\/globalnavy.net\/fr\/wp-json\/wp\/v2\/types\/page"}],"author":[{"embeddable":true,"href":"https:\/\/globalnavy.net\/fr\/wp-json\/wp\/v2\/users\/1"}],"replies":[{"embeddable":true,"href":"https:\/\/globalnavy.net\/fr\/wp-json\/wp\/v2\/comments?post=2084"}],"version-history":[{"count":0,"href":"https:\/\/globalnavy.net\/fr\/wp-json\/wp\/v2\/pages\/2084\/revisions"}],"wp:attachment":[{"href":"https:\/\/globalnavy.net\/fr\/wp-json\/wp\/v2\/media?parent=2084"}],"curies":[{"name":"wp","href":"https:\/\/api.w.org\/{rel}","templated":true}]}}