
{"id":2085,"date":"2018-09-27T22:47:55","date_gmt":"2018-09-27T22:47:55","guid":{"rendered":"http:\/\/globalnavy.net\/gn101lcep\/"},"modified":"2020-12-15T16:04:48","modified_gmt":"2020-12-15T16:04:48","slug":"gn101lcep","status":"publish","type":"page","link":"https:\/\/globalnavy.net\/fr\/gn101lcep\/","title":{"rendered":"GlobalDur GN101 LC Epoxy Primer"},"content":{"rendered":"<div class=\"justifiedtext\">\n<div class=\"coating_page_variables\">Description<\/div>\n<p>Solvent free low cost primer, intermediate or finish epoxy. Conversion\/Inihbitor\/ Tolerant technology. Excellent edge retention.<\/p>\n<div class=\"coating_page_variables\">Segment<\/div>\n<p>Container; Marine; Protective; Yacht.<\/p>\n<div class=\"coating_page_variables\">Type<\/div>\n<p>Epoxy; Modified Epoxy.<\/p>\n<div class=\"coating_page_variables\">Substrate<\/div>\n<p>Steel.<\/p>\n<div class=\"coating_page_variables\">Function<\/div>\n<p>Abrasion resistance; Chemical tank lining; Heavy duty coating; Humidity tolerant; Midcoat &#8211; intermediate; Pipe coating; Primer; Primer and Finish; Solvent free; Surface tolerant; Water tank lining.<\/p>\n<div class=\"coating_page_tech_sheets\">\n<a href=\"http:\/\/globalnavy.intellegibilis.com\/wp-content\/uploads\/2018\/08\/GN101LC_TDS.pdf\" target=\"_blank\" class=\"coating_page_links\" style=\"color:#efefef;\" rel=\"noopener noreferrer\">Technical Data Sheet<\/a>\n<\/div>\n<\/div>\n","protected":false},"excerpt":{"rendered":"<p>Prim\u00e1rio, interm\u00e9dio e acabamento ep\u00f3xi isento de solventes para a\u00e7o hidrodecapado (oxida\u00e7\u00e3o remanescente) sem restri\u00e7\u00f5es de Ponto de Orvalho. Tecnologia HASTIE.<\/p>\n","protected":false},"author":1,"featured_media":0,"parent":0,"menu_order":0,"comment_status":"closed","ping_status":"closed","template":"","meta":{"_mi_skip_tracking":false,"_exactmetrics_sitenote_active":false,"_exactmetrics_sitenote_note":"","_exactmetrics_sitenote_category":0},"_links":{"self":[{"href":"https:\/\/globalnavy.net\/fr\/wp-json\/wp\/v2\/pages\/2085"}],"collection":[{"href":"https:\/\/globalnavy.net\/fr\/wp-json\/wp\/v2\/pages"}],"about":[{"href":"https:\/\/globalnavy.net\/fr\/wp-json\/wp\/v2\/types\/page"}],"author":[{"embeddable":true,"href":"https:\/\/globalnavy.net\/fr\/wp-json\/wp\/v2\/users\/1"}],"replies":[{"embeddable":true,"href":"https:\/\/globalnavy.net\/fr\/wp-json\/wp\/v2\/comments?post=2085"}],"version-history":[{"count":1,"href":"https:\/\/globalnavy.net\/fr\/wp-json\/wp\/v2\/pages\/2085\/revisions"}],"predecessor-version":[{"id":3874,"href":"https:\/\/globalnavy.net\/fr\/wp-json\/wp\/v2\/pages\/2085\/revisions\/3874"}],"wp:attachment":[{"href":"https:\/\/globalnavy.net\/fr\/wp-json\/wp\/v2\/media?parent=2085"}],"curies":[{"name":"wp","href":"https:\/\/api.w.org\/{rel}","templated":true}]}}