
{"id":2086,"date":"2018-09-27T22:48:33","date_gmt":"2018-09-27T22:48:33","guid":{"rendered":"http:\/\/globalnavy.net\/gn106ep\/"},"modified":"2018-09-27T22:48:33","modified_gmt":"2018-09-27T22:48:33","slug":"gn106ep","status":"publish","type":"page","link":"https:\/\/globalnavy.net\/fr\/gn106ep\/","title":{"rendered":"GlobalDur GN106 Epoxy Primer"},"content":{"rendered":"<div class=\"justifiedtext\">\n<div class=\"coating_page_variables\">Description<\/div>\n<p>Primaire \u00e9poxy et interm\u00e9diaire \u00e0 haut rendement. Excellente protection pour l&rsquo;acier.<\/p>\n<div class=\"coating_page_variables\">Secteur<\/div>\n<p>Container; Marine; Protective; Yachting<\/p>\n<div class=\"coating_page_variables\">Type<\/div>\n<p>\u00c9poxy; \u00c9poxy Modifi\u00e9; <\/p>\n<div class=\"coating_page_variables\">Substrat<\/div>\n<p>Acier Enduit de Metal par Pulv\u00e9risation; Acier; <\/p>\n<div class=\"coating_page_variables\">Fonction<\/div>\n<p>Rev\u00eatement des r\u00e9servoirs de produit chimiques; Peinture tr\u00e9s r\u00e9sistante; Haute teneur en solides; Couche interm\u00e9diaire; Rev\u00eatement de tuyau; Primaire; Primaire and Finition; Rev\u00eatement des reservoirs d&rsquo;eau; <\/p>\n<div class=\"coating_page_tech_sheets\">\n<a href=\"https:\/\/globalnavy.net\/wp-content\/uploads\/2018\/08\/GN106EP_TDS.pdf\" target=\"_blank\" class=\"coating_page_links\" style=\"color:#efefef;\">Fiche Technique<\/a>\n<\/div>\n<\/div>\n","protected":false},"excerpt":{"rendered":"<p>Primaire \u00e9poxy et interm\u00e9diaire \u00e0 haut rendement. Excellente protection pour l&rsquo;acier.<\/p>\n","protected":false},"author":1,"featured_media":0,"parent":0,"menu_order":0,"comment_status":"closed","ping_status":"closed","template":"","meta":{"_mi_skip_tracking":false,"_exactmetrics_sitenote_active":false,"_exactmetrics_sitenote_note":"","_exactmetrics_sitenote_category":0},"_links":{"self":[{"href":"https:\/\/globalnavy.net\/fr\/wp-json\/wp\/v2\/pages\/2086"}],"collection":[{"href":"https:\/\/globalnavy.net\/fr\/wp-json\/wp\/v2\/pages"}],"about":[{"href":"https:\/\/globalnavy.net\/fr\/wp-json\/wp\/v2\/types\/page"}],"author":[{"embeddable":true,"href":"https:\/\/globalnavy.net\/fr\/wp-json\/wp\/v2\/users\/1"}],"replies":[{"embeddable":true,"href":"https:\/\/globalnavy.net\/fr\/wp-json\/wp\/v2\/comments?post=2086"}],"version-history":[{"count":0,"href":"https:\/\/globalnavy.net\/fr\/wp-json\/wp\/v2\/pages\/2086\/revisions"}],"wp:attachment":[{"href":"https:\/\/globalnavy.net\/fr\/wp-json\/wp\/v2\/media?parent=2086"}],"curies":[{"name":"wp","href":"https:\/\/api.w.org\/{rel}","templated":true}]}}