
{"id":2091,"date":"2018-09-27T22:50:17","date_gmt":"2018-09-27T22:50:17","guid":{"rendered":"http:\/\/globalnavy.net\/gn113ep\/"},"modified":"2018-09-27T22:50:17","modified_gmt":"2018-09-27T22:50:17","slug":"gn113ep","status":"publish","type":"page","link":"https:\/\/globalnavy.net\/fr\/gn113ep\/","title":{"rendered":"GlobalDur GN113 Epoxy Primer MIO"},"content":{"rendered":"<div class=\"justifiedtext\">\n<div class=\"coating_page_variables\">Description<\/div>\n<p>Primaire, interm\u00e9diare et finition avec une excellente adh\u00e9sion pour l\u00e1cier. Formulation \u00e9poxy \/ polyamide et de l&rsquo;oxyde de fer micac\u00e9.<\/p>\n<div class=\"coating_page_variables\">Secteur<\/div>\n<p>Container; Marine; Protective; <\/p>\n<div class=\"coating_page_variables\">Type<\/div>\n<p>\u00c9poxy; \u00c9poxy Modifi\u00e9; <\/p>\n<div class=\"coating_page_variables\">Substrat<\/div>\n<p>Aluminium; Acier Enduit de Metal par Pulv\u00e9risation; Acier; Acier Inoxydable; <\/p>\n<div class=\"coating_page_variables\">Fonction<\/div>\n<p>Peinture tr\u00e9s r\u00e9sistante; Haute teneur en solides; Couche interm\u00e9diaire; Rev\u00eatement de tuyau; Primaire; Primaire and Finition; <\/p>\n<div class=\"coating_page_tech_sheets\">\n<a href=\"https:\/\/globalnavy.net\/wp-content\/uploads\/2018\/08\/GN113EP_TDS.pdf\" target=\"_blank\" class=\"coating_page_links\" style=\"color:#efefef;\">Fiche Technique<\/a>\n<\/div>\n<\/div>\n","protected":false},"excerpt":{"rendered":"<p>Primaire, interm\u00e9diare et finition avec une excellente adh\u00e9sion pour l\u00e1cier. Formulation \u00e9poxy \/ polyamide et de l&rsquo;oxyde de fer micac\u00e9.<\/p>\n","protected":false},"author":1,"featured_media":0,"parent":0,"menu_order":0,"comment_status":"closed","ping_status":"closed","template":"","meta":{"_mi_skip_tracking":false,"_exactmetrics_sitenote_active":false,"_exactmetrics_sitenote_note":"","_exactmetrics_sitenote_category":0},"_links":{"self":[{"href":"https:\/\/globalnavy.net\/fr\/wp-json\/wp\/v2\/pages\/2091"}],"collection":[{"href":"https:\/\/globalnavy.net\/fr\/wp-json\/wp\/v2\/pages"}],"about":[{"href":"https:\/\/globalnavy.net\/fr\/wp-json\/wp\/v2\/types\/page"}],"author":[{"embeddable":true,"href":"https:\/\/globalnavy.net\/fr\/wp-json\/wp\/v2\/users\/1"}],"replies":[{"embeddable":true,"href":"https:\/\/globalnavy.net\/fr\/wp-json\/wp\/v2\/comments?post=2091"}],"version-history":[{"count":0,"href":"https:\/\/globalnavy.net\/fr\/wp-json\/wp\/v2\/pages\/2091\/revisions"}],"wp:attachment":[{"href":"https:\/\/globalnavy.net\/fr\/wp-json\/wp\/v2\/media?parent=2091"}],"curies":[{"name":"wp","href":"https:\/\/api.w.org\/{rel}","templated":true}]}}