
{"id":2092,"date":"2018-09-27T22:50:36","date_gmt":"2018-09-27T22:50:36","guid":{"rendered":"http:\/\/globalnavy.net\/gn113wz\/"},"modified":"2018-09-27T22:50:36","modified_gmt":"2018-09-27T22:50:36","slug":"gn113wz","status":"publish","type":"page","link":"https:\/\/globalnavy.net\/fr\/gn113wz\/","title":{"rendered":"GlobalDur GN113 Waterbased Zinc"},"content":{"rendered":"<div class=\"justifiedtext\">\n<div class=\"coating_page_variables\">Description<\/div>\n<p>Appr\u00eat Epoxy  \u00e0 base d&rsquo;eau riche au zinc .<\/p>\n<div class=\"coating_page_variables\">Secteur<\/div>\n<p>Container; Protective; <\/p>\n<div class=\"coating_page_variables\">Type<\/div>\n<p>\u00c9poxy; \u00c9poxy Zinc; Zinc; <\/p>\n<div class=\"coating_page_variables\">Substrat<\/div>\n<p>Acier; <\/p>\n<div class=\"coating_page_variables\">Fonction<\/div>\n<p>Peinture tr\u00e9s r\u00e9sistante; Tol\u00e9rant \u00e0 l&rsquo;humidit\u00e9; Rev\u00eatement de tuyau; Primaire; \u00e0 base d&rsquo;eau; <\/p>\n<div class=\"coating_page_tech_sheets\">\n<a href=\"http:\/\/globalnavy.net\/wp-content\/uploads\/2018\/08\/GN113WZ_TDS.pdf\" target=\"_blank\" class=\"coating_page_links\" style=\"color:#efefef;\">Fiche Technique<\/a>\n<\/div>\n<\/div>\n","protected":false},"excerpt":{"rendered":"<p>Appr\u00eat Epoxy  \u00e0 base d&rsquo;eau riche au zinc .<\/p>\n","protected":false},"author":1,"featured_media":0,"parent":0,"menu_order":0,"comment_status":"closed","ping_status":"closed","template":"","meta":{"_mi_skip_tracking":false,"_exactmetrics_sitenote_active":false,"_exactmetrics_sitenote_note":"","_exactmetrics_sitenote_category":0},"_links":{"self":[{"href":"https:\/\/globalnavy.net\/fr\/wp-json\/wp\/v2\/pages\/2092"}],"collection":[{"href":"https:\/\/globalnavy.net\/fr\/wp-json\/wp\/v2\/pages"}],"about":[{"href":"https:\/\/globalnavy.net\/fr\/wp-json\/wp\/v2\/types\/page"}],"author":[{"embeddable":true,"href":"https:\/\/globalnavy.net\/fr\/wp-json\/wp\/v2\/users\/1"}],"replies":[{"embeddable":true,"href":"https:\/\/globalnavy.net\/fr\/wp-json\/wp\/v2\/comments?post=2092"}],"version-history":[{"count":0,"href":"https:\/\/globalnavy.net\/fr\/wp-json\/wp\/v2\/pages\/2092\/revisions"}],"wp:attachment":[{"href":"https:\/\/globalnavy.net\/fr\/wp-json\/wp\/v2\/media?parent=2092"}],"curies":[{"name":"wp","href":"https:\/\/api.w.org\/{rel}","templated":true}]}}