
{"id":2095,"date":"2018-09-27T22:51:24","date_gmt":"2018-09-27T22:51:24","guid":{"rendered":"http:\/\/globalnavy.net\/gn114fclt\/"},"modified":"2018-09-27T22:51:24","modified_gmt":"2018-09-27T22:51:24","slug":"gn114fclt","status":"publish","type":"page","link":"https:\/\/globalnavy.net\/fr\/gn114fclt\/","title":{"rendered":"GlobalDur GN114 Fast Curing Epoxy Primer"},"content":{"rendered":"<div class=\"justifiedtext\">\n<div class=\"coating_page_variables\">Description<\/div>\n<p>Primaire \u00e9poxy sans solvant pour un durcissement rapide \u00e0 basses temp\u00e9ratures et les surfaces humides.<\/p>\n<div class=\"coating_page_variables\">Secteur<\/div>\n<p>D\u00e9coratif; Protective; <\/p>\n<div class=\"coating_page_variables\">Type<\/div>\n<p>\u00c9poxy; \u00c9poxy Modifi\u00e9; <\/p>\n<div class=\"coating_page_variables\">Substrat<\/div>\n<p>B\u00e9ton; Panneaux de Fibres; \u00c9poxy Renforc\u00e9 de Fibres de Verre; <\/p>\n<div class=\"coating_page_variables\">Fonction<\/div>\n<p>Rev\u00eatement des r\u00e9servoirs de produit chimiques; R\u00e9parations \u00e0 la fibre de verre; Peinture tr\u00e9s r\u00e9sistante; Tol\u00e9rant \u00e0 l&rsquo;humidit\u00e9; Polym\u00e9rise \u00e0 basse temp\u00e9rature; Rev\u00eatement de tuyau; Primaire; Primaire and Finition; Sans Solvant; Rev\u00eatement des reservoirs d&rsquo;eau; <\/p>\n<div class=\"coating_page_tech_sheets\">\n<a href=\"\" target=\"_blank\" class=\"coating_page_links\" style=\"color:#efefef;\">Fiche Technique<\/a>\n<\/div>\n<\/div>\n","protected":false},"excerpt":{"rendered":"<p>Primaire \u00e9poxy sans solvant pour un durcissement rapide \u00e0 basses temp\u00e9ratures et les surfaces humides.<\/p>\n","protected":false},"author":1,"featured_media":0,"parent":0,"menu_order":0,"comment_status":"closed","ping_status":"closed","template":"","meta":{"_mi_skip_tracking":false,"_exactmetrics_sitenote_active":false,"_exactmetrics_sitenote_note":"","_exactmetrics_sitenote_category":0},"_links":{"self":[{"href":"https:\/\/globalnavy.net\/fr\/wp-json\/wp\/v2\/pages\/2095"}],"collection":[{"href":"https:\/\/globalnavy.net\/fr\/wp-json\/wp\/v2\/pages"}],"about":[{"href":"https:\/\/globalnavy.net\/fr\/wp-json\/wp\/v2\/types\/page"}],"author":[{"embeddable":true,"href":"https:\/\/globalnavy.net\/fr\/wp-json\/wp\/v2\/users\/1"}],"replies":[{"embeddable":true,"href":"https:\/\/globalnavy.net\/fr\/wp-json\/wp\/v2\/comments?post=2095"}],"version-history":[{"count":0,"href":"https:\/\/globalnavy.net\/fr\/wp-json\/wp\/v2\/pages\/2095\/revisions"}],"wp:attachment":[{"href":"https:\/\/globalnavy.net\/fr\/wp-json\/wp\/v2\/media?parent=2095"}],"curies":[{"name":"wp","href":"https:\/\/api.w.org\/{rel}","templated":true}]}}