
{"id":2101,"date":"2018-09-27T22:53:04","date_gmt":"2018-09-27T22:53:04","guid":{"rendered":"http:\/\/globalnavy.net\/gn120er\/"},"modified":"2020-12-16T11:12:37","modified_gmt":"2020-12-16T11:12:37","slug":"gn120er","status":"publish","type":"page","link":"https:\/\/globalnavy.net\/fr\/gn120er\/","title":{"rendered":"GlobalDur GN120 Epoxy Resin"},"content":{"rendered":"<div class=\"justifiedtext\">\n<div class=\"coating_page_variables\">Description<\/div>\n<p>Excellent colorless epoxy resin without solvents with good viscosity to multi layers and mortar floors.<\/p>\n<div class=\"coating_page_variables\">Segment<\/div>\n<p>Decorative; Marine; Protective; Yacht.<\/p>\n<div class=\"coating_page_variables\">Type<\/div>\n<p>Epoxy.<\/p>\n<div class=\"coating_page_variables\">Substrate<\/div>\n<p>Cement Rendering; Ceramic Tiles; Concrete; Fibre board; Glass Fibre Reinforced epoxy.<\/p>\n<div class=\"coating_page_variables\">Function<\/div>\n<p>Abrasion resistance; Anti-skid; Chemical tank lining; Filler &#8211; putty; Filler &#8211; putty; Glass fibre repair; Heavy duty coating; Injection; Midcoat &#8211; intermediate; Pipe coating; Primer; Primer and Finish; Sealer; Solvent free; Water tank lining.<\/p>\n<div class=\"coating_page_tech_sheets\">\n<a href=\"http:\/\/globalnavy.intellegibilis.com\/wp-content\/uploads\/2018\/08\/GN120ER_TDS.pdf\" target=\"_blank\" class=\"coating_page_links\" style=\"color:#efefef;\" rel=\"noopener noreferrer\">Technical Data Sheet<\/a>\n<\/div>\n<\/div>\n","protected":false},"excerpt":{"rendered":"<p>Excellente r\u00e9sine \u00e9poxy incolore sans solvant avec une bonne viscosit\u00e9 pour les mortiers multicouches.<\/p>\n","protected":false},"author":1,"featured_media":0,"parent":0,"menu_order":0,"comment_status":"closed","ping_status":"closed","template":"","meta":{"_mi_skip_tracking":false,"_exactmetrics_sitenote_active":false,"_exactmetrics_sitenote_note":"","_exactmetrics_sitenote_category":0},"_links":{"self":[{"href":"https:\/\/globalnavy.net\/fr\/wp-json\/wp\/v2\/pages\/2101"}],"collection":[{"href":"https:\/\/globalnavy.net\/fr\/wp-json\/wp\/v2\/pages"}],"about":[{"href":"https:\/\/globalnavy.net\/fr\/wp-json\/wp\/v2\/types\/page"}],"author":[{"embeddable":true,"href":"https:\/\/globalnavy.net\/fr\/wp-json\/wp\/v2\/users\/1"}],"replies":[{"embeddable":true,"href":"https:\/\/globalnavy.net\/fr\/wp-json\/wp\/v2\/comments?post=2101"}],"version-history":[{"count":1,"href":"https:\/\/globalnavy.net\/fr\/wp-json\/wp\/v2\/pages\/2101\/revisions"}],"predecessor-version":[{"id":3906,"href":"https:\/\/globalnavy.net\/fr\/wp-json\/wp\/v2\/pages\/2101\/revisions\/3906"}],"wp:attachment":[{"href":"https:\/\/globalnavy.net\/fr\/wp-json\/wp\/v2\/media?parent=2101"}],"curies":[{"name":"wp","href":"https:\/\/api.w.org\/{rel}","templated":true}]}}