
{"id":2103,"date":"2018-09-27T22:53:36","date_gmt":"2018-09-27T22:53:36","guid":{"rendered":"http:\/\/globalnavy.net\/gn121ep\/"},"modified":"2018-09-27T22:53:36","modified_gmt":"2018-09-27T22:53:36","slug":"gn121ep","status":"publish","type":"page","link":"https:\/\/globalnavy.net\/fr\/gn121ep\/","title":{"rendered":"GlobalDur GN121 Epoxy Primer"},"content":{"rendered":"<div class=\"justifiedtext\">\n<div class=\"coating_page_variables\">Description<\/div>\n<p>Excellente \u00e9poxy primaire polyvalente convertisseur  et tol\u00e9rante \u00e0 l&rsquo;humidit\u00e9. Applicable sur acier et b\u00e9ton.<\/p>\n<div class=\"coating_page_variables\">Secteur<\/div>\n<p>Container; Marine; Protective; <\/p>\n<div class=\"coating_page_variables\">Type<\/div>\n<p>\u00c9poxy; \u00c9poxy Modifi\u00e9; <\/p>\n<div class=\"coating_page_variables\">Substrat<\/div>\n<p>B\u00e9ton; Panneaux de Fibres; Acier; <\/p>\n<div class=\"coating_page_variables\">Fonction<\/div>\n<p>R\u00e9sistante \u00e0 L&rsquo;abrasion; Peinture tr\u00e9s r\u00e9sistante; Haute teneur en solides; Tol\u00e9rant \u00e0 l&rsquo;humidit\u00e9; Couche interm\u00e9diaire; Primaire; Primaire and Finition; Marquage des routes\/Signal; Tol\u00e9rance de Surface; <\/p>\n<div class=\"coating_page_tech_sheets\">\n<a href=\"https:\/\/globalnavy.net\/wp-content\/uploads\/2018\/08\/GN121EP_TDS.pdf\" target=\"_blank\" class=\"coating_page_links\" style=\"color:#efefef;\">Fiche Technique<\/a>\n<\/div>\n<\/div>\n","protected":false},"excerpt":{"rendered":"<p>Excellente \u00e9poxy primaire polyvalente convertisseur  et tol\u00e9rante \u00e0 l&rsquo;humidit\u00e9. Applicable sur acier et b\u00e9ton.<\/p>\n","protected":false},"author":1,"featured_media":0,"parent":0,"menu_order":0,"comment_status":"closed","ping_status":"closed","template":"","meta":{"_mi_skip_tracking":false,"_exactmetrics_sitenote_active":false,"_exactmetrics_sitenote_note":"","_exactmetrics_sitenote_category":0},"_links":{"self":[{"href":"https:\/\/globalnavy.net\/fr\/wp-json\/wp\/v2\/pages\/2103"}],"collection":[{"href":"https:\/\/globalnavy.net\/fr\/wp-json\/wp\/v2\/pages"}],"about":[{"href":"https:\/\/globalnavy.net\/fr\/wp-json\/wp\/v2\/types\/page"}],"author":[{"embeddable":true,"href":"https:\/\/globalnavy.net\/fr\/wp-json\/wp\/v2\/users\/1"}],"replies":[{"embeddable":true,"href":"https:\/\/globalnavy.net\/fr\/wp-json\/wp\/v2\/comments?post=2103"}],"version-history":[{"count":0,"href":"https:\/\/globalnavy.net\/fr\/wp-json\/wp\/v2\/pages\/2103\/revisions"}],"wp:attachment":[{"href":"https:\/\/globalnavy.net\/fr\/wp-json\/wp\/v2\/media?parent=2103"}],"curies":[{"name":"wp","href":"https:\/\/api.w.org\/{rel}","templated":true}]}}