
{"id":2106,"date":"2018-09-27T22:54:24","date_gmt":"2018-09-27T22:54:24","guid":{"rendered":"http:\/\/globalnavy.net\/gn124wp\/"},"modified":"2018-09-27T22:54:24","modified_gmt":"2018-09-27T22:54:24","slug":"gn124wp","status":"publish","type":"page","link":"https:\/\/globalnavy.net\/fr\/gn124wp\/","title":{"rendered":"GlobalDur GN124 Wash Primer"},"content":{"rendered":"<div class=\"justifiedtext\">\n<div class=\"coating_page_variables\">Description<\/div>\n<p>s\u00e9chage rapide. Excellente adh\u00e9rence \u00e0 l&rsquo;alliage et supports galvanis\u00e9s.Convient \u00e0 des op\u00e9rations de soudage et d\u00e9coupage..<\/p>\n<div class=\"coating_page_variables\">Secteur<\/div>\n<p>Marine; Protective; Yachting<\/p>\n<div class=\"coating_page_variables\">Type<\/div>\n<p>Ph\u00e9nolique \u00e9poxy; \u00c9poxy Modifi\u00e9; <\/p>\n<div class=\"coating_page_variables\">Substrat<\/div>\n<p>Aluminium; Panneaux de Fibres; Acier Galvanis\u00e9; \u00c9poxy Renforc\u00e9 de Fibres de Verre; Polyester Renforc\u00e9 de Fibres de Verre; Acier Enduit de Metal par Pulv\u00e9risation; Acier; Acier Inoxydable; <\/p>\n<div class=\"coating_page_variables\">Fonction<\/div>\n<p>R\u00e9parations \u00e0 la fibre de verre; Peinture tr\u00e9s r\u00e9sistante; Primaire; Primaire d&rsquo;attente; <\/p>\n<div class=\"coating_page_tech_sheets\">\n<a href=\"https:\/\/globalnavy.net\/wp-content\/uploads\/2018\/08\/GN124WP_TDS.pdf\" target=\"_blank\" class=\"coating_page_links\" style=\"color:#efefef;\">Fiche Technique<\/a>\n<\/div>\n<\/div>\n","protected":false},"excerpt":{"rendered":"<p>s\u00e9chage rapide. Excellente adh\u00e9rence \u00e0 l&rsquo;alliage et supports galvanis\u00e9s.Convient \u00e0 des op\u00e9rations de soudage et d\u00e9coupage..<\/p>\n","protected":false},"author":1,"featured_media":0,"parent":0,"menu_order":0,"comment_status":"closed","ping_status":"closed","template":"","meta":{"_mi_skip_tracking":false,"_exactmetrics_sitenote_active":false,"_exactmetrics_sitenote_note":"","_exactmetrics_sitenote_category":0},"_links":{"self":[{"href":"https:\/\/globalnavy.net\/fr\/wp-json\/wp\/v2\/pages\/2106"}],"collection":[{"href":"https:\/\/globalnavy.net\/fr\/wp-json\/wp\/v2\/pages"}],"about":[{"href":"https:\/\/globalnavy.net\/fr\/wp-json\/wp\/v2\/types\/page"}],"author":[{"embeddable":true,"href":"https:\/\/globalnavy.net\/fr\/wp-json\/wp\/v2\/users\/1"}],"replies":[{"embeddable":true,"href":"https:\/\/globalnavy.net\/fr\/wp-json\/wp\/v2\/comments?post=2106"}],"version-history":[{"count":0,"href":"https:\/\/globalnavy.net\/fr\/wp-json\/wp\/v2\/pages\/2106\/revisions"}],"wp:attachment":[{"href":"https:\/\/globalnavy.net\/fr\/wp-json\/wp\/v2\/media?parent=2106"}],"curies":[{"name":"wp","href":"https:\/\/api.w.org\/{rel}","templated":true}]}}