
{"id":2110,"date":"2018-09-27T22:55:43","date_gmt":"2018-09-27T22:55:43","guid":{"rendered":"http:\/\/globalnavy.net\/gn131sp\/"},"modified":"2018-09-27T22:55:43","modified_gmt":"2018-09-27T22:55:43","slug":"gn131sp","status":"publish","type":"page","link":"https:\/\/globalnavy.net\/fr\/gn131sp\/","title":{"rendered":"GlobalDur GN131 Shop Primer"},"content":{"rendered":"<div class=\"justifiedtext\">\n<div class=\"coating_page_variables\">Description<\/div>\n<p>\u00c9poxy \u00ab\u00a0pr\u00e9-primaire\u00a0\u00bb con\u00e7u sp\u00e9cialement pour l&rsquo;application du syst\u00e8me finition series GN101.<\/p>\n<div class=\"coating_page_variables\">Secteur<\/div>\n<p>Marine; Yachting<\/p>\n<div class=\"coating_page_variables\">Type<\/div>\n<p>\u00c9poxy; <\/p>\n<div class=\"coating_page_variables\">Substrat<\/div>\n<p>Acier; <\/p>\n<div class=\"coating_page_variables\">Fonction<\/div>\n<p>R\u00e9parations \u00e0 la fibre de verre; Peinture tr\u00e9s r\u00e9sistante; Primaire; Primaire d&rsquo;attente; <\/p>\n<div class=\"coating_page_tech_sheets\">\n<a href=\"https:\/\/globalnavy.net\/wp-content\/uploads\/2018\/08\/GN131SP_TDS.pdf\" target=\"_blank\" class=\"coating_page_links\" style=\"color:#efefef;\">Fiche Technique<\/a>\n<\/div>\n<\/div>\n","protected":false},"excerpt":{"rendered":"<p>\u00c9poxy \u00ab\u00a0pr\u00e9-primaire\u00a0\u00bb con\u00e7u sp\u00e9cialement pour l&rsquo;application du syst\u00e8me finition series GN101.<\/p>\n","protected":false},"author":1,"featured_media":0,"parent":0,"menu_order":0,"comment_status":"closed","ping_status":"closed","template":"","meta":{"_mi_skip_tracking":false,"_exactmetrics_sitenote_active":false,"_exactmetrics_sitenote_note":"","_exactmetrics_sitenote_category":0},"_links":{"self":[{"href":"https:\/\/globalnavy.net\/fr\/wp-json\/wp\/v2\/pages\/2110"}],"collection":[{"href":"https:\/\/globalnavy.net\/fr\/wp-json\/wp\/v2\/pages"}],"about":[{"href":"https:\/\/globalnavy.net\/fr\/wp-json\/wp\/v2\/types\/page"}],"author":[{"embeddable":true,"href":"https:\/\/globalnavy.net\/fr\/wp-json\/wp\/v2\/users\/1"}],"replies":[{"embeddable":true,"href":"https:\/\/globalnavy.net\/fr\/wp-json\/wp\/v2\/comments?post=2110"}],"version-history":[{"count":0,"href":"https:\/\/globalnavy.net\/fr\/wp-json\/wp\/v2\/pages\/2110\/revisions"}],"wp:attachment":[{"href":"https:\/\/globalnavy.net\/fr\/wp-json\/wp\/v2\/media?parent=2110"}],"curies":[{"name":"wp","href":"https:\/\/api.w.org\/{rel}","templated":true}]}}