
{"id":2111,"date":"2018-09-27T22:56:00","date_gmt":"2018-09-27T22:56:00","guid":{"rendered":"http:\/\/globalnavy.net\/gn132cr\/"},"modified":"2018-09-27T22:56:00","modified_gmt":"2018-09-27T22:56:00","slug":"gn132cr","status":"publish","type":"page","link":"https:\/\/globalnavy.net\/fr\/gn132cr\/","title":{"rendered":"GlobalDur GN132 Chemical Resistance"},"content":{"rendered":"<div class=\"justifiedtext\">\n<div class=\"coating_page_variables\">Description<\/div>\n<p>Resine \u00e9poxy finition sans solvant . Une excellente r\u00e9sistance chimique.<\/p>\n<div class=\"coating_page_variables\">Secteur<\/div>\n<p>Protective; <\/p>\n<div class=\"coating_page_variables\">Type<\/div>\n<p>\u00c9poxy; \u00c9poxy Modifi\u00e9; <\/p>\n<div class=\"coating_page_variables\">Substrat<\/div>\n<p>B\u00e9ton; \u00c9poxy Renforc\u00e9 de Fibres de Verre; Polyester Renforc\u00e9 de Fibres de Verre; Acier; <\/p>\n<div class=\"coating_page_variables\">Fonction<\/div>\n<p>R\u00e9sistante \u00e0 L&rsquo;abrasion; Rev\u00eatement des r\u00e9servoirs de produit chimiques; R\u00e9parations \u00e0 la fibre de verre; Peinture tr\u00e9s r\u00e9sistante; Rev\u00eatement de tuyau; Sans Solvant; Couche de finition; Rev\u00eatement des reservoirs d&rsquo;eau; <\/p>\n<div class=\"coating_page_tech_sheets\">\n<a href=\"\" target=\"_blank\" class=\"coating_page_links\" style=\"color:#efefef;\">Fiche Technique<\/a>\n<\/div>\n<\/div>\n","protected":false},"excerpt":{"rendered":"<p>Resine \u00e9poxy finition sans solvant . Une excellente r\u00e9sistance chimique.<\/p>\n","protected":false},"author":1,"featured_media":0,"parent":0,"menu_order":0,"comment_status":"closed","ping_status":"closed","template":"","meta":{"_mi_skip_tracking":false,"_exactmetrics_sitenote_active":false,"_exactmetrics_sitenote_note":"","_exactmetrics_sitenote_category":0},"_links":{"self":[{"href":"https:\/\/globalnavy.net\/fr\/wp-json\/wp\/v2\/pages\/2111"}],"collection":[{"href":"https:\/\/globalnavy.net\/fr\/wp-json\/wp\/v2\/pages"}],"about":[{"href":"https:\/\/globalnavy.net\/fr\/wp-json\/wp\/v2\/types\/page"}],"author":[{"embeddable":true,"href":"https:\/\/globalnavy.net\/fr\/wp-json\/wp\/v2\/users\/1"}],"replies":[{"embeddable":true,"href":"https:\/\/globalnavy.net\/fr\/wp-json\/wp\/v2\/comments?post=2111"}],"version-history":[{"count":0,"href":"https:\/\/globalnavy.net\/fr\/wp-json\/wp\/v2\/pages\/2111\/revisions"}],"wp:attachment":[{"href":"https:\/\/globalnavy.net\/fr\/wp-json\/wp\/v2\/media?parent=2111"}],"curies":[{"name":"wp","href":"https:\/\/api.w.org\/{rel}","templated":true}]}}