
{"id":2112,"date":"2018-09-27T22:56:16","date_gmt":"2018-09-27T22:56:16","guid":{"rendered":"http:\/\/globalnavy.net\/gn132eflt\/"},"modified":"2018-09-27T22:56:16","modified_gmt":"2018-09-27T22:56:16","slug":"gn132eflt","status":"publish","type":"page","link":"https:\/\/globalnavy.net\/fr\/gn132eflt\/","title":{"rendered":"GlobalDur GN132 Epoxy Finish Low Temp."},"content":{"rendered":"<div class=\"justifiedtext\">\n<div class=\"coating_page_variables\">Description<\/div>\n<p>Peinture \u00e9poxy sans solvant, auto-nivelant  pour sol. Une excellente r\u00e9sistance chimique et s\u00e9chage \u00e0 basse temp\u00e9rature<\/p>\n<div class=\"coating_page_variables\">Secteur<\/div>\n<p>D\u00e9coratif; Protective; <\/p>\n<div class=\"coating_page_variables\">Type<\/div>\n<p>\u00c9poxy; <\/p>\n<div class=\"coating_page_variables\">Substrat<\/div>\n<p>Enduit de Ciment; Carreaux; B\u00e9ton; <\/p>\n<div class=\"coating_page_variables\">Fonction<\/div>\n<p>R\u00e9sistante \u00e0 L&rsquo;abrasion; Anti-d\u00e9rapante; Peinture tr\u00e9s r\u00e9sistante; Polym\u00e9rise \u00e0 basse temp\u00e9rature; Couche interm\u00e9diaire; Primaire; Primaire and Finition; Sans Solvant; Couche de finition; <\/p>\n<div class=\"coating_page_tech_sheets\">\n<a href=\"\" target=\"_blank\" class=\"coating_page_links\" style=\"color:#efefef;\">Fiche Technique<\/a>\n<\/div>\n<\/div>\n","protected":false},"excerpt":{"rendered":"<p>Peinture \u00e9poxy sans solvant, auto-nivelant  pour sol. Une excellente r\u00e9sistance chimique et s\u00e9chage \u00e0 basse temp\u00e9rature<\/p>\n","protected":false},"author":1,"featured_media":0,"parent":0,"menu_order":0,"comment_status":"closed","ping_status":"closed","template":"","meta":{"_mi_skip_tracking":false,"_exactmetrics_sitenote_active":false,"_exactmetrics_sitenote_note":"","_exactmetrics_sitenote_category":0},"_links":{"self":[{"href":"https:\/\/globalnavy.net\/fr\/wp-json\/wp\/v2\/pages\/2112"}],"collection":[{"href":"https:\/\/globalnavy.net\/fr\/wp-json\/wp\/v2\/pages"}],"about":[{"href":"https:\/\/globalnavy.net\/fr\/wp-json\/wp\/v2\/types\/page"}],"author":[{"embeddable":true,"href":"https:\/\/globalnavy.net\/fr\/wp-json\/wp\/v2\/users\/1"}],"replies":[{"embeddable":true,"href":"https:\/\/globalnavy.net\/fr\/wp-json\/wp\/v2\/comments?post=2112"}],"version-history":[{"count":0,"href":"https:\/\/globalnavy.net\/fr\/wp-json\/wp\/v2\/pages\/2112\/revisions"}],"wp:attachment":[{"href":"https:\/\/globalnavy.net\/fr\/wp-json\/wp\/v2\/media?parent=2112"}],"curies":[{"name":"wp","href":"https:\/\/api.w.org\/{rel}","templated":true}]}}