
{"id":2116,"date":"2018-09-27T22:57:18","date_gmt":"2018-09-27T22:57:18","guid":{"rendered":"http:\/\/globalnavy.net\/gn134ue\/"},"modified":"2018-09-27T22:57:18","modified_gmt":"2018-09-27T22:57:18","slug":"gn134ue","status":"publish","type":"page","link":"https:\/\/globalnavy.net\/fr\/gn134ue\/","title":{"rendered":"GlobalDur GN134 Underwater Epoxy"},"content":{"rendered":"<div class=\"justifiedtext\">\n<div class=\"coating_page_variables\">Description<\/div>\n<p>R\u00e9sine \u00e9poxy sans solvant pour injection.  Pour applications immerg\u00e9es. Excellente solution pour injection ou reparation des mortiers.<\/p>\n<div class=\"coating_page_variables\">Secteur<\/div>\n<p>Marine; Protective; <\/p>\n<div class=\"coating_page_variables\">Type<\/div>\n<p>\u00c9poxy; \u00c9poxy Modifi\u00e9; <\/p>\n<div class=\"coating_page_variables\">Substrat<\/div>\n<p>\u00c9poxy Renforc\u00e9 de Fibres de Verre; Polyester Renforc\u00e9 de Fibres de Verre; Acier; <\/p>\n<div class=\"coating_page_variables\">Fonction<\/div>\n<p>Mastique de Remplissage; Mastique de Remplissage; R\u00e9parations \u00e0 la fibre de verre; Peinture tr\u00e9s r\u00e9sistante; Tol\u00e9rant \u00e0 l&rsquo;humidit\u00e9; Polym\u00e9rise \u00e0 basse temp\u00e9rature; Injection; Sans Solvant; Application sous-marine; <\/p>\n<div class=\"coating_page_tech_sheets\">\n<a href=\"https:\/\/globalnavy.net\/wp-content\/uploads\/2018\/08\/GN134UE_TDS.pdf\" target=\"_blank\" class=\"coating_page_links\" style=\"color:#efefef;\">Fiche Technique<\/a>\n<\/div>\n<\/div>\n","protected":false},"excerpt":{"rendered":"<p>R\u00e9sine \u00e9poxy sans solvant pour injection.  Pour applications immerg\u00e9es. Excellente solution pour injection ou reparation des mortiers.<\/p>\n","protected":false},"author":1,"featured_media":0,"parent":0,"menu_order":0,"comment_status":"closed","ping_status":"closed","template":"","meta":{"_mi_skip_tracking":false,"_exactmetrics_sitenote_active":false,"_exactmetrics_sitenote_note":"","_exactmetrics_sitenote_category":0},"_links":{"self":[{"href":"https:\/\/globalnavy.net\/fr\/wp-json\/wp\/v2\/pages\/2116"}],"collection":[{"href":"https:\/\/globalnavy.net\/fr\/wp-json\/wp\/v2\/pages"}],"about":[{"href":"https:\/\/globalnavy.net\/fr\/wp-json\/wp\/v2\/types\/page"}],"author":[{"embeddable":true,"href":"https:\/\/globalnavy.net\/fr\/wp-json\/wp\/v2\/users\/1"}],"replies":[{"embeddable":true,"href":"https:\/\/globalnavy.net\/fr\/wp-json\/wp\/v2\/comments?post=2116"}],"version-history":[{"count":0,"href":"https:\/\/globalnavy.net\/fr\/wp-json\/wp\/v2\/pages\/2116\/revisions"}],"wp:attachment":[{"href":"https:\/\/globalnavy.net\/fr\/wp-json\/wp\/v2\/media?parent=2116"}],"curies":[{"name":"wp","href":"https:\/\/api.w.org\/{rel}","templated":true}]}}