
{"id":2123,"date":"2018-09-27T22:59:09","date_gmt":"2018-09-27T22:59:09","guid":{"rendered":"http:\/\/globalnavy.net\/gn153ew\/"},"modified":"2018-09-27T22:59:09","modified_gmt":"2018-09-27T22:59:09","slug":"gn153ew","status":"publish","type":"page","link":"https:\/\/globalnavy.net\/fr\/gn153ew\/","title":{"rendered":"GlobalDur GN153 Epoxy Finish WB"},"content":{"rendered":"<div class=\"justifiedtext\">\n<div class=\"coating_page_variables\">Description<\/div>\n<p>Excellent rev\u00eatement \u00e9poxy sans solvant . Excellente propiet\u00e9s esth\u00e9tique, chimiques et m\u00e9caniques. Application dans le b\u00e9ton.<\/p>\n<div class=\"coating_page_variables\">Secteur<\/div>\n<p>D\u00e9coratif; Protective; <\/p>\n<div class=\"coating_page_variables\">Type<\/div>\n<p>\u00c9poxy; <\/p>\n<div class=\"coating_page_variables\">Substrat<\/div>\n<p>Amiante; Enduit de Ciment; B\u00e9ton; Panneaux de Fibres; Ma\u00e7onnerie; <\/p>\n<div class=\"coating_page_variables\">Fonction<\/div>\n<p>R\u00e9sistante \u00e0 L&rsquo;abrasion; Anti-d\u00e9rapante; Peinture tr\u00e9s r\u00e9sistante; Haute teneur en solides; Tol\u00e9rant \u00e0 l&rsquo;humidit\u00e9; Couche de finition; \u00e0 base d&rsquo;eau; <\/p>\n<div class=\"coating_page_tech_sheets\">\n<a href=\"https:\/\/globalnavy.net\/wp-content\/uploads\/2018\/08\/GN153EW_TDS.pdf\" target=\"_blank\" class=\"coating_page_links\" style=\"color:#efefef;\">Fiche Technique<\/a>\n<\/div>\n<\/div>\n","protected":false},"excerpt":{"rendered":"<p>Excellent rev\u00eatement \u00e9poxy sans solvant . Excellente propiet\u00e9s esth\u00e9tique, chimiques et m\u00e9caniques. Application dans le b\u00e9ton.<\/p>\n","protected":false},"author":1,"featured_media":0,"parent":0,"menu_order":0,"comment_status":"closed","ping_status":"closed","template":"","meta":{"_mi_skip_tracking":false,"_exactmetrics_sitenote_active":false,"_exactmetrics_sitenote_note":"","_exactmetrics_sitenote_category":0},"_links":{"self":[{"href":"https:\/\/globalnavy.net\/fr\/wp-json\/wp\/v2\/pages\/2123"}],"collection":[{"href":"https:\/\/globalnavy.net\/fr\/wp-json\/wp\/v2\/pages"}],"about":[{"href":"https:\/\/globalnavy.net\/fr\/wp-json\/wp\/v2\/types\/page"}],"author":[{"embeddable":true,"href":"https:\/\/globalnavy.net\/fr\/wp-json\/wp\/v2\/users\/1"}],"replies":[{"embeddable":true,"href":"https:\/\/globalnavy.net\/fr\/wp-json\/wp\/v2\/comments?post=2123"}],"version-history":[{"count":0,"href":"https:\/\/globalnavy.net\/fr\/wp-json\/wp\/v2\/pages\/2123\/revisions"}],"wp:attachment":[{"href":"https:\/\/globalnavy.net\/fr\/wp-json\/wp\/v2\/media?parent=2123"}],"curies":[{"name":"wp","href":"https:\/\/api.w.org\/{rel}","templated":true}]}}