
{"id":2125,"date":"2018-09-27T22:59:47","date_gmt":"2018-09-27T22:59:47","guid":{"rendered":"http:\/\/globalnavy.net\/gn601ev\/"},"modified":"2020-08-05T13:55:20","modified_gmt":"2020-08-05T13:55:20","slug":"gn601ev-4","status":"publish","type":"page","link":"https:\/\/globalnavy.net\/fr\/gn601ev-4\/","title":{"rendered":"GlobalEster GN601 Epoxy Vinyl \u00c9ster"},"content":{"rendered":"<div class=\"justifiedtext\">\n<div class=\"coating_page_variables\">Description<\/div>\n<p>Une peinture d&rsquo;ester de vinyle pigment\u00e9 avec une r\u00e9sistance chimique \u00e9lev\u00e9e et une bonne r\u00e9sistance \u00e0 la temp\u00e9rature. Convient pour la stratification avec des fibres de verre dans les r\u00e9servoirs.<\/p>\n<div class=\"coating_page_variables\">Secteur<\/div>\n<p>Protective;<\/p>\n<div class=\"coating_page_variables\">Type<\/div>\n<p>\u00c9poxy Vinyle Ester; Flocons de Verre;<\/p>\n<div class=\"coating_page_variables\">Substrat<\/div>\n<p>B\u00e9ton; \u00c9poxy Renforc\u00e9 de Fibres de Verre; Polyester Renforc\u00e9 de Fibres de Verre; Acier;<\/p>\n<div class=\"coating_page_variables\">Fonction<\/div>\n<p>R\u00e9sistante \u00e0 L&rsquo;abrasion; Rev\u00eatement des r\u00e9servoirs de produit chimiques; R\u00e9parations \u00e0 la fibre de verre; Peinture tr\u00e9s r\u00e9sistante; Rev\u00eatement de tuyau; Sans Solvant; Couche de finition; Outros<\/p>\n<div class=\"coating_page_tech_sheets\">\n<a href=\"https:\/\/globalnavy.net\/wp-content\/uploads\/2020\/08\/GN601EV_EN_TDS.pdf\" target=\"_blank\" class=\"coating_page_links\" style=\"color:#efefef;\" rel=\"noopener noreferrer\">Fiche Technique<\/a><\/div>\n<\/div>\n","protected":false},"excerpt":{"rendered":"<p>Une peinture d&rsquo;ester de vinyle pigment\u00e9 avec une r\u00e9sistance chimique \u00e9lev\u00e9e et une bonne r\u00e9sistance \u00e0 la temp\u00e9rature. Convient pour la stratification avec des fibres de verre dans les r\u00e9servoirs.<\/p>\n","protected":false},"author":1,"featured_media":0,"parent":0,"menu_order":0,"comment_status":"closed","ping_status":"closed","template":"","meta":{"_mi_skip_tracking":false,"_exactmetrics_sitenote_active":false,"_exactmetrics_sitenote_note":"","_exactmetrics_sitenote_category":0},"_links":{"self":[{"href":"https:\/\/globalnavy.net\/fr\/wp-json\/wp\/v2\/pages\/2125"}],"collection":[{"href":"https:\/\/globalnavy.net\/fr\/wp-json\/wp\/v2\/pages"}],"about":[{"href":"https:\/\/globalnavy.net\/fr\/wp-json\/wp\/v2\/types\/page"}],"author":[{"embeddable":true,"href":"https:\/\/globalnavy.net\/fr\/wp-json\/wp\/v2\/users\/1"}],"replies":[{"embeddable":true,"href":"https:\/\/globalnavy.net\/fr\/wp-json\/wp\/v2\/comments?post=2125"}],"version-history":[{"count":1,"href":"https:\/\/globalnavy.net\/fr\/wp-json\/wp\/v2\/pages\/2125\/revisions"}],"predecessor-version":[{"id":3236,"href":"https:\/\/globalnavy.net\/fr\/wp-json\/wp\/v2\/pages\/2125\/revisions\/3236"}],"wp:attachment":[{"href":"https:\/\/globalnavy.net\/fr\/wp-json\/wp\/v2\/media?parent=2125"}],"curies":[{"name":"wp","href":"https:\/\/api.w.org\/{rel}","templated":true}]}}