
{"id":2127,"date":"2018-09-27T23:00:24","date_gmt":"2018-09-27T23:00:24","guid":{"rendered":"http:\/\/globalnavy.net\/gn330ap\/"},"modified":"2018-09-27T23:00:24","modified_gmt":"2018-09-27T23:00:24","slug":"gn330ap","status":"publish","type":"page","link":"https:\/\/globalnavy.net\/fr\/gn330ap\/","title":{"rendered":"GlobalKyd GN330 Alkyd Primer FD"},"content":{"rendered":"<div class=\"justifiedtext\">\n<div class=\"coating_page_variables\">Description<\/div>\n<p>S\u00e9chage rapide appr\u00eat avec de bonnes propri\u00e9t\u00e9s anticorrosion.<\/p>\n<div class=\"coating_page_variables\">Secteur<\/div>\n<p>D\u00e9coratif; Protective; Yachting<\/p>\n<div class=\"coating_page_variables\">Type<\/div>\n<p>Alkyde; <\/p>\n<div class=\"coating_page_variables\">Substrat<\/div>\n<p>Acier Galvanis\u00e9; Acier; Madeira<\/p>\n<div class=\"coating_page_variables\">Fonction<\/div>\n<p>Couche interm\u00e9diaire; Primaire; Primaire and Finition; Couche de finition; <\/p>\n<div class=\"coating_page_tech_sheets\">\n<a href=\"https:\/\/globalnavy.net\/wp-content\/uploads\/2018\/08\/GN330AP_TDS.pdf\" target=\"_blank\" class=\"coating_page_links\" style=\"color:#efefef;\">Fiche Technique<\/a>\n<\/div>\n<\/div>\n","protected":false},"excerpt":{"rendered":"<p>S\u00e9chage rapide appr\u00eat avec de bonnes propri\u00e9t\u00e9s anticorrosion.<\/p>\n","protected":false},"author":1,"featured_media":0,"parent":0,"menu_order":0,"comment_status":"closed","ping_status":"closed","template":"","meta":{"_mi_skip_tracking":false,"_exactmetrics_sitenote_active":false,"_exactmetrics_sitenote_note":"","_exactmetrics_sitenote_category":0},"_links":{"self":[{"href":"https:\/\/globalnavy.net\/fr\/wp-json\/wp\/v2\/pages\/2127"}],"collection":[{"href":"https:\/\/globalnavy.net\/fr\/wp-json\/wp\/v2\/pages"}],"about":[{"href":"https:\/\/globalnavy.net\/fr\/wp-json\/wp\/v2\/types\/page"}],"author":[{"embeddable":true,"href":"https:\/\/globalnavy.net\/fr\/wp-json\/wp\/v2\/users\/1"}],"replies":[{"embeddable":true,"href":"https:\/\/globalnavy.net\/fr\/wp-json\/wp\/v2\/comments?post=2127"}],"version-history":[{"count":0,"href":"https:\/\/globalnavy.net\/fr\/wp-json\/wp\/v2\/pages\/2127\/revisions"}],"wp:attachment":[{"href":"https:\/\/globalnavy.net\/fr\/wp-json\/wp\/v2\/media?parent=2127"}],"curies":[{"name":"wp","href":"https:\/\/api.w.org\/{rel}","templated":true}]}}