
{"id":2129,"date":"2018-09-27T23:03:18","date_gmt":"2018-09-27T23:03:18","guid":{"rendered":"http:\/\/globalnavy.net\/gn500vp\/"},"modified":"2018-09-27T23:03:18","modified_gmt":"2018-09-27T23:03:18","slug":"gn500vp","status":"publish","type":"page","link":"https:\/\/globalnavy.net\/fr\/gn500vp\/","title":{"rendered":"GlobalNyl GN500 Vynil Primer Mate"},"content":{"rendered":"<div class=\"justifiedtext\">\n<div class=\"coating_page_variables\">Description<\/div>\n<p>Peinture vinylique Mat pour une application directe dans le b\u00e9ton, acier galvanis\u00e9 et aluminium.<\/p>\n<div class=\"coating_page_variables\">Secteur<\/div>\n<p>Container; D\u00e9coratif; Protective; Yachting<\/p>\n<div class=\"coating_page_variables\">Type<\/div>\n<p>Vinyle; <\/p>\n<div class=\"coating_page_variables\">Substrat<\/div>\n<p>Aluminium; Amiante; Enduit de Ciment; B\u00e9ton; Panneaux de Fibres; Acier Galvanis\u00e9; \u00c9poxy Renforc\u00e9 de Fibres de Verre; Polyester Renforc\u00e9 de Fibres de Verre; Ma\u00e7onnerie; Acier Enduit de Metal par Pulv\u00e9risation; Pl\u00e2tre; Surface Recouvert d&rsquo;un Anti-encrassement; Acier; Acier Inoxydable; Madeira<\/p>\n<div class=\"coating_page_variables\">Fonction<\/div>\n<p>R\u00e9parations \u00e0 la fibre de verre; Primaire; Primaire and Finition; Marquage des routes\/Signal; Couche d&rsquo;accrochage; Couche de finition; <\/p>\n<div class=\"coating_page_tech_sheets\">\n<a href=\"http:\/\/globalnavy.net\/wp-content\/uploads\/2018\/08\/GN500VP_TDS.pdf\" target=\"_blank\" class=\"coating_page_links\" style=\"color:#efefef;\">Fiche Technique<\/a>\n<\/div>\n<\/div>\n","protected":false},"excerpt":{"rendered":"<p>Peinture vinylique Mat pour une application directe dans le b\u00e9ton, acier galvanis\u00e9 et aluminium.<\/p>\n","protected":false},"author":1,"featured_media":0,"parent":0,"menu_order":0,"comment_status":"closed","ping_status":"closed","template":"","meta":{"_mi_skip_tracking":false,"_exactmetrics_sitenote_active":false,"_exactmetrics_sitenote_note":"","_exactmetrics_sitenote_category":0},"_links":{"self":[{"href":"https:\/\/globalnavy.net\/fr\/wp-json\/wp\/v2\/pages\/2129"}],"collection":[{"href":"https:\/\/globalnavy.net\/fr\/wp-json\/wp\/v2\/pages"}],"about":[{"href":"https:\/\/globalnavy.net\/fr\/wp-json\/wp\/v2\/types\/page"}],"author":[{"embeddable":true,"href":"https:\/\/globalnavy.net\/fr\/wp-json\/wp\/v2\/users\/1"}],"replies":[{"embeddable":true,"href":"https:\/\/globalnavy.net\/fr\/wp-json\/wp\/v2\/comments?post=2129"}],"version-history":[{"count":0,"href":"https:\/\/globalnavy.net\/fr\/wp-json\/wp\/v2\/pages\/2129\/revisions"}],"wp:attachment":[{"href":"https:\/\/globalnavy.net\/fr\/wp-json\/wp\/v2\/media?parent=2129"}],"curies":[{"name":"wp","href":"https:\/\/api.w.org\/{rel}","templated":true}]}}