
{"id":2131,"date":"2018-09-27T23:04:03","date_gmt":"2018-09-27T23:04:03","guid":{"rendered":"http:\/\/globalnavy.net\/gn508vs\/"},"modified":"2018-09-27T23:04:03","modified_gmt":"2018-09-27T23:04:03","slug":"gn508vs","status":"publish","type":"page","link":"https:\/\/globalnavy.net\/fr\/gn508vs\/","title":{"rendered":"GlobalNyl GN508 Vinyl Sealer"},"content":{"rendered":"<div class=\"justifiedtext\">\n<div class=\"coating_page_variables\">Description<\/div>\n<p>Excellente \u00e9tanch\u00e9it\u00e9 pour les syst\u00e8mes antisalissures . Exempt de goudron. Formul\u00e9 pour une utilisation sur des primaires \u00e9poxy.<\/p>\n<div class=\"coating_page_variables\">Secteur<\/div>\n<p>Marine; Yachting<\/p>\n<div class=\"coating_page_variables\">Type<\/div>\n<p>Vinyle; <\/p>\n<div class=\"coating_page_variables\">Substrat<\/div>\n<p>Acier Galvanis\u00e9; Surface Recouvert d&rsquo;un Anti-encrassement; Madeira<\/p>\n<div class=\"coating_page_variables\">Fonction<\/div>\n<p>Couche d&rsquo;accrochage; <\/p>\n<div class=\"coating_page_tech_sheets\">\n<a href=\"https:\/\/globalnavy.net\/wp-content\/uploads\/2018\/08\/GN508VS_TDS.pdf\" target=\"_blank\" class=\"coating_page_links\" style=\"color:#efefef;\">Fiche Technique<\/a>\n<\/div>\n<\/div>\n","protected":false},"excerpt":{"rendered":"<p>Excellente \u00e9tanch\u00e9it\u00e9 pour les syst\u00e8mes antisalissures . Exempt de goudron. Formul\u00e9 pour une utilisation sur des primaires \u00e9poxy.<\/p>\n","protected":false},"author":1,"featured_media":0,"parent":0,"menu_order":0,"comment_status":"closed","ping_status":"closed","template":"","meta":{"_mi_skip_tracking":false,"_exactmetrics_sitenote_active":false,"_exactmetrics_sitenote_note":"","_exactmetrics_sitenote_category":0},"_links":{"self":[{"href":"https:\/\/globalnavy.net\/fr\/wp-json\/wp\/v2\/pages\/2131"}],"collection":[{"href":"https:\/\/globalnavy.net\/fr\/wp-json\/wp\/v2\/pages"}],"about":[{"href":"https:\/\/globalnavy.net\/fr\/wp-json\/wp\/v2\/types\/page"}],"author":[{"embeddable":true,"href":"https:\/\/globalnavy.net\/fr\/wp-json\/wp\/v2\/users\/1"}],"replies":[{"embeddable":true,"href":"https:\/\/globalnavy.net\/fr\/wp-json\/wp\/v2\/comments?post=2131"}],"version-history":[{"count":0,"href":"https:\/\/globalnavy.net\/fr\/wp-json\/wp\/v2\/pages\/2131\/revisions"}],"wp:attachment":[{"href":"https:\/\/globalnavy.net\/fr\/wp-json\/wp\/v2\/media?parent=2131"}],"curies":[{"name":"wp","href":"https:\/\/api.w.org\/{rel}","templated":true}]}}