
{"id":2132,"date":"2018-09-27T23:04:19","date_gmt":"2018-09-27T23:04:19","guid":{"rendered":"http:\/\/globalnavy.net\/gn521af\/"},"modified":"2018-09-27T23:04:19","modified_gmt":"2018-09-27T23:04:19","slug":"gn521af","status":"publish","type":"page","link":"https:\/\/globalnavy.net\/fr\/gn521af\/","title":{"rendered":"GlobalNyl GN521 Antifouling"},"content":{"rendered":"<div class=\"justifiedtext\">\n<div class=\"coating_page_variables\">Description<\/div>\n<p> Syst\u00e8mes antisalissures. Bonne capacit\u00e9 d&rsquo;auto polissage. Formul\u00e9 \u00e0 partir et copolym\u00e8res vinyliques et teneur \u00e9lev\u00e9 en oxyde cuivreux.(sans etain)<\/p>\n<div class=\"coating_page_variables\">Secteur<\/div>\n<p>Marine; Yachting<\/p>\n<div class=\"coating_page_variables\">Type<\/div>\n<p>Peinture Anti-encrassement Exempt d&rsquo;\u00e9tain; <\/p>\n<div class=\"coating_page_variables\">Substrat<\/div>\n<p>Aluminium; \u00c9poxy Renforc\u00e9 de Fibres de Verre; Polyester Renforc\u00e9 de Fibres de Verre; Surface Recouvert d&rsquo;un Anti-encrassement; Acier; Madeira<\/p>\n<div class=\"coating_page_variables\">Fonction<\/div>\n<p>Couche de finition; Outros<\/p>\n<div class=\"coating_page_tech_sheets\">\n<a href=\"https:\/\/globalnavy.net\/wp-content\/uploads\/2018\/08\/GN521AF_TDS.pdf\" target=\"_blank\" class=\"coating_page_links\" style=\"color:#efefef;\">Fiche Technique<\/a>\n<\/div>\n<\/div>\n","protected":false},"excerpt":{"rendered":"<p> Syst\u00e8mes antisalissures. Bonne capacit\u00e9 d&rsquo;auto polissage. Formul\u00e9 \u00e0 partir et copolym\u00e8res vinyliques et teneur \u00e9lev\u00e9 en oxyde cuivreux.(sans etain)<\/p>\n","protected":false},"author":1,"featured_media":0,"parent":0,"menu_order":0,"comment_status":"closed","ping_status":"closed","template":"","meta":{"_mi_skip_tracking":false,"_exactmetrics_sitenote_active":false,"_exactmetrics_sitenote_note":"","_exactmetrics_sitenote_category":0},"_links":{"self":[{"href":"https:\/\/globalnavy.net\/fr\/wp-json\/wp\/v2\/pages\/2132"}],"collection":[{"href":"https:\/\/globalnavy.net\/fr\/wp-json\/wp\/v2\/pages"}],"about":[{"href":"https:\/\/globalnavy.net\/fr\/wp-json\/wp\/v2\/types\/page"}],"author":[{"embeddable":true,"href":"https:\/\/globalnavy.net\/fr\/wp-json\/wp\/v2\/users\/1"}],"replies":[{"embeddable":true,"href":"https:\/\/globalnavy.net\/fr\/wp-json\/wp\/v2\/comments?post=2132"}],"version-history":[{"count":0,"href":"https:\/\/globalnavy.net\/fr\/wp-json\/wp\/v2\/pages\/2132\/revisions"}],"wp:attachment":[{"href":"https:\/\/globalnavy.net\/fr\/wp-json\/wp\/v2\/media?parent=2132"}],"curies":[{"name":"wp","href":"https:\/\/api.w.org\/{rel}","templated":true}]}}