
{"id":2135,"date":"2018-09-27T23:05:19","date_gmt":"2018-09-27T23:05:19","guid":{"rendered":"http:\/\/globalnavy.net\/gn560cf\/"},"modified":"2018-09-27T23:05:19","modified_gmt":"2018-09-27T23:05:19","slug":"gn560cf","status":"publish","type":"page","link":"https:\/\/globalnavy.net\/fr\/gn560cf\/","title":{"rendered":"GlobalNyl GN560CF Chlorinated Finish"},"content":{"rendered":"<div class=\"justifiedtext\">\n<div class=\"coating_page_variables\">Description<\/div>\n<p>Peinture de finition en caoutchouc chlor\u00e9.Formul\u00e9 De r\u00e9sines de caoutchouc chlor\u00e9 et pigments s\u00e9lectionn\u00e9s.<\/p>\n<div class=\"coating_page_variables\">Secteur<\/div>\n<p>D\u00e9coratif; Protective; Yachting<\/p>\n<div class=\"coating_page_variables\">Type<\/div>\n<p>Caoutchouc Chlor\u00e9; <\/p>\n<div class=\"coating_page_variables\">Substrat<\/div>\n<p>Aluminium; Amiante; Enduit de Ciment; B\u00e9ton; Panneaux de Fibres; \u00c9poxy Renforc\u00e9 de Fibres de Verre; Polyester Renforc\u00e9 de Fibres de Verre; Ma\u00e7onnerie; Surface Recouvert d&rsquo;un Anti-encrassement; Acier; Madeira<\/p>\n<div class=\"coating_page_variables\">Fonction<\/div>\n<p>Primaire; Primaire and Finition; Marquage des routes\/Signal; Couche de finition; <\/p>\n<div class=\"coating_page_tech_sheets\">\n<a href=\"\" target=\"_blank\" class=\"coating_page_links\" style=\"color:#efefef;\">Fiche Technique<\/a>\n<\/div>\n<\/div>\n","protected":false},"excerpt":{"rendered":"<p>Peinture de finition en caoutchouc chlor\u00e9.Formul\u00e9 De r\u00e9sines de caoutchouc chlor\u00e9 et pigments s\u00e9lectionn\u00e9s.<\/p>\n","protected":false},"author":1,"featured_media":0,"parent":0,"menu_order":0,"comment_status":"closed","ping_status":"closed","template":"","meta":{"_mi_skip_tracking":false,"_exactmetrics_sitenote_active":false,"_exactmetrics_sitenote_note":"","_exactmetrics_sitenote_category":0},"_links":{"self":[{"href":"https:\/\/globalnavy.net\/fr\/wp-json\/wp\/v2\/pages\/2135"}],"collection":[{"href":"https:\/\/globalnavy.net\/fr\/wp-json\/wp\/v2\/pages"}],"about":[{"href":"https:\/\/globalnavy.net\/fr\/wp-json\/wp\/v2\/types\/page"}],"author":[{"embeddable":true,"href":"https:\/\/globalnavy.net\/fr\/wp-json\/wp\/v2\/users\/1"}],"replies":[{"embeddable":true,"href":"https:\/\/globalnavy.net\/fr\/wp-json\/wp\/v2\/comments?post=2135"}],"version-history":[{"count":0,"href":"https:\/\/globalnavy.net\/fr\/wp-json\/wp\/v2\/pages\/2135\/revisions"}],"wp:attachment":[{"href":"https:\/\/globalnavy.net\/fr\/wp-json\/wp\/v2\/media?parent=2135"}],"curies":[{"name":"wp","href":"https:\/\/api.w.org\/{rel}","templated":true}]}}