
{"id":2139,"date":"2018-09-27T23:07:04","date_gmt":"2018-09-27T23:07:04","guid":{"rendered":"http:\/\/globalnavy.net\/gn002ht\/"},"modified":"2018-09-27T23:07:04","modified_gmt":"2018-09-27T23:07:04","slug":"gn002ht","status":"publish","type":"page","link":"https:\/\/globalnavy.net\/fr\/gn002ht\/","title":{"rendered":"GlobalTemp GN002 High Temperature"},"content":{"rendered":"<div class=\"justifiedtext\">\n<div class=\"coating_page_variables\">Description<\/div>\n<p>Peinture de silicone modifi\u00e9e. R\u00e9sistance aux hautes temp\u00e9ratures (jusqu&rsquo;\u00e0 340 \u00b0 C).<\/p>\n<div class=\"coating_page_variables\">Secteur<\/div>\n<p>Marine; Protective; <\/p>\n<div class=\"coating_page_variables\">Type<\/div>\n<p>Acrylique; Silicone; <\/p>\n<div class=\"coating_page_variables\">Substrat<\/div>\n<p>Aluminium; B\u00e9ton; Acier Galvanis\u00e9; Acier; <\/p>\n<div class=\"coating_page_variables\">Fonction<\/div>\n<p>R\u00e9sistant \u00e0 la chaleur; Primaire; Primaire and Finition; Couche de finition; <\/p>\n<div class=\"coating_page_tech_sheets\">\n<a href=\"https:\/\/globalnavy.net\/wp-content\/uploads\/2018\/08\/GN002HT_TDS.pdf\" target=\"_blank\" class=\"coating_page_links\" style=\"color:#efefef;\">Fiche Technique<\/a>\n<\/div>\n<\/div>\n","protected":false},"excerpt":{"rendered":"<p>Peinture de silicone modifi\u00e9e. R\u00e9sistance aux hautes temp\u00e9ratures (jusqu&rsquo;\u00e0 340 \u00b0 C).<\/p>\n","protected":false},"author":1,"featured_media":0,"parent":0,"menu_order":0,"comment_status":"closed","ping_status":"closed","template":"","meta":{"_mi_skip_tracking":false,"_exactmetrics_sitenote_active":false,"_exactmetrics_sitenote_note":"","_exactmetrics_sitenote_category":0},"_links":{"self":[{"href":"https:\/\/globalnavy.net\/fr\/wp-json\/wp\/v2\/pages\/2139"}],"collection":[{"href":"https:\/\/globalnavy.net\/fr\/wp-json\/wp\/v2\/pages"}],"about":[{"href":"https:\/\/globalnavy.net\/fr\/wp-json\/wp\/v2\/types\/page"}],"author":[{"embeddable":true,"href":"https:\/\/globalnavy.net\/fr\/wp-json\/wp\/v2\/users\/1"}],"replies":[{"embeddable":true,"href":"https:\/\/globalnavy.net\/fr\/wp-json\/wp\/v2\/comments?post=2139"}],"version-history":[{"count":0,"href":"https:\/\/globalnavy.net\/fr\/wp-json\/wp\/v2\/pages\/2139\/revisions"}],"wp:attachment":[{"href":"https:\/\/globalnavy.net\/fr\/wp-json\/wp\/v2\/media?parent=2139"}],"curies":[{"name":"wp","href":"https:\/\/api.w.org\/{rel}","templated":true}]}}