
{"id":2145,"date":"2018-09-27T23:08:48","date_gmt":"2018-09-27T23:08:48","guid":{"rendered":"http:\/\/globalnavy.net\/gn200ca\/"},"modified":"2018-09-27T23:08:48","modified_gmt":"2018-09-27T23:08:48","slug":"gn200ca","status":"publish","type":"page","link":"https:\/\/globalnavy.net\/fr\/gn200ca\/","title":{"rendered":"GlobalThane GN200 PU Accelerator"},"content":{"rendered":"<div class=\"justifiedtext\">\n<div class=\"coating_page_variables\">Description<\/div>\n<p>Acc\u00e9l\u00e9rateur de durcissement pour les polyur\u00e9thanes<\/p>\n<div class=\"coating_page_variables\">Secteur<\/div>\n<p>Container; D\u00e9coratif; Marine; Protective; Yachting<\/p>\n<div class=\"coating_page_variables\">Type<\/div>\n<p>Polyur\u00e9thane; Ur\u00e9thane; <\/p>\n<div class=\"coating_page_variables\">Substrat<\/div>\n<p>B\u00e9ton; \u00c9poxy Renforc\u00e9 de Fibres de Verre; Polyester Renforc\u00e9 de Fibres de Verre; Ma\u00e7onnerie; Acier; <\/p>\n<div class=\"coating_page_variables\">Fonction<\/div>\n<p>Acc\u00e9l\u00e9rateur; Outros<\/p>\n<div class=\"coating_page_tech_sheets\">\n<a href=\"\" target=\"_blank\" class=\"coating_page_links\" style=\"color:#efefef;\">Fiche Technique<\/a>\n<\/div>\n<\/div>\n","protected":false},"excerpt":{"rendered":"<p>Acc\u00e9l\u00e9rateur de durcissement pour les polyur\u00e9thanes<\/p>\n","protected":false},"author":1,"featured_media":0,"parent":0,"menu_order":0,"comment_status":"closed","ping_status":"closed","template":"","meta":{"_mi_skip_tracking":false,"_exactmetrics_sitenote_active":false,"_exactmetrics_sitenote_note":"","_exactmetrics_sitenote_category":0},"_links":{"self":[{"href":"https:\/\/globalnavy.net\/fr\/wp-json\/wp\/v2\/pages\/2145"}],"collection":[{"href":"https:\/\/globalnavy.net\/fr\/wp-json\/wp\/v2\/pages"}],"about":[{"href":"https:\/\/globalnavy.net\/fr\/wp-json\/wp\/v2\/types\/page"}],"author":[{"embeddable":true,"href":"https:\/\/globalnavy.net\/fr\/wp-json\/wp\/v2\/users\/1"}],"replies":[{"embeddable":true,"href":"https:\/\/globalnavy.net\/fr\/wp-json\/wp\/v2\/comments?post=2145"}],"version-history":[{"count":0,"href":"https:\/\/globalnavy.net\/fr\/wp-json\/wp\/v2\/pages\/2145\/revisions"}],"wp:attachment":[{"href":"https:\/\/globalnavy.net\/fr\/wp-json\/wp\/v2\/media?parent=2145"}],"curies":[{"name":"wp","href":"https:\/\/api.w.org\/{rel}","templated":true}]}}