
{"id":2151,"date":"2018-09-27T23:17:38","date_gmt":"2018-09-27T23:17:38","guid":{"rendered":"http:\/\/globalnavy.net\/gn206pf\/"},"modified":"2018-09-27T23:17:38","modified_gmt":"2018-09-27T23:17:38","slug":"gn206pf","status":"publish","type":"page","link":"https:\/\/globalnavy.net\/fr\/gn206pf\/","title":{"rendered":"GlobalThane GN206 Polyurethane Finish"},"content":{"rendered":"<div class=\"justifiedtext\">\n<div class=\"coating_page_variables\">Description<\/div>\n<p>Peinture polyur\u00e9thane acrylique brillante. Haute teneur en solides; pour finition. Excellente conservation de la couleur et de la brillance.<\/p>\n<div class=\"coating_page_variables\">Secteur<\/div>\n<p>Container; D\u00e9coratif; Marine; Protective; Yachting<\/p>\n<div class=\"coating_page_variables\">Type<\/div>\n<p>Polyur\u00e9thane; <\/p>\n<div class=\"coating_page_variables\">Substrat<\/div>\n<p>Aluminium; \u00c9poxy Renforc\u00e9 de Fibres de Verre; Polyester Renforc\u00e9 de Fibres de Verre; Acier Enduit de Metal par Pulv\u00e9risation; Acier; Acier Inoxydable; Madeira<\/p>\n<div class=\"coating_page_variables\">Fonction<\/div>\n<p>Peinture tr\u00e9s r\u00e9sistante; Haute teneur en solides; Marquage des routes\/Signal; Couche de finition; <\/p>\n<div class=\"coating_page_tech_sheets\">\n<a href=\"https:\/\/globalnavy.net\/wp-content\/uploads\/2018\/08\/GN206PF_TDS.pdf\" target=\"_blank\" class=\"coating_page_links\" style=\"color:#efefef;\">Fiche Technique<\/a>\n<\/div>\n<\/div>\n","protected":false},"excerpt":{"rendered":"<p>Peinture polyur\u00e9thane acrylique brillante. Haute teneur en solides; pour finition. Excellente conservation de la couleur et de la brillance.<\/p>\n","protected":false},"author":1,"featured_media":0,"parent":0,"menu_order":0,"comment_status":"closed","ping_status":"closed","template":"","meta":{"_mi_skip_tracking":false,"_exactmetrics_sitenote_active":false,"_exactmetrics_sitenote_note":"","_exactmetrics_sitenote_category":0},"_links":{"self":[{"href":"https:\/\/globalnavy.net\/fr\/wp-json\/wp\/v2\/pages\/2151"}],"collection":[{"href":"https:\/\/globalnavy.net\/fr\/wp-json\/wp\/v2\/pages"}],"about":[{"href":"https:\/\/globalnavy.net\/fr\/wp-json\/wp\/v2\/types\/page"}],"author":[{"embeddable":true,"href":"https:\/\/globalnavy.net\/fr\/wp-json\/wp\/v2\/users\/1"}],"replies":[{"embeddable":true,"href":"https:\/\/globalnavy.net\/fr\/wp-json\/wp\/v2\/comments?post=2151"}],"version-history":[{"count":0,"href":"https:\/\/globalnavy.net\/fr\/wp-json\/wp\/v2\/pages\/2151\/revisions"}],"wp:attachment":[{"href":"https:\/\/globalnavy.net\/fr\/wp-json\/wp\/v2\/media?parent=2151"}],"curies":[{"name":"wp","href":"https:\/\/api.w.org\/{rel}","templated":true}]}}