
{"id":2157,"date":"2018-09-27T23:19:46","date_gmt":"2018-09-27T23:19:46","guid":{"rendered":"http:\/\/globalnavy.net\/gn208pvam\/"},"modified":"2018-09-27T23:19:46","modified_gmt":"2018-09-27T23:19:46","slug":"gn208pvam","status":"publish","type":"page","link":"https:\/\/globalnavy.net\/fr\/gn208pvam\/","title":{"rendered":"GlobalThane GN208Polyurethane Varnish AntiMicrobiol"},"content":{"rendered":"<div class=\"justifiedtext\">\n<div class=\"coating_page_variables\">Description<\/div>\n<p>Vernis satin\u00e9 anti-microbien en polyur\u00e9thane.<\/p>\n<div class=\"coating_page_variables\">Secteur<\/div>\n<p>D\u00e9coratif; Protective; Yachting<\/p>\n<div class=\"coating_page_variables\">Type<\/div>\n<p>Polyur\u00e9thane; Polyester; <\/p>\n<div class=\"coating_page_variables\">Substrat<\/div>\n<p>Aluminium; Carreaux; B\u00e9ton; \u00c9poxy Renforc\u00e9 de Fibres de Verre; Polyester Renforc\u00e9 de Fibres de Verre; Acier Enduit de Metal par Pulv\u00e9risation; Acier; Acier Inoxydable; Madeira<\/p>\n<div class=\"coating_page_variables\">Fonction<\/div>\n<p>R\u00e9sistante \u00e0 L&rsquo;abrasion; Propri\u00e9t\u00e9s antimicrobiennes; Anti-d\u00e9rapante; Peinture tr\u00e9s r\u00e9sistante; Couche de finition; Vernis; <\/p>\n<div class=\"coating_page_tech_sheets\">\n<a href=\"http:\/\/globalnavy.net\/wp-content\/uploads\/2018\/08\/GN208AM_TDS.pdf\" target=\"_blank\" class=\"coating_page_links\" style=\"color:#efefef;\">Fiche Technique<\/a>\n<\/div>\n<\/div>\n","protected":false},"excerpt":{"rendered":"<p>Vernis satin\u00e9 anti-microbien en polyur\u00e9thane.<\/p>\n","protected":false},"author":1,"featured_media":0,"parent":0,"menu_order":0,"comment_status":"closed","ping_status":"closed","template":"","meta":{"_mi_skip_tracking":false,"_exactmetrics_sitenote_active":false,"_exactmetrics_sitenote_note":"","_exactmetrics_sitenote_category":0},"_links":{"self":[{"href":"https:\/\/globalnavy.net\/fr\/wp-json\/wp\/v2\/pages\/2157"}],"collection":[{"href":"https:\/\/globalnavy.net\/fr\/wp-json\/wp\/v2\/pages"}],"about":[{"href":"https:\/\/globalnavy.net\/fr\/wp-json\/wp\/v2\/types\/page"}],"author":[{"embeddable":true,"href":"https:\/\/globalnavy.net\/fr\/wp-json\/wp\/v2\/users\/1"}],"replies":[{"embeddable":true,"href":"https:\/\/globalnavy.net\/fr\/wp-json\/wp\/v2\/comments?post=2157"}],"version-history":[{"count":0,"href":"https:\/\/globalnavy.net\/fr\/wp-json\/wp\/v2\/pages\/2157\/revisions"}],"wp:attachment":[{"href":"https:\/\/globalnavy.net\/fr\/wp-json\/wp\/v2\/media?parent=2157"}],"curies":[{"name":"wp","href":"https:\/\/api.w.org\/{rel}","templated":true}]}}