
{"id":2160,"date":"2018-09-27T23:20:44","date_gmt":"2018-09-27T23:20:44","guid":{"rendered":"http:\/\/globalnavy.net\/gn220ir\/"},"modified":"2018-09-27T23:20:44","modified_gmt":"2018-09-27T23:20:44","slug":"gn220ir","status":"publish","type":"page","link":"https:\/\/globalnavy.net\/fr\/gn220ir\/","title":{"rendered":"GlobalThane GN220 Injection Resin"},"content":{"rendered":"<div class=\"justifiedtext\">\n<div class=\"coating_page_variables\">Description<\/div>\n<p>R\u00e9sine ur\u00e9thane sans solvant pour injection.<\/p>\n<div class=\"coating_page_variables\">Secteur<\/div>\n<p>Protective; <\/p>\n<div class=\"coating_page_variables\">Type<\/div>\n<p>Ur\u00e9thane; <\/p>\n<div class=\"coating_page_variables\">Substrat<\/div>\n<p>Enduit de Ciment; B\u00e9ton; Ma\u00e7onnerie; Mousse Polyur\u00e9thane; Madeira<\/p>\n<div class=\"coating_page_variables\">Fonction<\/div>\n<p>Peinture tr\u00e9s r\u00e9sistante; Tol\u00e9rant \u00e0 l&rsquo;humidit\u00e9; Injection; Primaire and Finition; Sans Solvant; Rev\u00eatement des reservoirs d&rsquo;eau; <\/p>\n<div class=\"coating_page_tech_sheets\">\n<a href=\"\" target=\"_blank\" class=\"coating_page_links\" style=\"color:#efefef;\">Fiche Technique<\/a>\n<\/div>\n<\/div>\n","protected":false},"excerpt":{"rendered":"<p>R\u00e9sine ur\u00e9thane sans solvant pour injection.<\/p>\n","protected":false},"author":1,"featured_media":0,"parent":0,"menu_order":0,"comment_status":"closed","ping_status":"closed","template":"","meta":{"_mi_skip_tracking":false,"_exactmetrics_sitenote_active":false,"_exactmetrics_sitenote_note":"","_exactmetrics_sitenote_category":0},"_links":{"self":[{"href":"https:\/\/globalnavy.net\/fr\/wp-json\/wp\/v2\/pages\/2160"}],"collection":[{"href":"https:\/\/globalnavy.net\/fr\/wp-json\/wp\/v2\/pages"}],"about":[{"href":"https:\/\/globalnavy.net\/fr\/wp-json\/wp\/v2\/types\/page"}],"author":[{"embeddable":true,"href":"https:\/\/globalnavy.net\/fr\/wp-json\/wp\/v2\/users\/1"}],"replies":[{"embeddable":true,"href":"https:\/\/globalnavy.net\/fr\/wp-json\/wp\/v2\/comments?post=2160"}],"version-history":[{"count":0,"href":"https:\/\/globalnavy.net\/fr\/wp-json\/wp\/v2\/pages\/2160\/revisions"}],"wp:attachment":[{"href":"https:\/\/globalnavy.net\/fr\/wp-json\/wp\/v2\/media?parent=2160"}],"curies":[{"name":"wp","href":"https:\/\/api.w.org\/{rel}","templated":true}]}}