
{"id":2163,"date":"2018-09-27T23:21:39","date_gmt":"2018-09-27T23:21:39","guid":{"rendered":"http:\/\/globalnavy.net\/gn221uc\/"},"modified":"2018-09-27T23:21:39","modified_gmt":"2018-09-27T23:21:39","slug":"gn221uc","status":"publish","type":"page","link":"https:\/\/globalnavy.net\/fr\/gn221uc\/","title":{"rendered":"GlobalThane GN221 Urethane Coating"},"content":{"rendered":"<div class=\"justifiedtext\">\n<div class=\"coating_page_variables\">Description<\/div>\n<p>Excellente r\u00e9sine ur\u00e9thane pigment\u00e9. Haute \u00e9tanch\u00e9it\u00e9, formul\u00e9 pour r\u00e9agir en pr\u00e9sence d&rsquo;humidit\u00e9.<\/p>\n<div class=\"coating_page_variables\">Secteur<\/div>\n<p>D\u00e9coratif; Protective; <\/p>\n<div class=\"coating_page_variables\">Type<\/div>\n<p>Ur\u00e9thane; <\/p>\n<div class=\"coating_page_variables\">Substrat<\/div>\n<p>Enduit de Ciment; Carreaux; B\u00e9ton; Panneaux de Fibres; \u00c9poxy Renforc\u00e9 de Fibres de Verre; Polyester Renforc\u00e9 de Fibres de Verre; Ma\u00e7onnerie; Acier Enduit de Metal par Pulv\u00e9risation; Mousse Polyur\u00e9thane; Acier; Acier Inoxydable; Madeira<\/p>\n<div class=\"coating_page_variables\">Fonction<\/div>\n<p>R\u00e9sistante \u00e0 L&rsquo;abrasion; Anti-d\u00e9rapante; Rev\u00eatement des r\u00e9servoirs de produit chimiques; Peinture tr\u00e9s r\u00e9sistante; Injection; Autonivelante; Sans Solvant; Couche de finition; Rev\u00eatement des reservoirs d&rsquo;eau; <\/p>\n<div class=\"coating_page_tech_sheets\">\n<a href=\"https:\/\/globalnavy.net\/wp-content\/uploads\/2018\/08\/GN221UC_TDS.pdf\" target=\"_blank\" class=\"coating_page_links\" style=\"color:#efefef;\">Fiche Technique<\/a>\n<\/div>\n<\/div>\n","protected":false},"excerpt":{"rendered":"<p>Excellente r\u00e9sine ur\u00e9thane pigment\u00e9. Haute \u00e9tanch\u00e9it\u00e9, formul\u00e9 pour r\u00e9agir en pr\u00e9sence d&rsquo;humidit\u00e9.<\/p>\n","protected":false},"author":1,"featured_media":0,"parent":0,"menu_order":0,"comment_status":"closed","ping_status":"closed","template":"","meta":{"_mi_skip_tracking":false,"_exactmetrics_sitenote_active":false,"_exactmetrics_sitenote_note":"","_exactmetrics_sitenote_category":0},"_links":{"self":[{"href":"https:\/\/globalnavy.net\/fr\/wp-json\/wp\/v2\/pages\/2163"}],"collection":[{"href":"https:\/\/globalnavy.net\/fr\/wp-json\/wp\/v2\/pages"}],"about":[{"href":"https:\/\/globalnavy.net\/fr\/wp-json\/wp\/v2\/types\/page"}],"author":[{"embeddable":true,"href":"https:\/\/globalnavy.net\/fr\/wp-json\/wp\/v2\/users\/1"}],"replies":[{"embeddable":true,"href":"https:\/\/globalnavy.net\/fr\/wp-json\/wp\/v2\/comments?post=2163"}],"version-history":[{"count":0,"href":"https:\/\/globalnavy.net\/fr\/wp-json\/wp\/v2\/pages\/2163\/revisions"}],"wp:attachment":[{"href":"https:\/\/globalnavy.net\/fr\/wp-json\/wp\/v2\/media?parent=2163"}],"curies":[{"name":"wp","href":"https:\/\/api.w.org\/{rel}","templated":true}]}}