
{"id":2164,"date":"2018-09-27T23:21:58","date_gmt":"2018-09-27T23:21:58","guid":{"rendered":"http:\/\/globalnavy.net\/gn222uj\/"},"modified":"2018-09-27T23:21:58","modified_gmt":"2018-09-27T23:21:58","slug":"gn222uj","status":"publish","type":"page","link":"https:\/\/globalnavy.net\/fr\/gn222uj\/","title":{"rendered":"GlobalThane GN222 Urethane Joint"},"content":{"rendered":"<div class=\"justifiedtext\">\n<div class=\"coating_page_variables\">Description<\/div>\n<p>R\u00e9sine polyur\u00e9e bicomposant froid sans solvants pour reparation des joints de dilatation.<\/p>\n<div class=\"coating_page_variables\">Secteur<\/div>\n<p>D\u00e9coratif; Protective; <\/p>\n<div class=\"coating_page_variables\">Type<\/div>\n<p>Ur\u00e9thane; <\/p>\n<div class=\"coating_page_variables\">Substrat<\/div>\n<p>Enduit de Ciment; Carreaux; B\u00e9ton; \u00c9poxy Renforc\u00e9 de Fibres de Verre; Polyester Renforc\u00e9 de Fibres de Verre; Ma\u00e7onnerie; Mousse Polyur\u00e9thane; Acier; Acier Inoxydable; Madeira<\/p>\n<div class=\"coating_page_variables\">Fonction<\/div>\n<p>Mastique de Remplissage; Mastique de Remplissage; Peinture tr\u00e9s r\u00e9sistante; Injection; Couche d&rsquo;impression; Autonivelante; Sans Solvant; Rev\u00eatement des reservoirs d&rsquo;eau; <\/p>\n<div class=\"coating_page_tech_sheets\">\n<a href=\"\" target=\"_blank\" class=\"coating_page_links\" style=\"color:#efefef;\">Fiche Technique<\/a>\n<\/div>\n<\/div>\n","protected":false},"excerpt":{"rendered":"<p>R\u00e9sine polyur\u00e9e bicomposant froid sans solvants pour reparation des joints de dilatation.<\/p>\n","protected":false},"author":1,"featured_media":0,"parent":0,"menu_order":0,"comment_status":"closed","ping_status":"closed","template":"","meta":{"_mi_skip_tracking":false,"_exactmetrics_sitenote_active":false,"_exactmetrics_sitenote_note":"","_exactmetrics_sitenote_category":0},"_links":{"self":[{"href":"https:\/\/globalnavy.net\/fr\/wp-json\/wp\/v2\/pages\/2164"}],"collection":[{"href":"https:\/\/globalnavy.net\/fr\/wp-json\/wp\/v2\/pages"}],"about":[{"href":"https:\/\/globalnavy.net\/fr\/wp-json\/wp\/v2\/types\/page"}],"author":[{"embeddable":true,"href":"https:\/\/globalnavy.net\/fr\/wp-json\/wp\/v2\/users\/1"}],"replies":[{"embeddable":true,"href":"https:\/\/globalnavy.net\/fr\/wp-json\/wp\/v2\/comments?post=2164"}],"version-history":[{"count":0,"href":"https:\/\/globalnavy.net\/fr\/wp-json\/wp\/v2\/pages\/2164\/revisions"}],"wp:attachment":[{"href":"https:\/\/globalnavy.net\/fr\/wp-json\/wp\/v2\/media?parent=2164"}],"curies":[{"name":"wp","href":"https:\/\/api.w.org\/{rel}","templated":true}]}}