
{"id":2179,"date":"2018-09-27T23:26:50","date_gmt":"2018-09-27T23:26:50","guid":{"rendered":"http:\/\/globalnavy.net\/gn077th\/"},"modified":"2018-09-27T23:26:50","modified_gmt":"2018-09-27T23:26:50","slug":"gn077th","status":"publish","type":"page","link":"https:\/\/globalnavy.net\/fr\/gn077th\/","title":{"rendered":"GlobalThin GN077TH"},"content":{"rendered":"<div class=\"justifiedtext\">\n<div class=\"coating_page_variables\">Description<\/div>\n<p>Diluant cellulosique<\/p>\n<div class=\"coating_page_variables\">Secteur<\/div>\n<p>Container; D\u00e9coratif; Marine; Protective; Yachting<\/p>\n<div class=\"coating_page_variables\">Type<\/div>\n<p>Acrylique; Bitume; Caoutchouc Chlor\u00e9; \u00c9poxy; Ph\u00e9nolique \u00e9poxy; \u00c9poxy Zinc; Flocons de Verre; \u00c9poxy Modifi\u00e9; Peinture Anti-encrassement Exempt d&rsquo;\u00e9tain; Silicone; Vinyle; Outro<\/p>\n<div class=\"coating_page_variables\">Substrat<\/div>\n<p>Aluminium; Amiante; Enduit de Ciment; B\u00e9ton; Panneaux de Fibres; Acier Galvanis\u00e9; \u00c9poxy Renforc\u00e9 de Fibres de Verre; Polyester Renforc\u00e9 de Fibres de Verre; Ma\u00e7onnerie; Pl\u00e2tre; Surface Recouvert d&rsquo;un Anti-encrassement; Mousse Polyur\u00e9thane; Acier; Acier Inoxydable; <\/p>\n<div class=\"coating_page_variables\">Fonction<\/div>\n<p>Agent de nettoyage; Diluants; <\/p>\n<div class=\"coating_page_tech_sheets\">\n<a href=\"https:\/\/globalnavy.net\/wp-content\/uploads\/2018\/08\/GN077TH_TDS.pdf\" target=\"_blank\" class=\"coating_page_links\" style=\"color:#efefef;\">Fiche Technique<\/a>\n<\/div>\n<\/div>\n","protected":false},"excerpt":{"rendered":"<p>Diluant cellulosique<\/p>\n","protected":false},"author":1,"featured_media":0,"parent":0,"menu_order":0,"comment_status":"closed","ping_status":"closed","template":"","meta":{"_mi_skip_tracking":false,"_exactmetrics_sitenote_active":false,"_exactmetrics_sitenote_note":"","_exactmetrics_sitenote_category":0},"_links":{"self":[{"href":"https:\/\/globalnavy.net\/fr\/wp-json\/wp\/v2\/pages\/2179"}],"collection":[{"href":"https:\/\/globalnavy.net\/fr\/wp-json\/wp\/v2\/pages"}],"about":[{"href":"https:\/\/globalnavy.net\/fr\/wp-json\/wp\/v2\/types\/page"}],"author":[{"embeddable":true,"href":"https:\/\/globalnavy.net\/fr\/wp-json\/wp\/v2\/users\/1"}],"replies":[{"embeddable":true,"href":"https:\/\/globalnavy.net\/fr\/wp-json\/wp\/v2\/comments?post=2179"}],"version-history":[{"count":0,"href":"https:\/\/globalnavy.net\/fr\/wp-json\/wp\/v2\/pages\/2179\/revisions"}],"wp:attachment":[{"href":"https:\/\/globalnavy.net\/fr\/wp-json\/wp\/v2\/media?parent=2179"}],"curies":[{"name":"wp","href":"https:\/\/api.w.org\/{rel}","templated":true}]}}