
{"id":2180,"date":"2018-09-27T23:27:11","date_gmt":"2018-09-27T23:27:11","guid":{"rendered":"http:\/\/globalnavy.net\/gntixo1\/"},"modified":"2018-09-27T23:27:11","modified_gmt":"2018-09-27T23:27:11","slug":"gntixo1","status":"publish","type":"page","link":"https:\/\/globalnavy.net\/fr\/gntixo1\/","title":{"rendered":"GlobalTix Thixotropic Agent Type I"},"content":{"rendered":"<div class=\"justifiedtext\">\n<div class=\"coating_page_variables\">Description<\/div>\n<p>Agent thixotrope de type 1 pour les \u00e9poxydes. Peu de poussi\u00e8re et l&rsquo;int\u00e9gration facile.<\/p>\n<div class=\"coating_page_variables\">Secteur<\/div>\n<p>D\u00e9coratif; Protective; <\/p>\n<div class=\"coating_page_variables\">Type<\/div>\n<div class=\"coating_page_variables\">Substrat<\/div>\n<div class=\"coating_page_variables\">Fonction<\/div>\n<p>Mastique de Remplissage; Mastique de Remplissage; Outros<\/p>\n<div class=\"coating_page_tech_sheets\">\n<a href=\"\" target=\"_blank\" class=\"coating_page_links\" style=\"color:#efefef;\">Fiche Technique<\/a>\n<\/div>\n<\/div>\n","protected":false},"excerpt":{"rendered":"<p>Agent thixotrope de type 1 pour les \u00e9poxydes. Peu de poussi\u00e8re et l&rsquo;int\u00e9gration facile.<\/p>\n","protected":false},"author":1,"featured_media":0,"parent":0,"menu_order":0,"comment_status":"closed","ping_status":"closed","template":"","meta":{"_mi_skip_tracking":false,"_exactmetrics_sitenote_active":false,"_exactmetrics_sitenote_note":"","_exactmetrics_sitenote_category":0},"_links":{"self":[{"href":"https:\/\/globalnavy.net\/fr\/wp-json\/wp\/v2\/pages\/2180"}],"collection":[{"href":"https:\/\/globalnavy.net\/fr\/wp-json\/wp\/v2\/pages"}],"about":[{"href":"https:\/\/globalnavy.net\/fr\/wp-json\/wp\/v2\/types\/page"}],"author":[{"embeddable":true,"href":"https:\/\/globalnavy.net\/fr\/wp-json\/wp\/v2\/users\/1"}],"replies":[{"embeddable":true,"href":"https:\/\/globalnavy.net\/fr\/wp-json\/wp\/v2\/comments?post=2180"}],"version-history":[{"count":0,"href":"https:\/\/globalnavy.net\/fr\/wp-json\/wp\/v2\/pages\/2180\/revisions"}],"wp:attachment":[{"href":"https:\/\/globalnavy.net\/fr\/wp-json\/wp\/v2\/media?parent=2180"}],"curies":[{"name":"wp","href":"https:\/\/api.w.org\/{rel}","templated":true}]}}