
{"id":3826,"date":"2020-12-15T14:51:45","date_gmt":"2020-12-15T14:51:45","guid":{"rendered":"https:\/\/globalnavy.net\/?page_id=3826"},"modified":"2020-12-16T11:10:53","modified_gmt":"2020-12-16T11:10:53","slug":"globaldur-gn120-epoxy-resin","status":"publish","type":"page","link":"https:\/\/globalnavy.net\/fr\/globaldur-gn120-epoxy-resin\/","title":{"rendered":"GlobalDur GN120 Epoxy Cove"},"content":{"rendered":"\t\t<div data-elementor-type=\"wp-page\" data-elementor-id=\"3826\" class=\"elementor elementor-3826 elementor-3825\">\n\t\t\t\t\t\t<div class=\"elementor-inner\">\n\t\t\t\t<div class=\"elementor-section-wrap\">\n\t\t\t\t\t\t\t\t\t<section class=\"elementor-section elementor-top-section elementor-element elementor-element-7a09637 elementor-section-boxed elementor-section-height-default elementor-section-height-default\" data-id=\"7a09637\" data-element_type=\"section\">\n\t\t\t\t\t\t<div class=\"elementor-container elementor-column-gap-default\">\n\t\t\t\t\t\t\t<div class=\"elementor-row\">\n\t\t\t\t\t<div class=\"elementor-column elementor-col-100 elementor-top-column elementor-element elementor-element-4a71daef\" data-id=\"4a71daef\" data-element_type=\"column\">\n\t\t\t<div class=\"elementor-column-wrap elementor-element-populated\">\n\t\t\t\t\t\t\t<div class=\"elementor-widget-wrap\">\n\t\t\t\t\t\t<div class=\"elementor-element elementor-element-7106e852 elementor-widget elementor-widget-text-editor\" data-id=\"7106e852\" data-element_type=\"widget\" data-widget_type=\"text-editor.default\">\n\t\t\t\t<div class=\"elementor-widget-container\">\n\t\t\t\t\t\t\t\t<div class=\"elementor-text-editor elementor-clearfix\">\n\t\t\t\t<div class=\"justifiedtext\">\n<div class=\"coating_page_variables\">Description<\/div>\n<p>R\u00e9sine \u00e9poxy incolore sans solvants, de haute viscosit\u00e9, sp\u00e9cialement formul\u00e9e pour les demi-cannes.<\/p>\n<div class=\"coating_page_variables\">Segment<\/div>\n<p>Decorative; Marine; Protective; Yacht.<\/p>\n<div class=\"coating_page_variables\">Type<\/div>\n<p>Epoxy.<\/p>\n<div class=\"coating_page_variables\">Substrate<\/div>\n<p>Cement Rendering; Ceramic Tiles; Concrete; Fibre board; Glass Fibre Reinforced epoxy.<\/p>\n<div class=\"coating_page_variables\">Function<\/div>\n<p>Abrasion resistance; Anti-skid; Chemical tank lining; Filler &#8211; putty; Filler &#8211; putty; Glass fibre repair; Heavy duty coating; Injection; Midcoat &#8211; intermediate; Pipe coating; Primer; Primer and Finish; Sealer; Solvent free; Water tank lining.<\/p>\n<div class=\"coating_page_tech_sheets\">\n<a href=\"\" target=\"_blank\" class=\"coating_page_links\" style=\"color:#efefef;\" rel=\"noopener noreferrer\">Technical Data Sheet<\/a><\/div>\n<\/div>\n\t\t\t\t\t<\/div>\n\t\t\t\t\t\t<\/div>\n\t\t\t\t<\/div>\n\t\t\t\t\t\t<\/div>\n\t\t\t\t\t<\/div>\n\t\t<\/div>\n\t\t\t\t\t\t\t\t<\/div>\n\t\t\t\t\t<\/div>\n\t\t<\/section>\n\t\t\t\t\t\t\t\t\t<\/div>\n\t\t\t<\/div>\n\t\t\t\t\t<\/div>\n\t\t","protected":false},"excerpt":{"rendered":"<p>R\u00e9sine \u00e9poxy incolore sans solvants, de haute viscosit\u00e9, sp\u00e9cialement formul\u00e9e pour les demi-cannes.<\/p>\n","protected":false},"author":1,"featured_media":0,"parent":0,"menu_order":0,"comment_status":"closed","ping_status":"closed","template":"","meta":{"_mi_skip_tracking":false,"_exactmetrics_sitenote_active":false,"_exactmetrics_sitenote_note":"","_exactmetrics_sitenote_category":0},"_links":{"self":[{"href":"https:\/\/globalnavy.net\/fr\/wp-json\/wp\/v2\/pages\/3826"}],"collection":[{"href":"https:\/\/globalnavy.net\/fr\/wp-json\/wp\/v2\/pages"}],"about":[{"href":"https:\/\/globalnavy.net\/fr\/wp-json\/wp\/v2\/types\/page"}],"author":[{"embeddable":true,"href":"https:\/\/globalnavy.net\/fr\/wp-json\/wp\/v2\/users\/1"}],"replies":[{"embeddable":true,"href":"https:\/\/globalnavy.net\/fr\/wp-json\/wp\/v2\/comments?post=3826"}],"version-history":[{"count":5,"href":"https:\/\/globalnavy.net\/fr\/wp-json\/wp\/v2\/pages\/3826\/revisions"}],"predecessor-version":[{"id":3904,"href":"https:\/\/globalnavy.net\/fr\/wp-json\/wp\/v2\/pages\/3826\/revisions\/3904"}],"wp:attachment":[{"href":"https:\/\/globalnavy.net\/fr\/wp-json\/wp\/v2\/media?parent=3826"}],"curies":[{"name":"wp","href":"https:\/\/api.w.org\/{rel}","templated":true}]}}