
{"id":966,"date":"2018-08-23T11:37:33","date_gmt":"2018-08-23T11:37:33","guid":{"rendered":"http:\/\/globalnavy.net\/?page_id=966"},"modified":"2019-06-24T15:16:04","modified_gmt":"2019-06-24T15:16:04","slug":"a-propos-de-globalnavy","status":"publish","type":"page","link":"https:\/\/globalnavy.net\/fr\/a-propos-de-globalnavy\/","title":{"rendered":"\u00c0 propos de GlobalNavy"},"content":{"rendered":"<div style=\"text-align: justify;\">\n<p><img loading=\"lazy\" src=\"http:\/\/globalnavy.net\/wp-content\/uploads\/2018\/08\/about_img_scaled-1.jpg\" alt=\"\" width=\"1020\" height=\"190\" class=\"alignnone size-full wp-image-454\" srcset=\"https:\/\/globalnavy.net\/wp-content\/uploads\/2018\/08\/about_img_scaled-1.jpg 1020w, https:\/\/globalnavy.net\/wp-content\/uploads\/2018\/08\/about_img_scaled-1-300x56.jpg 300w, https:\/\/globalnavy.net\/wp-content\/uploads\/2018\/08\/about_img_scaled-1-768x143.jpg 768w\" sizes=\"(max-width: 1020px) 100vw, 1020px\" \/><\/p>\n<p>Globalnavy est un fabricant de rev\u00eatements \u00e9mergents ax\u00e9 sur la R &#038; D, les techniques de production avanc\u00e9es et commercialise une large gamme de rev\u00eatements pour les march\u00e9s de l&rsquo;architecture \/ d\u00e9coration, de la protection, de la marine et de l&rsquo;offshore.<\/p>\n<p>Nos objectifs se concentrent sur les pr\u00e9occupations li\u00e9es aux performances \u00e9cologiques et anticorrosives en raison notamment des exigences \u00e9normes impos\u00e9es aux rev\u00eatements et aux m\u00e9thodes de pr\u00e9paration de surface de nos jours.<\/p>\n<p>Notre objectif est toujours de cr\u00e9er de la valeur suppl\u00e9mentaire pour nos partenaires, r\u00e9pondre aux besoins des utilisateurs avec un esprit cr\u00e9atif et innovateur sur une approche diff\u00e9rente de rev\u00eatements.<\/p>\n<p>Globalnavy conserve sa gestion transparente conform\u00e9ment \u00e0 son code d&rsquo;\u00e9thique et dans le but d&rsquo;accro\u00eetre la valeur des entreprises.<\/p>\n<p><iframe loading=\"lazy\" width=\"1040\" height=\"400\" src=\"https:\/\/www.youtube.com\/embed\/QGdwf2Em0LI\" frameborder=\"0\" allow=\"autoplay; encrypted-media\" allowfullscreen><\/iframe><\/p>\n<\/div>\n","protected":false},"excerpt":{"rendered":"<p>Globalnavy est un fabricant de rev\u00eatements \u00e9mergents ax\u00e9 sur la R &#038; D, les techniques de production avanc\u00e9es et commercialise une large gamme de rev\u00eatements pour les march\u00e9s de l&rsquo;architecture \/ d\u00e9coration, de la protection, de la marine et de l&rsquo;offshore. Nos objectifs se concentrent sur les pr\u00e9occupations li\u00e9es aux performances \u00e9cologiques et anticorrosives en &#8230; <a title=\"\u00c0 propos de GlobalNavy\" class=\"read-more\" href=\"https:\/\/globalnavy.net\/fr\/a-propos-de-globalnavy\/\" aria-label=\"En savoir plus sur \u00c0 propos de GlobalNavy\">Lire la suite<\/a><\/p>\n","protected":false},"author":1,"featured_media":0,"parent":0,"menu_order":0,"comment_status":"closed","ping_status":"closed","template":"","meta":{"_mi_skip_tracking":false,"_exactmetrics_sitenote_active":false,"_exactmetrics_sitenote_note":"","_exactmetrics_sitenote_category":0},"_links":{"self":[{"href":"https:\/\/globalnavy.net\/fr\/wp-json\/wp\/v2\/pages\/966"}],"collection":[{"href":"https:\/\/globalnavy.net\/fr\/wp-json\/wp\/v2\/pages"}],"about":[{"href":"https:\/\/globalnavy.net\/fr\/wp-json\/wp\/v2\/types\/page"}],"author":[{"embeddable":true,"href":"https:\/\/globalnavy.net\/fr\/wp-json\/wp\/v2\/users\/1"}],"replies":[{"embeddable":true,"href":"https:\/\/globalnavy.net\/fr\/wp-json\/wp\/v2\/comments?post=966"}],"version-history":[{"count":4,"href":"https:\/\/globalnavy.net\/fr\/wp-json\/wp\/v2\/pages\/966\/revisions"}],"predecessor-version":[{"id":3036,"href":"https:\/\/globalnavy.net\/fr\/wp-json\/wp\/v2\/pages\/966\/revisions\/3036"}],"wp:attachment":[{"href":"https:\/\/globalnavy.net\/fr\/wp-json\/wp\/v2\/media?parent=966"}],"curies":[{"name":"wp","href":"https:\/\/api.w.org\/{rel}","templated":true}]}}