
{"id":970,"date":"2018-08-23T11:44:32","date_gmt":"2018-08-23T11:44:32","guid":{"rendered":"http:\/\/globalnavy.net\/?page_id=970"},"modified":"2018-08-23T11:44:32","modified_gmt":"2018-08-23T11:44:32","slug":"notre-strategie","status":"publish","type":"page","link":"https:\/\/globalnavy.net\/fr\/notre-strategie\/","title":{"rendered":"Notre Strat\u00e9gie"},"content":{"rendered":"<div style=\"text-align:justify;\">\n<p><img loading=\"lazy\" src=\"http:\/\/globalnavy.net\/wp-content\/uploads\/2018\/08\/strategy_img_scaled.jpg\" alt=\"\" width=\"1020\" height=\"190\" class=\"alignnone size-full wp-image-461\" srcset=\"https:\/\/globalnavy.net\/wp-content\/uploads\/2018\/08\/strategy_img_scaled.jpg 1020w, https:\/\/globalnavy.net\/wp-content\/uploads\/2018\/08\/strategy_img_scaled-300x56.jpg 300w, https:\/\/globalnavy.net\/wp-content\/uploads\/2018\/08\/strategy_img_scaled-768x143.jpg 768w\" sizes=\"(max-width: 1020px) 100vw, 1020px\" \/><\/p>\n<p>L&rsquo;industrie des rev\u00eatements s&rsquo;am\u00e9liore constamment, les co\u00fbts d&rsquo;exploitation continuent d&rsquo;augmenter et les concurrents deviennent plus gros. Sur la base de cette vision, nous croyons que nous devons cro\u00eetre plus vite que le march\u00e9 en gardant le client comme \u00e9l\u00e9ment cl\u00e9 de l&rsquo;entreprise. Notre concept strat\u00e9gique est simple : nous sommes curieux, cr\u00e9atifs et autocritiques d\u00e9veloppant des technologies de rev\u00eatements respectueux de l&rsquo;environnement; \u00eatre en \u00e9volution continue et cr\u00e9er de la valeur ajout\u00e9e pour nos clients avec un esprit cr\u00e9atif et innovant.<\/p>\n<p>Nous d\u00e9veloppons et proposons des solutions fiables, donc nous croyons que tout ce que nous faisons est engag\u00e9 \u00e0 la qualit\u00e9. La gestion de la qualit\u00e9 est un outil fondamental et essentiel pour l&rsquo;am\u00e9lioration continue et pour r\u00e9pondre aux besoins de nos clients. Par cons\u00e9quent, nous sommes respect\u00e9s et interrog\u00e9s pour r\u00e9pondre avec la technologie et les solutions les plus avanc\u00e9es dans les rev\u00eatements.<\/p>\n<p>La mise en \u0153uvre de cette strat\u00e9gie permet Globalnavy d&rsquo;avoir une croissance continue et l&rsquo;apprentissage par la construction d&rsquo;un projet d&rsquo;entreprise cr\u00e9dible et durable. Par cons\u00e9quent, nous croyons que la cl\u00e9 du succ\u00e8s est atteinte en transformant les clients en partenaires. Il est pr\u00e9vu que les r\u00e9sultats obtenus permettent la consolidation de la position de Globalnavy et de ses partenaires.<\/p>\n<\/div>\n","protected":false},"excerpt":{"rendered":"<p>L&rsquo;industrie des rev\u00eatements s&rsquo;am\u00e9liore constamment, les co\u00fbts d&rsquo;exploitation continuent d&rsquo;augmenter et les concurrents deviennent plus gros. Sur la base de cette vision, nous croyons que nous devons cro\u00eetre plus vite que le march\u00e9 en gardant le client comme \u00e9l\u00e9ment cl\u00e9 de l&rsquo;entreprise. Notre concept strat\u00e9gique est simple : nous sommes curieux, cr\u00e9atifs et autocritiques d\u00e9veloppant &#8230; <a title=\"Notre Strat\u00e9gie\" class=\"read-more\" href=\"https:\/\/globalnavy.net\/fr\/notre-strategie\/\" aria-label=\"En savoir plus sur Notre Strat\u00e9gie\">Lire la suite<\/a><\/p>\n","protected":false},"author":1,"featured_media":0,"parent":0,"menu_order":0,"comment_status":"closed","ping_status":"closed","template":"","meta":{"_mi_skip_tracking":false,"_exactmetrics_sitenote_active":false,"_exactmetrics_sitenote_note":"","_exactmetrics_sitenote_category":0},"_links":{"self":[{"href":"https:\/\/globalnavy.net\/fr\/wp-json\/wp\/v2\/pages\/970"}],"collection":[{"href":"https:\/\/globalnavy.net\/fr\/wp-json\/wp\/v2\/pages"}],"about":[{"href":"https:\/\/globalnavy.net\/fr\/wp-json\/wp\/v2\/types\/page"}],"author":[{"embeddable":true,"href":"https:\/\/globalnavy.net\/fr\/wp-json\/wp\/v2\/users\/1"}],"replies":[{"embeddable":true,"href":"https:\/\/globalnavy.net\/fr\/wp-json\/wp\/v2\/comments?post=970"}],"version-history":[{"count":1,"href":"https:\/\/globalnavy.net\/fr\/wp-json\/wp\/v2\/pages\/970\/revisions"}],"predecessor-version":[{"id":971,"href":"https:\/\/globalnavy.net\/fr\/wp-json\/wp\/v2\/pages\/970\/revisions\/971"}],"wp:attachment":[{"href":"https:\/\/globalnavy.net\/fr\/wp-json\/wp\/v2\/media?parent=970"}],"curies":[{"name":"wp","href":"https:\/\/api.w.org\/{rel}","templated":true}]}}