
{"id":972,"date":"2018-08-23T11:48:44","date_gmt":"2018-08-23T11:48:44","guid":{"rendered":"http:\/\/globalnavy.net\/?page_id=972"},"modified":"2018-08-23T11:48:44","modified_gmt":"2018-08-23T11:48:44","slug":"environnement","status":"publish","type":"page","link":"https:\/\/globalnavy.net\/fr\/environnement\/","title":{"rendered":"Environnement"},"content":{"rendered":"<div style=\"text-align:justify;\">\n<p><img loading=\"lazy\" src=\"http:\/\/globalnavy.net\/wp-content\/uploads\/2018\/08\/environment_img_scaled.jpg\" alt=\"\" width=\"1020\" height=\"190\" class=\"alignnone size-full wp-image-468\" srcset=\"https:\/\/globalnavy.net\/wp-content\/uploads\/2018\/08\/environment_img_scaled.jpg 1020w, https:\/\/globalnavy.net\/wp-content\/uploads\/2018\/08\/environment_img_scaled-300x56.jpg 300w, https:\/\/globalnavy.net\/wp-content\/uploads\/2018\/08\/environment_img_scaled-768x143.jpg 768w\" sizes=\"(max-width: 1020px) 100vw, 1020px\" \/><\/p>\n<p>Globalnavy travaille sur les questions environnementales sous tous les angles, y compris la conception, la fabrication, la livraison, l&rsquo;utilisation et l&rsquo;\u00e9limination des d\u00e9chets.<\/p>\n<p>Globalnavy s&rsquo;efforce non seulement de prot\u00e9ger l&rsquo;environnement contre la pollution en \u00e9liminant les compos\u00e9s organiques nocifs utilis\u00e9s dans les peintures traditionnelles en d\u00e9veloppant une technologie sans solvant, mais aussi de r\u00e9soudre les probl\u00e8mes en concevant des produits permettant des m\u00e9thodes de pr\u00e9paration de surface respectueuses de l&rsquo;environnement. (D\u00e9capage \u00e0 l&rsquo;eau, d\u00e9capage au jet humide).<\/p>\n<p>Nous continuons d&rsquo;utiliser avec parcimonie les ressources naturelles limit\u00e9es de la Terre et nous nous effor\u00e7ons de b\u00e2tir une soci\u00e9t\u00e9 respectueuse de l&rsquo;environnement qui recyclera et r\u00e9duira son empreinte \u00e9nerg\u00e9tique, de mani\u00e8re \u00e0 r\u00e9duire l&rsquo;impact n\u00e9gatif sur la Terre.<\/p>\n<\/div>\n","protected":false},"excerpt":{"rendered":"<p>Globalnavy travaille sur les questions environnementales sous tous les angles, y compris la conception, la fabrication, la livraison, l&rsquo;utilisation et l&rsquo;\u00e9limination des d\u00e9chets. Globalnavy s&rsquo;efforce non seulement de prot\u00e9ger l&rsquo;environnement contre la pollution en \u00e9liminant les compos\u00e9s organiques nocifs utilis\u00e9s dans les peintures traditionnelles en d\u00e9veloppant une technologie sans solvant, mais aussi de r\u00e9soudre les &#8230; <a title=\"Environnement\" class=\"read-more\" href=\"https:\/\/globalnavy.net\/fr\/environnement\/\" aria-label=\"En savoir plus sur Environnement\">Lire la suite<\/a><\/p>\n","protected":false},"author":1,"featured_media":0,"parent":0,"menu_order":0,"comment_status":"closed","ping_status":"closed","template":"","meta":{"_mi_skip_tracking":false,"_exactmetrics_sitenote_active":false,"_exactmetrics_sitenote_note":"","_exactmetrics_sitenote_category":0},"_links":{"self":[{"href":"https:\/\/globalnavy.net\/fr\/wp-json\/wp\/v2\/pages\/972"}],"collection":[{"href":"https:\/\/globalnavy.net\/fr\/wp-json\/wp\/v2\/pages"}],"about":[{"href":"https:\/\/globalnavy.net\/fr\/wp-json\/wp\/v2\/types\/page"}],"author":[{"embeddable":true,"href":"https:\/\/globalnavy.net\/fr\/wp-json\/wp\/v2\/users\/1"}],"replies":[{"embeddable":true,"href":"https:\/\/globalnavy.net\/fr\/wp-json\/wp\/v2\/comments?post=972"}],"version-history":[{"count":1,"href":"https:\/\/globalnavy.net\/fr\/wp-json\/wp\/v2\/pages\/972\/revisions"}],"predecessor-version":[{"id":973,"href":"https:\/\/globalnavy.net\/fr\/wp-json\/wp\/v2\/pages\/972\/revisions\/973"}],"wp:attachment":[{"href":"https:\/\/globalnavy.net\/fr\/wp-json\/wp\/v2\/media?parent=972"}],"curies":[{"name":"wp","href":"https:\/\/api.w.org\/{rel}","templated":true}]}}