
{"id":974,"date":"2018-08-23T11:52:13","date_gmt":"2018-08-23T11:52:13","guid":{"rendered":"http:\/\/globalnavy.net\/?page_id=974"},"modified":"2018-08-23T11:52:13","modified_gmt":"2018-08-23T11:52:13","slug":"recherche-developpement","status":"publish","type":"page","link":"https:\/\/globalnavy.net\/fr\/recherche-developpement\/","title":{"rendered":"Recherche &#038; D\u00e9veloppement"},"content":{"rendered":"<div style=\"text-align:justify;\">\n<p><img loading=\"lazy\" src=\"http:\/\/globalnavy.net\/wp-content\/uploads\/2018\/08\/r__d_img_scaled.jpg\" alt=\"\" width=\"1020\" height=\"190\" class=\"alignnone size-full wp-image-475\" srcset=\"https:\/\/globalnavy.net\/wp-content\/uploads\/2018\/08\/r__d_img_scaled.jpg 1020w, https:\/\/globalnavy.net\/wp-content\/uploads\/2018\/08\/r__d_img_scaled-300x56.jpg 300w, https:\/\/globalnavy.net\/wp-content\/uploads\/2018\/08\/r__d_img_scaled-768x143.jpg 768w\" sizes=\"(max-width: 1020px) 100vw, 1020px\" \/><\/p>\n<p>Notre recherche et le d\u00e9veloppement se sont engag\u00e9s \u00e0 fournir des solutions plus s\u00fbres et plus respectueuses de l&rsquo;environnement, des produits innovants et \u00e0 am\u00e9liorer ceux qui existent d\u00e9j\u00e0, tout en offrant une vente efficace et service technique \u00e0 nos partenaires.<\/p>\n<p>En maintenant Globalnavy \u00e0 l&rsquo;avant-garde des technologies de rev\u00eatement, nous contribuons \u00e0 rendre la vie plus facile et plus rentable pour les utilisateurs finaux. Notre potentiel comp\u00e9titif consiste \u00e0 cr\u00e9er une nouvelle technologie de rev\u00eatements haute performance en tant que notre \u00e9poxy anticorrosif avanc\u00e9 sans solvant (Humidity and Surface Tolerant, Inhibitor &#8211; HASTIE).<\/p>\n<\/div>\n","protected":false},"excerpt":{"rendered":"<p>Notre recherche et le d\u00e9veloppement se sont engag\u00e9s \u00e0 fournir des solutions plus s\u00fbres et plus respectueuses de l&rsquo;environnement, des produits innovants et \u00e0 am\u00e9liorer ceux qui existent d\u00e9j\u00e0, tout en offrant une vente efficace et service technique \u00e0 nos partenaires. En maintenant Globalnavy \u00e0 l&rsquo;avant-garde des technologies de rev\u00eatement, nous contribuons \u00e0 rendre la &#8230; <a title=\"Recherche &#038; D\u00e9veloppement\" class=\"read-more\" href=\"https:\/\/globalnavy.net\/fr\/recherche-developpement\/\" aria-label=\"En savoir plus sur Recherche &#038; D\u00e9veloppement\">Lire la suite<\/a><\/p>\n","protected":false},"author":1,"featured_media":0,"parent":0,"menu_order":0,"comment_status":"closed","ping_status":"closed","template":"","meta":{"_mi_skip_tracking":false,"_exactmetrics_sitenote_active":false,"_exactmetrics_sitenote_note":"","_exactmetrics_sitenote_category":0},"_links":{"self":[{"href":"https:\/\/globalnavy.net\/fr\/wp-json\/wp\/v2\/pages\/974"}],"collection":[{"href":"https:\/\/globalnavy.net\/fr\/wp-json\/wp\/v2\/pages"}],"about":[{"href":"https:\/\/globalnavy.net\/fr\/wp-json\/wp\/v2\/types\/page"}],"author":[{"embeddable":true,"href":"https:\/\/globalnavy.net\/fr\/wp-json\/wp\/v2\/users\/1"}],"replies":[{"embeddable":true,"href":"https:\/\/globalnavy.net\/fr\/wp-json\/wp\/v2\/comments?post=974"}],"version-history":[{"count":1,"href":"https:\/\/globalnavy.net\/fr\/wp-json\/wp\/v2\/pages\/974\/revisions"}],"predecessor-version":[{"id":975,"href":"https:\/\/globalnavy.net\/fr\/wp-json\/wp\/v2\/pages\/974\/revisions\/975"}],"wp:attachment":[{"href":"https:\/\/globalnavy.net\/fr\/wp-json\/wp\/v2\/media?parent=974"}],"curies":[{"name":"wp","href":"https:\/\/api.w.org\/{rel}","templated":true}]}}