
{"id":976,"date":"2018-08-23T11:55:07","date_gmt":"2018-08-23T11:55:07","guid":{"rendered":"http:\/\/globalnavy.net\/?page_id=976"},"modified":"2021-11-09T15:21:32","modified_gmt":"2021-11-09T15:21:32","slug":"marine-et-offshore","status":"publish","type":"page","link":"https:\/\/globalnavy.net\/fr\/marine-et-offshore\/","title":{"rendered":"Marine et Offshore"},"content":{"rendered":"\t\t<div data-elementor-type=\"wp-page\" data-elementor-id=\"976\" class=\"elementor elementor-976 elementor-172\">\n\t\t\t\t\t\t<div class=\"elementor-inner\">\n\t\t\t\t<div class=\"elementor-section-wrap\">\n\t\t\t\t\t\t\t\t\t<section class=\"elementor-section elementor-top-section elementor-element elementor-element-3a9c6b52 elementor-section-boxed elementor-section-height-default elementor-section-height-default\" data-id=\"3a9c6b52\" data-element_type=\"section\">\n\t\t\t\t\t\t<div class=\"elementor-container elementor-column-gap-default\">\n\t\t\t\t\t\t\t<div class=\"elementor-row\">\n\t\t\t\t\t<div class=\"elementor-column elementor-col-100 elementor-top-column elementor-element elementor-element-78d73882\" data-id=\"78d73882\" data-element_type=\"column\">\n\t\t\t<div class=\"elementor-column-wrap elementor-element-populated\">\n\t\t\t\t\t\t\t<div class=\"elementor-widget-wrap\">\n\t\t\t\t\t\t<div class=\"elementor-element elementor-element-1840d943 elementor-widget elementor-widget-text-editor\" data-id=\"1840d943\" data-element_type=\"widget\" data-widget_type=\"text-editor.default\">\n\t\t\t\t<div class=\"elementor-widget-container\">\n\t\t\t\t\t\t\t\t<div class=\"elementor-text-editor elementor-clearfix\">\n\t\t\t\t<div class=\"justifiedtext\">\n\n<img loading=\"lazy\" src=\"http:\/\/globalnavy.net\/wp-content\/uploads\/2018\/08\/marine__offshore_scaled.jpg\" alt=\"\" width=\"725\" height=\"150\" class=\"alignnone size-full wp-image-489\" srcset=\"https:\/\/globalnavy.net\/wp-content\/uploads\/2018\/08\/marine__offshore_scaled.jpg 725w, https:\/\/globalnavy.net\/wp-content\/uploads\/2018\/08\/marine__offshore_scaled-300x62.jpg 300w\" sizes=\"(max-width: 725px) 100vw, 725px\" \/>\n\n<p>Les peintures marines sont indispensables pour assurer la s\u00e9curit\u00e9 et l&rsquo;efficacit\u00e9 du trafic des navires impliqu\u00e9s dans la plus grande partie de la logistique mondiale de transport.<\/p>\n\n<p>Globalnavy d\u00e9veloppe et fabrique un large \u00e9ventail de rev\u00eatements marins et offshore pour toutes les zones de navire, des peintures antisalissures pour emp\u00eacher l&rsquo;adh\u00e9rence au fond des navires, des rev\u00eatements anticorrosifs pour prot\u00e9ger les ballasts, des cales et des r\u00e9servoirs d&rsquo;eau potable contre la corrosion et des peintures protectrices pour les superstructures. topsides qui am\u00e9liorent l&rsquo;apparence. Notre objectif est de garder votre navire dans de bonnes conditions, tant \u00e0 l&rsquo;int\u00e9rieur qu&rsquo;\u00e0 l&rsquo;ext\u00e9rieur, tout au long de sa dur\u00e9e de vie depuis la construction navale et pendant de nombreuses ann\u00e9es d&rsquo;exploitation efficace.<\/p>\n\n<h2>En savoir plus<\/h2>\n\n<div class=\"subsegment_list\">\n<ul>\n<li><a href=\"http:\/\/globalnavy.net\/fr\/accommodation\/\">Accommodation<\/a><\/li>\n<li><a href=\"http:\/\/globalnavy.net\/fr\/superstructure\/\">Superstructure<\/a><\/li>\n<li><a href=\"http:\/\/globalnavy.net\/fr\/decks\/\">Decks<\/a><\/li>\n<li><a href=\"http:\/\/globalnavy.net\/fr\/reservoirs\/\">R\u00e9servoirs<\/a><\/li>\n<li><a href=\"http:\/\/globalnavy.net\/fr\/topsides\/\">Topsides<\/a><\/li>\n<li><a href=\"http:\/\/globalnavy.net\/fr\/sous-marin-hull-vertical-et-plat\/\">Sous-marin Hull (vertical et plat)<\/a><\/li>\n<\/ul>\n<\/div>\n\n<h2>T\u00e9l\u00e9charger<\/h2>\n\n<a class=\"brochure_link\" href=\"http:\/\/globalnavy.net\/wp-content\/uploads\/2018\/10\/MO1_PROTECTIVE-COATINGS_PT_UK_FR_VN.pdf\" target=\"_blank\">Protective Coatings<\/a><a class=\"brochure_link\" href=\"http:\/\/globalnavy.net\/wp-content\/uploads\/2018\/10\/MO2_Painting-Scheme_UK_FR_VN.pdf\" target=\"_blank\">Painting Scheme<\/a><a class=\"brochure_link\" href=\"http:\/\/globalnavy.net\/wp-content\/uploads\/2018\/10\/MO3_GN101_ANTICORROSION_UK_FR_VN-1.pdf\" target=\"_blank\">Anticorrosion<\/a>\n<a class=\"brochure_link\" href=\"http:\/\/globalnavy.net\/wp-content\/uploads\/2018\/10\/MO4_CUI_1_2016_GLOBALNAVY_PT_UK_FR_VN.pdf\" target=\"_blank\">C.U.I<\/a><a class=\"brochure_link\" href=\"http:\/\/globalnavy.net\/wp\n\n-\ncontent\/uploads\/2021\/11\/Monofolha-101EP_12-v15.pdf\" target=\"_blank\">Fiche  GN101EP<\/a>\n<\/div>\t\t\t\t\t<\/div>\n\t\t\t\t\t\t<\/div>\n\t\t\t\t<\/div>\n\t\t\t\t\t\t<\/div>\n\t\t\t\t\t<\/div>\n\t\t<\/div>\n\t\t\t\t\t\t\t\t<\/div>\n\t\t\t\t\t<\/div>\n\t\t<\/section>\n\t\t\t\t\t\t\t\t\t<\/div>\n\t\t\t<\/div>\n\t\t\t\t\t<\/div>\n\t\t","protected":false},"excerpt":{"rendered":"<p>Les peintures marines sont indispensables pour assurer la s\u00e9curit\u00e9 et l&rsquo;efficacit\u00e9 du trafic des navires impliqu\u00e9s dans la plus grande partie de la logistique mondiale de transport. Globalnavy d\u00e9veloppe et fabrique un large \u00e9ventail de rev\u00eatements marins et offshore pour toutes les zones de navire, des peintures antisalissures pour emp\u00eacher l&rsquo;adh\u00e9rence au fond des navires, &#8230; <a title=\"Marine et Offshore\" class=\"read-more\" href=\"https:\/\/globalnavy.net\/fr\/marine-et-offshore\/\" aria-label=\"En savoir plus sur Marine et Offshore\">Lire la suite<\/a><\/p>\n","protected":false},"author":1,"featured_media":0,"parent":0,"menu_order":0,"comment_status":"closed","ping_status":"closed","template":"","meta":{"_mi_skip_tracking":false,"_exactmetrics_sitenote_active":false,"_exactmetrics_sitenote_note":"","_exactmetrics_sitenote_category":0},"_links":{"self":[{"href":"https:\/\/globalnavy.net\/fr\/wp-json\/wp\/v2\/pages\/976"}],"collection":[{"href":"https:\/\/globalnavy.net\/fr\/wp-json\/wp\/v2\/pages"}],"about":[{"href":"https:\/\/globalnavy.net\/fr\/wp-json\/wp\/v2\/types\/page"}],"author":[{"embeddable":true,"href":"https:\/\/globalnavy.net\/fr\/wp-json\/wp\/v2\/users\/1"}],"replies":[{"embeddable":true,"href":"https:\/\/globalnavy.net\/fr\/wp-json\/wp\/v2\/comments?post=976"}],"version-history":[{"count":11,"href":"https:\/\/globalnavy.net\/fr\/wp-json\/wp\/v2\/pages\/976\/revisions"}],"predecessor-version":[{"id":4319,"href":"https:\/\/globalnavy.net\/fr\/wp-json\/wp\/v2\/pages\/976\/revisions\/4319"}],"wp:attachment":[{"href":"https:\/\/globalnavy.net\/fr\/wp-json\/wp\/v2\/media?parent=976"}],"curies":[{"name":"wp","href":"https:\/\/api.w.org\/{rel}","templated":true}]}}