
{"id":978,"date":"2018-08-23T12:03:01","date_gmt":"2018-08-23T12:03:01","guid":{"rendered":"http:\/\/globalnavy.net\/?page_id=978"},"modified":"2018-08-23T12:03:01","modified_gmt":"2018-08-23T12:03:01","slug":"accommodation","status":"publish","type":"page","link":"https:\/\/globalnavy.net\/fr\/accommodation\/","title":{"rendered":"Accommodation"},"content":{"rendered":"<div class=\"justifiedtext\">\n<p>La surface int\u00e9rieure du navire doit \u00eatre dans les meilleures conditions car il habite et exploite l&rsquo;\u00e9quipage. Pour cette raison et en pensant au confort des occupants, Globalnavy se consacre \u00e0 la conception de rev\u00eatements destin\u00e9s \u00e0 leur protection efficace et facile \u00e0 entretenir.<\/p>\n<\/div>\n","protected":false},"excerpt":{"rendered":"<p>La surface int\u00e9rieure du navire doit \u00eatre dans les meilleures conditions car il habite et exploite l&rsquo;\u00e9quipage. Pour cette raison et en pensant au confort des occupants, Globalnavy se consacre \u00e0 la conception de rev\u00eatements destin\u00e9s \u00e0 leur protection efficace et facile \u00e0 entretenir.<\/p>\n","protected":false},"author":1,"featured_media":0,"parent":0,"menu_order":0,"comment_status":"closed","ping_status":"closed","template":"","meta":{"_mi_skip_tracking":false,"_exactmetrics_sitenote_active":false,"_exactmetrics_sitenote_note":"","_exactmetrics_sitenote_category":0},"_links":{"self":[{"href":"https:\/\/globalnavy.net\/fr\/wp-json\/wp\/v2\/pages\/978"}],"collection":[{"href":"https:\/\/globalnavy.net\/fr\/wp-json\/wp\/v2\/pages"}],"about":[{"href":"https:\/\/globalnavy.net\/fr\/wp-json\/wp\/v2\/types\/page"}],"author":[{"embeddable":true,"href":"https:\/\/globalnavy.net\/fr\/wp-json\/wp\/v2\/users\/1"}],"replies":[{"embeddable":true,"href":"https:\/\/globalnavy.net\/fr\/wp-json\/wp\/v2\/comments?post=978"}],"version-history":[{"count":1,"href":"https:\/\/globalnavy.net\/fr\/wp-json\/wp\/v2\/pages\/978\/revisions"}],"predecessor-version":[{"id":979,"href":"https:\/\/globalnavy.net\/fr\/wp-json\/wp\/v2\/pages\/978\/revisions\/979"}],"wp:attachment":[{"href":"https:\/\/globalnavy.net\/fr\/wp-json\/wp\/v2\/media?parent=978"}],"curies":[{"name":"wp","href":"https:\/\/api.w.org\/{rel}","templated":true}]}}