
{"id":988,"date":"2018-08-23T12:53:36","date_gmt":"2018-08-23T12:53:36","guid":{"rendered":"http:\/\/globalnavy.net\/reservoirs\/"},"modified":"2018-11-08T11:52:20","modified_gmt":"2018-11-08T11:52:20","slug":"reservoirs","status":"publish","type":"page","link":"https:\/\/globalnavy.net\/fr\/reservoirs\/","title":{"rendered":"R\u00e9servoirs"},"content":{"rendered":"\t\t<div data-elementor-type=\"wp-post\" data-elementor-id=\"988\" class=\"elementor elementor-988 elementor-325 elementor-bc-flex-widget\">\n\t\t\t\t\t\t<div class=\"elementor-inner\">\n\t\t\t\t<div class=\"elementor-section-wrap\">\n\t\t\t\t\t\t\t\t\t<section class=\"elementor-section elementor-top-section elementor-element elementor-element-3183e58 elementor-section-boxed elementor-section-height-default elementor-section-height-default\" data-id=\"3183e58\" data-element_type=\"section\">\n\t\t\t\t\t\t<div class=\"elementor-container elementor-column-gap-default\">\n\t\t\t\t\t\t\t<div class=\"elementor-row\">\n\t\t\t\t\t<div class=\"elementor-column elementor-col-100 elementor-top-column elementor-element elementor-element-5633080\" data-id=\"5633080\" data-element_type=\"column\">\n\t\t\t<div class=\"elementor-column-wrap elementor-element-populated\">\n\t\t\t\t\t\t\t<div class=\"elementor-widget-wrap\">\n\t\t\t\t\t\t<div class=\"elementor-element elementor-element-f85cd3a elementor-widget elementor-widget-image\" data-id=\"f85cd3a\" data-element_type=\"widget\" data-widget_type=\"image.default\">\n\t\t\t\t<div class=\"elementor-widget-container\">\n\t\t\t\t\t\t\t\t<div class=\"elementor-image\">\n\t\t\t\t\t\t\t\t\t\t\t\t<img width=\"725\" height=\"150\" src=\"https:\/\/globalnavy.net\/wp-content\/uploads\/2018\/09\/tanks_scaled_v2.jpg\" class=\"attachment-full size-full wp-image-1998\" alt=\"\" loading=\"lazy\" srcset=\"https:\/\/globalnavy.net\/wp-content\/uploads\/2018\/09\/tanks_scaled_v2.jpg 725w, https:\/\/globalnavy.net\/wp-content\/uploads\/2018\/09\/tanks_scaled_v2-300x62.jpg 300w\" sizes=\"(max-width: 725px) 100vw, 725px\" \/>\t\t\t\t\t\t\t\t\t\t\t\t\t\t<\/div>\n\t\t\t\t\t\t<\/div>\n\t\t\t\t<\/div>\n\t\t\t\t\t\t<\/div>\n\t\t\t\t\t<\/div>\n\t\t<\/div>\n\t\t\t\t\t\t\t\t<\/div>\n\t\t\t\t\t<\/div>\n\t\t<\/section>\n\t\t\t\t<section class=\"elementor-section elementor-top-section elementor-element elementor-element-bd765d1 elementor-section-boxed elementor-section-height-default elementor-section-height-default\" data-id=\"bd765d1\" data-element_type=\"section\">\n\t\t\t\t\t\t<div class=\"elementor-container elementor-column-gap-default\">\n\t\t\t\t\t\t\t<div class=\"elementor-row\">\n\t\t\t\t\t<div class=\"elementor-column elementor-col-100 elementor-top-column elementor-element elementor-element-6eee35c\" data-id=\"6eee35c\" data-element_type=\"column\">\n\t\t\t<div class=\"elementor-column-wrap elementor-element-populated\">\n\t\t\t\t\t\t\t<div class=\"elementor-widget-wrap\">\n\t\t\t\t\t\t<div class=\"elementor-element elementor-element-9ab4363 elementor-widget elementor-widget-text-editor\" data-id=\"9ab4363\" data-element_type=\"widget\" data-widget_type=\"text-editor.default\">\n\t\t\t\t<div class=\"elementor-widget-container\">\n\t\t\t\t\t\t\t\t<div class=\"elementor-text-editor elementor-clearfix\">\n\t\t\t\t<div class=\"justifiedtext\"><p>Une structure de r\u00e9servoir de navire, selon sa proposition, est soumise \u00e0 des environnements corrosifs \u00e9lev\u00e9s, \u00e0 des contraintes m\u00e9caniques, \u00e0 une abrasion et\/ou \u00e0 une attaque chimique.<\/p><p>Globalnavy offre un large \u00e9ventail de rev\u00eatements anticorrosifs marins et offshore haute performance.<br \/>Nos appr\u00eats \u00e9poxy ont une technologie unique gr\u00e2ce \u00e0 leur technologie inhibitrice, tol\u00e9rante \u00e0 la surface, sans solvant et de conversation. La combinaison de la technologie de conversion sans restrictions de point de ros\u00e9e permet d&rsquo;\u00eatre un produit unique sur les rev\u00eatements marins utilisant une pr\u00e9paration de surface hydro ou humide. Outre ces propri\u00e9t\u00e9s uniques, la version <a href=\"http:\/\/globalnavy.net\/fr\/gn101ep\/\">Globaldur GN101EP<\/a> durcit \u00e0 des temp\u00e9ratures extr\u00eamement basses (jusqu&rsquo;\u00e0 -10 \u00b0 C), avec des performances \u00e9lev\u00e9es m\u00eame dans un environnement de condensation continue.<\/p><\/div>\t\t\t\t\t<\/div>\n\t\t\t\t\t\t<\/div>\n\t\t\t\t<\/div>\n\t\t\t\t\t\t<\/div>\n\t\t\t\t\t<\/div>\n\t\t<\/div>\n\t\t\t\t\t\t\t\t<\/div>\n\t\t\t\t\t<\/div>\n\t\t<\/section>\n\t\t\t\t<section class=\"elementor-section elementor-top-section elementor-element elementor-element-db0c1b2 elementor-section-boxed elementor-section-height-default elementor-section-height-default\" data-id=\"db0c1b2\" data-element_type=\"section\">\n\t\t\t\t\t\t<div class=\"elementor-container elementor-column-gap-default\">\n\t\t\t\t\t\t\t<div class=\"elementor-row\">\n\t\t\t\t\t<div class=\"elementor-column elementor-col-100 elementor-top-column elementor-element elementor-element-56b2dd5\" data-id=\"56b2dd5\" data-element_type=\"column\">\n\t\t\t<div class=\"elementor-column-wrap elementor-element-populated\">\n\t\t\t\t\t\t\t<div class=\"elementor-widget-wrap\">\n\t\t\t\t\t\t<div class=\"elementor-element elementor-element-8909b35 elementor-position-left elementor-view-default elementor-mobile-position-top elementor-vertical-align-top elementor-widget elementor-widget-icon-box\" data-id=\"8909b35\" data-element_type=\"widget\" data-widget_type=\"icon-box.default\">\n\t\t\t\t<div class=\"elementor-widget-container\">\n\t\t\t\t\t<div class=\"elementor-icon-box-wrapper\">\n\t\t\t\t\t\t<div class=\"elementor-icon-box-icon\">\n\t\t\t\t<a class=\"elementor-icon elementor-animation-\" href=\"http:\/\/globalnavy.net\/fr\/ballast-tank\/\">\n\t\t\t\t<i class=\"fa fa-check-circle\" aria-hidden=\"true\"><\/i>\t\t\t\t<\/a>\n\t\t\t<\/div>\n\t\t\t\t\t\t<div class=\"elementor-icon-box-content\">\n\t\t\t\t<h2 class=\"elementor-icon-box-title\">\n\t\t\t\t\t<a href=\"http:\/\/globalnavy.net\/fr\/ballast-tank\/\" >\n\t\t\t\t\t\tBallast Tank\t\t\t\t\t<\/a>\n\t\t\t\t<\/h2>\n\t\t\t\t\t\t\t<\/div>\n\t\t<\/div>\n\t\t\t\t<\/div>\n\t\t\t\t<\/div>\n\t\t\t\t\t\t<\/div>\n\t\t\t\t\t<\/div>\n\t\t<\/div>\n\t\t\t\t\t\t\t\t<\/div>\n\t\t\t\t\t<\/div>\n\t\t<\/section>\n\t\t\t\t<section class=\"elementor-section elementor-top-section elementor-element elementor-element-fbce8c4 elementor-section-boxed elementor-section-height-default elementor-section-height-default\" data-id=\"fbce8c4\" data-element_type=\"section\">\n\t\t\t\t\t\t<div class=\"elementor-container elementor-column-gap-default\">\n\t\t\t\t\t\t\t<div class=\"elementor-row\">\n\t\t\t\t\t<div class=\"elementor-column elementor-col-100 elementor-top-column elementor-element elementor-element-a53351c\" data-id=\"a53351c\" data-element_type=\"column\">\n\t\t\t<div class=\"elementor-column-wrap elementor-element-populated\">\n\t\t\t\t\t\t\t<div class=\"elementor-widget-wrap\">\n\t\t\t\t\t\t<div class=\"elementor-element elementor-element-700ee86 elementor-position-left elementor-view-default elementor-mobile-position-top elementor-vertical-align-top elementor-widget elementor-widget-icon-box\" data-id=\"700ee86\" data-element_type=\"widget\" data-widget_type=\"icon-box.default\">\n\t\t\t\t<div class=\"elementor-widget-container\">\n\t\t\t\t\t<div class=\"elementor-icon-box-wrapper\">\n\t\t\t\t\t\t<div class=\"elementor-icon-box-icon\">\n\t\t\t\t<a class=\"elementor-icon elementor-animation-\" href=\"http:\/\/globalnavy.net\/fr\/cargaisons-et-reservoirs-de-cargaison-sur-les-navires\/\">\n\t\t\t\t<i class=\"fa fa-check-circle\" aria-hidden=\"true\"><\/i>\t\t\t\t<\/a>\n\t\t\t<\/div>\n\t\t\t\t\t\t<div class=\"elementor-icon-box-content\">\n\t\t\t\t<h2 class=\"elementor-icon-box-title\">\n\t\t\t\t\t<a href=\"http:\/\/globalnavy.net\/fr\/cargaisons-et-reservoirs-de-cargaison-sur-les-navires\/\" >\n\t\t\t\t\t\tCargaisons et Citernes \u00e0 Cargaison\t\t\t\t\t<\/a>\n\t\t\t\t<\/h2>\n\t\t\t\t\t\t\t<\/div>\n\t\t<\/div>\n\t\t\t\t<\/div>\n\t\t\t\t<\/div>\n\t\t\t\t\t\t<\/div>\n\t\t\t\t\t<\/div>\n\t\t<\/div>\n\t\t\t\t\t\t\t\t<\/div>\n\t\t\t\t\t<\/div>\n\t\t<\/section>\n\t\t\t\t\t\t\t\t\t<\/div>\n\t\t\t<\/div>\n\t\t\t\t\t<\/div>\n\t\t","protected":false},"excerpt":{"rendered":"<p>Une structure de r\u00e9servoir de navire, selon sa proposition, est soumise \u00e0 des environnements corrosifs \u00e9lev\u00e9s, \u00e0 des contraintes m\u00e9caniques, \u00e0 une abrasion et\/ou \u00e0 une attaque chimique. Globalnavy offre un large \u00e9ventail de rev\u00eatements anticorrosifs marins et offshore haute performance.Nos appr\u00eats \u00e9poxy ont une technologie unique gr\u00e2ce \u00e0 leur technologie inhibitrice, tol\u00e9rante \u00e0 la &#8230; <a title=\"R\u00e9servoirs\" class=\"read-more\" href=\"https:\/\/globalnavy.net\/fr\/reservoirs\/\" aria-label=\"En savoir plus sur R\u00e9servoirs\">Lire la suite<\/a><\/p>\n","protected":false},"author":1,"featured_media":0,"parent":0,"menu_order":0,"comment_status":"closed","ping_status":"closed","template":"","meta":{"_mi_skip_tracking":false,"_exactmetrics_sitenote_active":false,"_exactmetrics_sitenote_note":"","_exactmetrics_sitenote_category":0},"_links":{"self":[{"href":"https:\/\/globalnavy.net\/fr\/wp-json\/wp\/v2\/pages\/988"}],"collection":[{"href":"https:\/\/globalnavy.net\/fr\/wp-json\/wp\/v2\/pages"}],"about":[{"href":"https:\/\/globalnavy.net\/fr\/wp-json\/wp\/v2\/types\/page"}],"author":[{"embeddable":true,"href":"https:\/\/globalnavy.net\/fr\/wp-json\/wp\/v2\/users\/1"}],"replies":[{"embeddable":true,"href":"https:\/\/globalnavy.net\/fr\/wp-json\/wp\/v2\/comments?post=988"}],"version-history":[{"count":4,"href":"https:\/\/globalnavy.net\/fr\/wp-json\/wp\/v2\/pages\/988\/revisions"}],"predecessor-version":[{"id":2921,"href":"https:\/\/globalnavy.net\/fr\/wp-json\/wp\/v2\/pages\/988\/revisions\/2921"}],"wp:attachment":[{"href":"https:\/\/globalnavy.net\/fr\/wp-json\/wp\/v2\/media?parent=988"}],"curies":[{"name":"wp","href":"https:\/\/api.w.org\/{rel}","templated":true}]}}